{"id":76463,"date":"2025-05-15T09:01:14","date_gmt":"2021-07-15T07:11:15","guid":{"rendered":"https:\/\/piradosbrand.com\/?post_type=product&#038;p=76463"},"modified":"2026-02-13T17:18:25","modified_gmt":"2026-02-13T15:18:25","slug":"new-style-t-sark-no-face-no-case2-valge","status":"publish","type":"product","link":"https:\/\/piradosbrand.com\/et\/toode\/new-style-t-sark-no-face-no-case2-valge\/","title":{"rendered":"UUS! NEW STYLE T-S\u00c4RK &#8220;NO FACE NO CASE 2.0&#8221; Valge"},"content":{"rendered":"","protected":false},"excerpt":{"rendered":"<p data-start=\"98\" data-end=\"271\">\u201cNo Face No Case 2.0\u201d on puhta l\u00f5ike ja tugeva s\u00f5numiga T-s\u00e4rk igap\u00e4evaseks kandmiseks. Mugav, elastne ja vormi hoidev kangas sobib nii t\u00e4navale, trenni kui ka vabasse aega.<\/p>\n<p data-start=\"273\" data-end=\"297\">Kerge. Julge. M\u00e4rgatav.<\/p>\n<p data-start=\"299\" data-end=\"411\">Toode on esinduspoe laos olemas ja valmis saatmiseks.<br data-start=\"352\" data-end=\"355\" \/>Paneme tellimuse teele maksimaalselt 2 t\u00f6\u00f6p\u00e4eva jooksul.<\/p>\n<p data-start=\"413\" data-end=\"511\">Planeedile on toodetud ainult 1000 tk. Kui sinu suurus on otsas, siis oled sellest tootest ilma.<\/p>\n<p data-start=\"513\" data-end=\"589\" data-is-last-node=\"\" data-is-only-node=\"\">Quality: 92% kammitud puuvill \/ 8% elastaan<br data-start=\"556\" data-end=\"559\" \/>Kaal: 170 g\/m\u00b2<br data-start=\"573\" data-end=\"576\" \/>Single jersey<\/p>\n","protected":false},"featured_media":134766,"template":"","meta":[],"product_brand":[],"product_cat":[71,78,74,76,81,287],"product_tag":[1283,1280,1282,1281,1278,1277,97,1284,1534,1279],"class_list":{"0":"post-76463","1":"product","2":"type-product","3":"status-publish","4":"has-post-thumbnail","6":"product_cat-koik-tooted","7":"product_cat-mehed","8":"product_cat-naised","9":"product_cat-sargid-maikad","10":"product_cat-sargid-polod-maikad","11":"product_cat-new-products","12":"product_tag-hip-hop-tee-et","13":"product_tag-logo-t-sark-et","14":"product_tag-must-t-sark-et","15":"product_tag-oversized-t-shirt-et","16":"product_tag-streetwear-t-sark-et","17":"product_tag-t-sark-et","18":"product_tag-t-shirt-et","19":"product_tag-tattoo-shirt-et","20":"product_tag-tee-et","21":"product_tag-urban-style-tee-et","23":"first","24":"instock","25":"taxable","26":"shipping-taxable","27":"purchasable","28":"product-type-variable"},"_links":{"self":[{"href":"https:\/\/piradosbrand.com\/et\/wp-json\/wp\/v2\/product\/76463","targetHints":{"allow":["GET"]}}],"collection":[{"href":"https:\/\/piradosbrand.com\/et\/wp-json\/wp\/v2\/product"}],"about":[{"href":"https:\/\/piradosbrand.com\/et\/wp-json\/wp\/v2\/types\/product"}],"wp:featuredmedia":[{"embeddable":true,"href":"https:\/\/piradosbrand.com\/et\/wp-json\/wp\/v2\/media\/134766"}],"wp:attachment":[{"href":"https:\/\/piradosbrand.com\/et\/wp-json\/wp\/v2\/media?parent=76463"}],"wp:term":[{"taxonomy":"product_brand","embeddable":true,"href":"https:\/\/piradosbrand.com\/et\/wp-json\/wp\/v2\/product_brand?post=76463"},{"taxonomy":"product_cat","embeddable":true,"href":"https:\/\/piradosbrand.com\/et\/wp-json\/wp\/v2\/product_cat?post=76463"},{"taxonomy":"product_tag","embeddable":true,"href":"https:\/\/piradosbrand.com\/et\/wp-json\/wp\/v2\/product_tag?post=76463"}],"curies":[{"name":"wp","href":"https:\/\/api.w.org\/{rel}","templated":true}]}}