{"id":77291,"date":"2023-12-10T14:05:05","date_gmt":"2021-07-17T08:06:06","guid":{"rendered":"https:\/\/piradosbrand.com\/?post_type=product&#038;p=77291"},"modified":"2026-02-16T20:15:06","modified_gmt":"2026-02-16T18:15:06","slug":"naiste-hot-pants-pirados-tm-must-kuldne","status":"publish","type":"product","link":"https:\/\/piradosbrand.com\/et\/toode\/naiste-hot-pants-pirados-tm-must-kuldne\/","title":{"rendered":"Naiste Hot Pants &#8220;Pirados TM&#8221; Must \/ Kuldne"},"content":{"rendered":"","protected":false},"excerpt":{"rendered":"<p data-start=\"855\" data-end=\"963\">Puhas l\u00f5ige. Enesekindel istuvus. Loodud r\u00f5hutama vormi, s\u00e4ilitades samal ajal mugavuse ja liikumisvabaduse.<\/p>\n<p data-start=\"965\" data-end=\"1121\">Valmistatud kvaliteetsest French terry kangast, millele on lisatud elastaani parema venivuse jaoks. Pealispind sile, sisek\u00fclg silmustega niiskuse imamiseks.<\/p>\n<p data-start=\"1123\" data-end=\"1215\">Tooted on esinduspoe laos ja valmis saatmiseks.<br data-start=\"1170\" data-end=\"1173\" \/>Paneme tellimuse teele 2 t\u00f6\u00f6p\u00e4eva jooksul.<\/p>\n<p data-start=\"1217\" data-end=\"1338\">Planeedile toodetud t\u00e4pselt 300 tk.<br data-start=\"1252\" data-end=\"1255\" \/>Juurde ei toodeta. Teist v\u00f5imalust ei tule.<br data-start=\"1298\" data-end=\"1301\" \/>Kui suurus on otsas, siis ongi otsas.<\/p>\n<p data-start=\"1340\" data-end=\"1414\">Must: 95% kammitud puuvill \/ 5% elastaan<br data-start=\"1380\" data-end=\"1383\" \/>Kaal: 270 g\/m\u00b2<br data-start=\"1397\" data-end=\"1400\" \/>French terry<\/p>\n<p data-start=\"1416\" data-end=\"1443\">PALUN TUTVU SUURUSTABELIGA.<\/p>\n<p><img loading=\"lazy\" decoding=\"async\" class=\"alignnone size-full wp-image-105304\" src=\"https:\/\/piradosbrand.com\/wp-content\/uploads\/2021\/07\/000791_Hot_Pants.png\" alt=\"\" width=\"908\" height=\"188\" srcset=\"https:\/\/piradosbrand.com\/wp-content\/uploads\/2021\/07\/000791_Hot_Pants.png 908w, https:\/\/piradosbrand.com\/wp-content\/uploads\/2021\/07\/000791_Hot_Pants-300x62.png 300w, https:\/\/piradosbrand.com\/wp-content\/uploads\/2021\/07\/000791_Hot_Pants-768x159.png 768w, https:\/\/piradosbrand.com\/wp-content\/uploads\/2021\/07\/000791_Hot_Pants-480x99.png 480w\" sizes=\"auto, (max-width: 908px) 100vw, 908px\" \/><\/p>\n","protected":false},"featured_media":134787,"template":"","meta":[],"product_brand":[],"product_cat":[71,74,77,246],"product_tag":[617,578,89,92,535],"class_list":{"0":"post-77291","1":"product","2":"type-product","3":"status-publish","4":"has-post-thumbnail","6":"product_cat-koik-tooted","7":"product_cat-naised","8":"product_cat-puksid","9":"product_cat-soodus","10":"product_tag-hot-pants-et","11":"product_tag-joggers-et","12":"product_tag-long-pants-et","13":"product_tag-shorts-et","14":"product_tag-sweatpants-et","16":"first","17":"instock","18":"taxable","19":"shipping-taxable","20":"purchasable","21":"product-type-variable"},"_links":{"self":[{"href":"https:\/\/piradosbrand.com\/et\/wp-json\/wp\/v2\/product\/77291","targetHints":{"allow":["GET"]}}],"collection":[{"href":"https:\/\/piradosbrand.com\/et\/wp-json\/wp\/v2\/product"}],"about":[{"href":"https:\/\/piradosbrand.com\/et\/wp-json\/wp\/v2\/types\/product"}],"wp:featuredmedia":[{"embeddable":true,"href":"https:\/\/piradosbrand.com\/et\/wp-json\/wp\/v2\/media\/134787"}],"wp:attachment":[{"href":"https:\/\/piradosbrand.com\/et\/wp-json\/wp\/v2\/media?parent=77291"}],"wp:term":[{"taxonomy":"product_brand","embeddable":true,"href":"https:\/\/piradosbrand.com\/et\/wp-json\/wp\/v2\/product_brand?post=77291"},{"taxonomy":"product_cat","embeddable":true,"href":"https:\/\/piradosbrand.com\/et\/wp-json\/wp\/v2\/product_cat?post=77291"},{"taxonomy":"product_tag","embeddable":true,"href":"https:\/\/piradosbrand.com\/et\/wp-json\/wp\/v2\/product_tag?post=77291"}],"curies":[{"name":"wp","href":"https:\/\/api.w.org\/{rel}","templated":true}]}}