{"id":5891,"date":"2016-07-23T22:36:46","date_gmt":"2016-07-23T19:36:46","guid":{"rendered":"http:\/\/piradosbrand.com\/fi\/contact\/"},"modified":"2026-04-15T12:31:20","modified_gmt":"2026-04-15T09:31:20","slug":"contact-2-2","status":"publish","type":"page","link":"https:\/\/piradosbrand.com\/fi\/contact-2-2\/","title":{"rendered":"Yhteystiedot"},"content":{"rendered":"<div class=\"wpb-content-wrapper\"><p>[vc_row type=&#8221;boxed&#8221; css=&#8221;.vc_custom_1499857324347{background-position: center !important;background-repeat: no-repeat !important;background-size: cover !important;}&#8221;][vc_column][vc_column_text]<\/p>\n<div style=\"text-align: center;\">\n<p>Suoraan Tallinnan kaduilta! Paikalliset asiantuntijamme yhdistiv\u00e4t vaatteet, tatuointi taiteen, graffitit, musiikin ja kamppailu urheilun yhdeksi br\u00e4ndiksi. Vuonna 2009 perustettu br\u00e4ndimme on t\u00e4\u00e4ll\u00e4 j\u00e4\u00e4d\u00e4kseen.<\/p><\/div>\n<div>\n<div style=\"text-align: center;\"><\/div>\n<\/div>\n<p>[\/vc_column_text][vc_column_text]<\/p>\n<div><\/div>\n<div>\n<p style=\"text-align: center;\"><b>Pirados\u00ae KAIKKI OIKEUDET PIDET\u00c4\u00c4N<\/b><\/p>\n<\/div>\n<p>[\/vc_column_text][\/vc_column][\/vc_row][vc_row type=&#8221;boxed&#8221; css=&#8221;.vc_custom_1499857324347{background-position: center !important;background-repeat: no-repeat !important;background-size: cover !important;}&#8221;][vc_column][vc_separator border_width=&#8221;2&#8243;][\/vc_column][\/vc_row][vc_row type=&#8221;boxed&#8221; css=&#8221;.vc_custom_1499857324347{background-position: center !important;background-repeat: no-repeat !important;background-size: cover !important;}&#8221;][vc_column][vc_column_text css=&#8221;&#8221;]<\/p>\n<p style=\"text-align: center;\"><b>VERKKOSIVU &amp; VERKKOKAUPPA PIRADOSBRAND.COM<\/b><br \/>\nYritys: Leet Grupp O\u00dc<br \/>\nAsiakaspalvelu:<br \/>\n* Puh: +372&nbsp;53569308<br \/>\n* E-mail: shop@piradosbrand.com<\/p>\n<p>[\/vc_column_text][\/vc_column][\/vc_row][vc_row type=&#8221;boxed&#8221; css=&#8221;.vc_custom_1499857324347{background-position: center !important;background-repeat: no-repeat !important;background-size: cover !important;}&#8221;][vc_column][vc_separator border_width=&#8221;2&#8243;][\/vc_column][\/vc_row][vc_row type=&#8221;boxed&#8221; css=&#8221;.vc_custom_1499857324347{background-position: center !important;background-repeat: no-repeat !important;background-size: cover !important;}&#8221;][vc_column width=&#8221;1\/2&#8243;][vc_video link=&#8221;https:\/\/www.youtube.com\/watch?v=uSY0U3A8S18&#8243; el_width=&#8221;70&#8243; align=&#8221;right&#8221; css=&#8221;.vc_custom_1573746667618{margin-top: -30px !important;}&#8221;][\/vc_column][vc_column width=&#8221;1\/2&#8243;][vc_column_text css=&#8221;&#8221;]<b>PIRADOS BRAND @ TALLINN | VIRO<\/b><br \/>\nYritys: Leet Grupp O\u00dc<br \/>\nOsoite: Rohu 13, Tallinn, Estonia<br \/>\nPuh: +372 53569308<br \/>\nE-mail: shop@piradosbrand.com<br \/>\nFACEBOOK: <a href=\"http:\/\/www.facebook.com\/piradosbrand\/\">www.facebook.com\/piradosbrand<\/a>[\/vc_column_text][\/vc_column][\/vc_row][vc_row type=&#8221;boxed&#8221; css=&#8221;.vc_custom_1499857324347{background-position: center !important;background-repeat: no-repeat !important;background-size: cover !important;}&#8221;][vc_column][vc_separator border_width=&#8221;2&#8243;][\/vc_column][\/vc_row][vc_row type=&#8221;boxed&#8221; css=&#8221;.vc_custom_1499857324347{background-position: center !important;background-repeat: no-repeat !important;background-size: cover !important;}&#8221;][vc_column width=&#8221;1\/2&#8243;][vc_single_image image=&#8221;15079&#8243; img_size=&#8221;450&#215;300&#8243; alignment=&#8221;right&#8221;][\/vc_column][vc_column width=&#8221;1\/2&#8243;][vc_column_text css=&#8221;&#8221;]<b>PIRADOS TATTOO &amp; ART STUDIO<\/b><br \/>\nYritys: Pirados O\u00dc<br \/>\nOsoite: Telliskivi 38, Tallinn, Estonia<br \/>\nOlemme avoinna: Ma-Pe 10-18 &amp; La 12-17.<br \/>\nPuh: +372 56842500<br \/>\nE-mail: studio@piradosbrand.com<br \/>\nFACEBOOK: <a href=\"http:\/\/www.facebook.com\/piradostattoo\/\">www.facebook.com\/piradostattoo<\/a>[\/vc_column_text][\/vc_column][\/vc_row]<\/p>\n<\/div>","protected":false},"excerpt":{"rendered":"<p>[vc_row type=&#8221;boxed&#8221; css=&#8221;.vc_custom_1499857324347{background-position: center !important;background-repeat: no-repeat !important;background-size: cover !important;}&#8221;][vc_column][vc_column_text] Suoraan Tallinnan kaduilta! Paikalliset asiantuntijamme yhdistiv\u00e4t vaatteet, tatuointi taiteen, graffitit, musiikin ja kamppailu urheilun yhdeksi br\u00e4ndiksi. Vuonna 2009 perustettu br\u00e4ndimme on t\u00e4\u00e4ll\u00e4 j\u00e4\u00e4d\u00e4kseen. [\/vc_column_text][vc_column_text] Pirados\u00ae KAIKKI OIKEUDET PIDET\u00c4\u00c4N [\/vc_column_text][\/vc_column][\/vc_row][vc_row type=&#8221;boxed&#8221; css=&#8221;.vc_custom_1499857324347{background-position: center !important;background-repeat: no-repeat !important;background-size: cover !important;}&#8221;][vc_column][vc_separator border_width=&#8221;2&#8243;][\/vc_column][\/vc_row][vc_row type=&#8221;boxed&#8221; css=&#8221;.vc_custom_1499857324347{background-position: center !important;background-repeat: no-repeat !important;background-size: cover !important;}&#8221;][vc_column][vc_column_text [&hellip;]<\/p>\n","protected":false},"author":1,"featured_media":0,"parent":0,"menu_order":0,"comment_status":"closed","ping_status":"closed","template":"","meta":{"footnotes":""},"class_list":["post-5891","page","type-page","status-publish","hentry"],"_links":{"self":[{"href":"https:\/\/piradosbrand.com\/fi\/wp-json\/wp\/v2\/pages\/5891","targetHints":{"allow":["GET"]}}],"collection":[{"href":"https:\/\/piradosbrand.com\/fi\/wp-json\/wp\/v2\/pages"}],"about":[{"href":"https:\/\/piradosbrand.com\/fi\/wp-json\/wp\/v2\/types\/page"}],"author":[{"embeddable":true,"href":"https:\/\/piradosbrand.com\/fi\/wp-json\/wp\/v2\/users\/1"}],"replies":[{"embeddable":true,"href":"https:\/\/piradosbrand.com\/fi\/wp-json\/wp\/v2\/comments?post=5891"}],"version-history":[{"count":25,"href":"https:\/\/piradosbrand.com\/fi\/wp-json\/wp\/v2\/pages\/5891\/revisions"}],"predecessor-version":[{"id":140380,"href":"https:\/\/piradosbrand.com\/fi\/wp-json\/wp\/v2\/pages\/5891\/revisions\/140380"}],"wp:attachment":[{"href":"https:\/\/piradosbrand.com\/fi\/wp-json\/wp\/v2\/media?parent=5891"}],"curies":[{"name":"wp","href":"https:\/\/api.w.org\/{rel}","templated":true}]}}