{"id":5898,"date":"2016-08-26T23:19:57","date_gmt":"2016-08-26T20:19:57","guid":{"rendered":"http:\/\/piradosbrand.com\/fi\/delivery\/"},"modified":"2025-04-13T22:38:32","modified_gmt":"2025-04-13T19:38:32","slug":"delivery","status":"publish","type":"page","link":"https:\/\/piradosbrand.com\/fi\/delivery\/","title":{"rendered":"Toimitus"},"content":{"rendered":"<div class=\"wpb-content-wrapper\"><p>[vc_row][vc_column][vc_custom_heading text=&#8221;Kyll\u00e4, me toimitamme mailmanlaajuisesti! Klikkaa aluetta n\u00e4hd\u00e4ksesi toimitusajan arvion saamiseksi.&#8221; font_container=&#8221;tag:p|text_align:center&#8221; google_fonts=&#8221;font_family:Open%20Sans%3A300%2C300italic%2Cregular%2Citalic%2C600%2C600italic%2C700%2C700italic%2C800%2C800italic|font_style:400%20regular%3A400%3Anormal&#8221;][\/vc_column][\/vc_row][vc_row][vc_column][vc_tta_tabs style=&#8221;modern&#8221; color=&#8221;black&#8221; spacing=&#8221;3&#8243; gap=&#8221;3&#8243; alignment=&#8221;center&#8221; active_section=&#8221;1&#8243;][vc_tta_section title=&#8221;VIRO&#8221; tab_id=&#8221;delivery-estonia&#8221;][vc_column_text]<strong>Toimitustapa: Omniva Parcel Machine tai Smartpost\/Itella Parcel Machine<\/strong><\/p>\n<p>Toimitusaika: yleens\u00e4 1-3 ty\u00f6p\u00e4iv\u00e4\u00e4.<\/p>\n<p>Kustannukset: 3\u20ac<\/p>\n<p>Ilmainen toimitus yli 99\u20ac:n tilauksissa.[\/vc_column_text][\/vc_tta_section][vc_tta_section title=&#8221;SUOMI&#8221; tab_id=&#8221;delivery-finland&#8221;][vc_column_text]<strong>Toimitustapa: Smartpost\/Itella Parcel Machine<\/strong><\/p>\n<p>Toimitusaika: yleens\u00e4 3-4 ty\u00f6p\u00e4iv\u00e4\u00e4<\/p>\n<p>Kustannukset: 10\u20ac<\/p>\n<p>Ilmainen toimitus yli 99\u20ac:n tilauksissa.[\/vc_column_text][\/vc_tta_section][vc_tta_section title=&#8221;LATVIA &amp; LIETTUA&#8221; tab_id=&#8221;delivery-latvlith&#8221;][vc_column_text]<strong>Toimitustapa: Omniva\u00a0Parcel Machine<\/strong><\/p>\n<p>Toimitusaika: yleens\u00e4 3-4 ty\u00f6p\u00e4iv\u00e4\u00e4<\/p>\n<p>Kustannukset: 10\u20ac<\/p>\n<p>Ilmainen toimitus yli 99\u20ac:n tilauksissa.[\/vc_column_text][\/vc_tta_section][vc_tta_section title=&#8221;REST OF WORLD&#8221; tab_id=&#8221;delivery-restofworld&#8221;][vc_column_text]<strong>Toimitustapa:\u00a0Tracked Standard Shipping (Omniva)<\/strong><\/p>\n<p>Toimitusaika<br \/>\nEurooppa: yleens\u00e4 5 ty\u00f6p\u00e4iv\u00e4\u00e4<br \/>\nRest of World:\u00a0yleens\u00e4 10 ty\u00f6p\u00e4iv\u00e4\u00e4<\/p>\n<p>Kustannukset: 15\u20ac<\/p>\n<p>Ilmainen toimitus yli 99\u20ac:n tilauksissa.<\/p>\n<p>Some countries outside of Europe may be subject to additional custom &amp; import fees.[\/vc_column_text][\/vc_tta_section][\/vc_tta_tabs][\/vc_column][\/vc_row]<\/p>\n<\/div>","protected":false},"excerpt":{"rendered":"<p>[vc_row][vc_column][vc_custom_heading text=&#8221;Kyll\u00e4, me toimitamme mailmanlaajuisesti! Klikkaa aluetta n\u00e4hd\u00e4ksesi toimitusajan arvion saamiseksi.&#8221; font_container=&#8221;tag:p|text_align:center&#8221; google_fonts=&#8221;font_family:Open%20Sans%3A300%2C300italic%2Cregular%2Citalic%2C600%2C600italic%2C700%2C700italic%2C800%2C800italic|font_style:400%20regular%3A400%3Anormal&#8221;][\/vc_column][\/vc_row][vc_row][vc_column][vc_tta_tabs style=&#8221;modern&#8221; color=&#8221;black&#8221; spacing=&#8221;3&#8243; gap=&#8221;3&#8243; alignment=&#8221;center&#8221; active_section=&#8221;1&#8243;][vc_tta_section title=&#8221;VIRO&#8221; tab_id=&#8221;delivery-estonia&#8221;][vc_column_text]Toimitustapa: Omniva Parcel Machine tai Smartpost\/Itella Parcel Machine Toimitusaika: yleens\u00e4 1-3 ty\u00f6p\u00e4iv\u00e4\u00e4. Kustannukset: 3\u20ac Ilmainen toimitus yli 99\u20ac:n tilauksissa.[\/vc_column_text][\/vc_tta_section][vc_tta_section title=&#8221;SUOMI&#8221; tab_id=&#8221;delivery-finland&#8221;][vc_column_text]Toimitustapa: Smartpost\/Itella Parcel Machine Toimitusaika: yleens\u00e4 3-4 ty\u00f6p\u00e4iv\u00e4\u00e4 Kustannukset: 10\u20ac Ilmainen toimitus yli 99\u20ac:n tilauksissa.[\/vc_column_text][\/vc_tta_section][vc_tta_section [&hellip;]<\/p>\n","protected":false},"author":1,"featured_media":0,"parent":0,"menu_order":0,"comment_status":"closed","ping_status":"closed","template":"","meta":{"footnotes":""},"class_list":["post-5898","page","type-page","status-publish","hentry"],"_links":{"self":[{"href":"https:\/\/piradosbrand.com\/fi\/wp-json\/wp\/v2\/pages\/5898","targetHints":{"allow":["GET"]}}],"collection":[{"href":"https:\/\/piradosbrand.com\/fi\/wp-json\/wp\/v2\/pages"}],"about":[{"href":"https:\/\/piradosbrand.com\/fi\/wp-json\/wp\/v2\/types\/page"}],"author":[{"embeddable":true,"href":"https:\/\/piradosbrand.com\/fi\/wp-json\/wp\/v2\/users\/1"}],"replies":[{"embeddable":true,"href":"https:\/\/piradosbrand.com\/fi\/wp-json\/wp\/v2\/comments?post=5898"}],"version-history":[{"count":7,"href":"https:\/\/piradosbrand.com\/fi\/wp-json\/wp\/v2\/pages\/5898\/revisions"}],"predecessor-version":[{"id":123825,"href":"https:\/\/piradosbrand.com\/fi\/wp-json\/wp\/v2\/pages\/5898\/revisions\/123825"}],"wp:attachment":[{"href":"https:\/\/piradosbrand.com\/fi\/wp-json\/wp\/v2\/media?parent=5898"}],"curies":[{"name":"wp","href":"https:\/\/api.w.org\/{rel}","templated":true}]}}