{"id":6673,"date":"2016-07-25T19:54:54","date_gmt":"2016-07-25T16:54:54","guid":{"rendered":"http:\/\/piradosbrand.com\/fi\/terms\/"},"modified":"2020-09-01T08:48:16","modified_gmt":"2020-09-01T05:48:16","slug":"terms","status":"publish","type":"page","link":"https:\/\/piradosbrand.com\/fi\/terms\/","title":{"rendered":"K\u00e4ytt\u00f6ehdot"},"content":{"rendered":"<div class=\"wpb-content-wrapper\"><p>[vc_row][vc_column][vc_column_text]1. Yleiset ehdot<\/p>\n<p>1.1. Pirados Brand verkkokauppa myy tuotteita, jotka ovat saatavana Leet Grupp O\u00dc: n omistamilla myym\u00e4l\u00f6ill\u00e4.<\/p>\n<p>1.2. N\u00e4m\u00e4 ehdot koskevat asiakkaan ja Leet Grupp O\u00dc: n (myyj\u00e4n yhteisomistuksessa), joka on verkkosivustolla olevan ostoymp\u00e4rist\u00f6n omistajan, v\u00e4list\u00e4 oikeussuhdetta <a href=\"http: \/\/ www. piradosbrand.com \"> www.piradosbrand.com <\/a> (yksinomaan verkkokauppaan) ostettaessa tuotteita verkkokaupasta. N\u00e4iden ehtojen lis\u00e4ksi E-kaupasta tuotteiden ostamisesta johtuvia oikeussuhteita s\u00e4\u00e4telev\u00e4t my\u00f6s Viron tasavallan lait.<\/p>\n<p>1.3. Myyj\u00e4ll\u00e4 on oikeus muuttaa verkkokaupan k\u00e4ytt\u00f6ehtoja ja muuttaa tuotteiden ja palveluiden hintoja. Myyj\u00e4n on ilmoitettava kaikista muutoksista verkkosivustolla http:\/\/www.piradosbrand.com www.piradosbrand.com. Kauppaan sovelletaan ehtoja ja hintoja kaupantekohetkell\u00e4.<\/p>\n<p>1.4. Myyj\u00e4n tiedot:<\/p>\n<p>Leet Grupp O\u00dc<\/p>\n<p>Peterburi tee 2<\/p>\n<p>Tallinna<\/p>\n<p>11415<\/p>\n<p>Reg. Nro: 14559834<\/p>\n<p>Puhelin: +372 53569308<\/p>\n<p>S\u00e4hk\u00f6posti: shop@pirados.eu<\/p>\n<p>2. Hinnat<\/p>\n<p>2.1. Kaikki verkkokaupassa n\u00e4kyv\u00e4t hinnat ovat euroissa.<\/p>\n<p>2.2. Tuotteiden hinnat ja alennukset voivat poiketa valikoimasta, hinnoista ja alennuksista, joita tarjotaan yhti\u00f6n v\u00e4hitt\u00e4iskaupoissa.<\/p>\n<p>3. Tuotteet<\/p>\n<p>3.1. Verkkokaupassa n\u00e4kyv\u00e4t tuotteet ovat p\u00e4\u00e4s\u00e4\u00e4nt\u00f6isesti saatavissa varastossa \/ Myyj\u00e4n myym\u00e4l\u00f6iss\u00e4. Edell\u00e4 mainittujen tuotteiden saatavuutta ei voida taata, koska se voi olla harhaanjohtava mahdollisista teknisist\u00e4 ohjelmisto-ongelmista johtuen.<\/p>\n<p>3.2. Jos asiakas tekee tilauksen, mutta myyj\u00e4ll\u00e4 ei ole tilattua tuotetta varastossa, verkkokauppa ei pysty t\u00e4ytt\u00e4m\u00e4\u00e4n tilausta. T\u00e4llaisissa tapauksissa ostohinnan m\u00e4\u00e4r\u00e4 palautetaan v\u00e4litt\u00f6m\u00e4sti asiakkaalle heti, kun tuotteen saamattomuus on tiedossa.<\/p>\n<p>3.3. Verkkokaupassa n\u00e4kyv\u00e4t Tuotteiden valokuvat ovat havainnollistavia ja saattavat tahattomasti poiketa tuotteiden todellisesta ulkon\u00e4\u00f6st\u00e4.<\/p>\n<p>4. Ostaminen<\/p>\n<p>4.1. Asiakas valitsee halutun tuotteen verkkokaupasta ja lis\u00e4\u00e4 sen ostoskoriin napsauttamalla painiketta Lis\u00e4\u00e4 ostoskoriin.<\/p>\n<p>4.2. Tilauksen tekemist\u00e4 varten Asiakkaan on siirrytt\u00e4v\u00e4 ostoskorisivulle: valitsemalla ostoskorin valikkorivilt\u00e4, napsauta painiketta \u201cOstoskori\u201d, mink\u00e4 j\u00e4lkeen asiakas ohjataan sivulle tilauksen tekemist\u00e4 varten.<\/p>\n<p>4.3. Saatuaan vaaditut tiedot ja tarkistanut annettujen tietojen oikeellisuuden, Asiakkaan on vahvistettava tilauksesi napsauttamalla \u201dVahvista ja maksa\u201d. T\u00e4m\u00e4 toimenpide vahvistaa tilauksen ja tilaus l\u00e4hetet\u00e4\u00e4n myyj\u00e4lle.<\/p>\n<p>4.4. Asiakkaan on v\u00e4litt\u00f6m\u00e4sti maksettava tuotteesta verkkopankkiin linkin kautta ja vahvistettava maksu myyj\u00e4lle napsauttamalla painiketta &#8221;Palaa kauppaan\u201d.<\/p>\n<p>4.5. Kun Tuotteesta on maksettu, verkkokauppa l\u00e4hett\u00e4\u00e4 tilauksen vahvistuksen asiakkaan s\u00e4hk\u00f6postiosoitteeseen.<\/p>\n<p>4.6. Tilauksen yhteydess\u00e4 asiakkaan on sy\u00f6tett\u00e4v\u00e4 tilauksen t\u00e4ytt\u00e4miseen tarvittavat oikeat tiedot.<\/p>\n<p>4.7. Myyj\u00e4 ei ole vastuussa tilauksen t\u00e4ytt\u00e4m\u00e4tt\u00e4 j\u00e4tt\u00e4misest\u00e4, asiakkaan tilauksen tekemisen yhteydess\u00e4 antamien virheellisten tietojen tai siit\u00e4 johtuvien seurausten vuoksi.<\/p>\n<p>5. Maksutavat<\/p>\n<p>5.1. Tilaukset voidaan maksaa turvallisesti k\u00e4ytt\u00e4m\u00e4ll\u00e4 linkkej\u00e4 Viron pankkeihin (Swedbank, SEB, Nordea, Danske, LHV, Krediidipank), Latvian pankkeihin (Swedbank, SEB, Citadele, Nordea), Liettuan pankkeihin (SEB, Nordea), Suomen pankkeihin (Nordea) , Danske, Pohjola, \u00c5landsbanken, S-Pankki, Handelsbanken) tai korteilla (Visa, MasterCard, Maestro).<\/p>\n<p>5.2. Maksut suoritetaan verkkokaupan ulkopuolella, palveluntarjoajan Maksekeskus AS: n turvallisessa maksuymp\u00e4rist\u00f6ss\u00e4.<\/p>\n<p>5.3. Myyj\u00e4ll\u00e4 ei ole p\u00e4\u00e4sy\u00e4 asiakkaan pankkitietoihin tai luottokorttitietoihin.<\/p>\n<p>5.4. Laskutusvaluutta on euro.<\/p>\n<p>5.5. Henkil\u00f6tietojen hallitsijana on yritys Leet Grupp O\u00dc, yritys Leet Grupp O\u00dc v\u00e4litt\u00e4\u00e4 maksujen suorittamiseen tarvittavat henkil\u00f6tiedot valtuutetulle rekisterinpit\u00e4j\u00e4lle Maksekeskus AS.<\/p>\n<p>1473\/5000<\/p>\n<p>6. Toimitus<\/p>\n<p>6.1. Asiakas voi valita eri tavaroiden toimitusmenetelmien v\u00e4lill\u00e4. Tuotteen toimitusaika riippuu asiakkaan valitsemasta postipalvelusta.<\/p>\n<p>6.2. Maksimi toimitusaika Virossa 3 ty\u00f6p\u00e4iv\u00e4\u00e4, Euroopassa 10 ty\u00f6p\u00e4iv\u00e4\u00e4 ja kaikkialla maailmassa 15 ty\u00f6p\u00e4iv\u00e4\u00e4.<\/p>\n<p>6.3. Jos asiakas tilaa tilauksen viikonloppuna (perjantaina kello 13.00 ja maanantaina klo 9.00 v\u00e4lisen\u00e4 aikana) tai juhlap\u00e4iv\u00e4n\u00e4, viiden ty\u00f6p\u00e4iv\u00e4n ajanjakso alkaa klo 9.00 ensimm\u00e4isen ty\u00f6p\u00e4iv\u00e4n aikana. p\u00e4iv\u00e4 viikonlopun tai yleisen vapaap\u00e4iv\u00e4n j\u00e4lkeen.<\/p>\n<p>6.4. Ennen tilauksen tekemist\u00e4 Asiakkaan on tarkistettava sy\u00f6tettyjen yhteystietojen oikeellisuus est\u00e4\u00e4ksesi viiv\u00e4stykset tai v\u00e4\u00e4rink\u00e4sitykset Tuotteen toimittamisessa. Myyj\u00e4 ei ole vastuussa mist\u00e4\u00e4n viiv\u00e4styksist\u00e4 tai v\u00e4\u00e4rink\u00e4sityksist\u00e4, jotka aiheutuvat Tuotteen toimittamisessa, jos viiv\u00e4styminen tai v\u00e4\u00e4rink\u00e4sitys johtuu Virheellisist\u00e4 tai virheellisist\u00e4 tiedoista, jotka Asiakas on antanut tilauksen tekemisen yhteydess\u00e4.<\/p>\n<p>6.5. Jos Tuote ei tavoita asiakasta hyv\u00e4ss\u00e4 kunnossa ja suljetussa paketissa, asiakkaan on ilmoitettava siit\u00e4 verkkokauppaan l\u00e4hett\u00e4m\u00e4ll\u00e4 s\u00e4hk\u00f6postiosoite osoitteeseen shop@pirados.eu tai soittamalla + 372 53569308.<\/p>\n<p>6.6. Jos haluttu tuote on saatavana vain ulkomailta tilattuna, hintaan lis\u00e4t\u00e4\u00e4n 7 euron lis\u00e4maksu kansainv\u00e4lisest\u00e4 toimituksesta. Asiaankuuluvat tiedot n\u00e4ytet\u00e4\u00e4n ostoskorissa vastaavan tuotteen vieress\u00e4.<\/p>\n<p>7. Tilausten palauttaminen ja korvaaminen<\/p>\n<p>7.1. Asiakkaalla on oikeus peruuttaa tilauksensa ilmoittamatta syyt\u00e4 14 p\u00e4iv\u00e4n kuluessa ja pyyt\u00e4\u00e4 tilaamastaan tuotteesta \/ tuotteista korvaava tuote tai palauttamaan tuote \/ tuotteet. <u> T\u00e4m\u00e4 14 p\u00e4iv\u00e4n ajanjakso alkaa siit\u00e4 hetkest\u00e4, kun asiakas vastaanottanut tilauksen. <\/u><\/p>\n<p>7.2. Tuotteen palauttamiseksi asiakkaan on j\u00e4tett\u00e4v\u00e4 ostoksesta peruuttamista koskeva hakemus 14 p\u00e4iv\u00e4n kuluessa tuotteen vastaanottamisesta. Voit tehd\u00e4 sen n\u00e4in:<\/p>\n<p>\u00b7 L\u00e4het\u00e4t yksiselitteisen hakemuksen s\u00e4hk\u00f6postitse osoitteeseen shop@pirados.eu<\/p>\n<p>7.3. Asiakkaan on palautettava tavarat 14 p\u00e4iv\u00e4n kuluessa hakemuksen j\u00e4tt\u00e4misest\u00e4 tai toimitettava asiakirja, joka vahvistaa tavaroiden luovuttamisen logistiikkayritykselle edell\u00e4 mainitun ajanjakson kuluessa. Kauppiaalla on oikeus pid\u00e4tt\u00e4\u00e4 palautukset, kunnes sopimuksen kohteena oleva esine on vastaanotettu tai kunnes asiakas on toimittanut tavaran palauttamista koskevat todisteet sen mukaan, mik\u00e4 tapahtuu ensin.<\/p>\n<p>7.4. Palautuksiin \/ vaihtoihin liittyv\u00e4t postimaksut kattaa kuluttaja \/ ostaja.<\/p>\n<p>7.5. Vaihdetut tai palautetut tuotteet eiv\u00e4t saa olla vaurioituneita tai niiss\u00e4 on merkkej\u00e4 kulumisesta; Tuote on palautettava alkuper\u00e4ispakkauksessa kaikkiin alkuper\u00e4isiin etiketein. Jos palautetun tavaran kunto on heikentynyt, asiakas on vastuussa esineen arvon laskusta, joka on aiheutunut esineen k\u00e4yt\u00f6st\u00e4, jos tavaraa on k\u00e4ytetty tavalla, jota ei vaadita tavaran todentamiseksi. esineen luonne, ominaisuudet tai toiminnallisuus. Tuotteen kunnon, ominaisuuksien tai toiminnallisuuden varmistamiseksi asiakkaan tulee k\u00e4sitell\u00e4 ja k\u00e4ytt\u00e4\u00e4 tavaraa vain tavalla, joka normaalisti sallitaan kaupassa.<\/p>\n<p>7.6. Asiakkaan on aina avattava tuotteen pakkaus huolellisesti aiheuttamatta vahinkoa. Jos pakkausta ei voida avata vahingoittamatta pakkausta, Asiakkaan ei tarvitse palauttaa tuotetta alkuper\u00e4iseen pakkaukseen.<\/p>\n<p>7.7. Asiakas voi palauttaa Tilauksen myyj\u00e4n omistamaan kauppaan.<\/p>\n<p>Kauppa:<\/p>\n<p>Pirados Streetwear \/ Mall Of Tripla<\/p>\n<p>Y-tunnus\u00a03021416-5<\/p>\n<p>Fredikanterassi 1, 00520 Helsinki<\/p>\n<p>Suomi<\/p>\n<p>T\u00e4m\u00e4n kaupan asiakaspalvelijoiden on l\u00e4hetett\u00e4v\u00e4 palautettu tuote E-kauppaan, jossa suoritetaan tuotteen \/ tuotteiden vaihto- tai palautustoimenpiteet. Palautetun Tuotteen on saavuttava verkkokauppaan 5 ty\u00f6p\u00e4iv\u00e4n sis\u00e4ll\u00e4. Verkkokaupan tulee l\u00e4hett\u00e4\u00e4 s\u00e4hk\u00f6postitse vahvistus, joka vahvistaa palautetun tuotteen vastaanoton asiakkaan s\u00e4hk\u00f6postiosoitteeseen. Tuote voidaan palauttaa ilmaiseksi normaaliin myym\u00e4l\u00e4\u00e4n.<\/p>\n<p><u> Korvaavia tuotteita ei voida valita normaalikaupasta eik\u00e4 niiden tulee palauttaa ostohintaa. <\/u> Tuotteen \/ tuotteiden vaihto- tai palautustoimenpiteet saa suorittaa vain Pirados-tuotemerkin verkkokauppa.<\/p>\n<p>7.8. Vaihtotapauksessa verkkokaupan on l\u00e4hetett\u00e4v\u00e4 uusi tuote asiakkaalle heti, kun se on saanut vaihdettavan tuotteen. Tuotteen korvaamisesta aiheutuvat kuluista vastaa myyj\u00e4.<\/p>\n<p>7.9. <u> Tuotteet voidaan korvata vain saman tuotteen toisella koossa. <\/u><\/p>\n<p>7.10. Myyj\u00e4 palauttaa ostohinnan asiakkaalle 14 p\u00e4iv\u00e4n kuluessa <u> tuotteen palautushakemuksen vastaanottamisp\u00e4iv\u00e4st\u00e4 <\/u>. Palautus siirret\u00e4\u00e4n samalle pankkitilille, jota asiakas k\u00e4ytti maksamaan palautetun tilauksen.<\/p>\n<p>7.11. Jos Tilaus palautetaan kokonaan, Myyj\u00e4 palauttaa Asiakkaalle sopimuksen perusteella saadun kokonaism\u00e4\u00e4r\u00e4n, joka sis\u00e4lt\u00e4\u00e4 asiakkaan maksamat toimituskulut. Jos Tilaus palautetaan osittain ja tilauksen hintaan lis\u00e4t\u00e4\u00e4n toimituskustannukset, Myyj\u00e4 voi palauttaa toimituskulut suhteessa palautettujen tuotteiden lukum\u00e4\u00e4r\u00e4\u00e4n.<\/p>\n<p>7.12. Palautus tulee saapumaan asiakkaan pankkitilille viimeist\u00e4\u00e4n seuraavana pankkip\u00e4iv\u00e4n\u00e4. Jos Tilauksesta maksettiin luottokortilla, palautuksen saapuminen riippuu asiakkaan pankin ehdoista.<\/p>\n<p>8. Hakemusten j\u00e4tt\u00e4mismenettely<\/p>\n<p>8.1. Myyt\u00e4viin tuotteisiin sovelletaan velvollisuuslain 218 \u00a7: n 2 momentissa s\u00e4\u00e4detty\u00e4 2-vuotista vaatimusta.<\/p>\n<p>8.2. Jos tuotetta todetaan olevan virheellinen tai puutteita l\u00f6ytyy, asiakkaan on ilmoitettava siit\u00e4 myyj\u00e4lle viipym\u00e4tt\u00e4, mutta viimeist\u00e4\u00e4n kahden kuukauden kuluessa puutteen havaitsemisesta s\u00e4hk\u00f6postitse asiakkaan yhteystiedot, yksityiskohtainen kuvaus ongelmasta ja kuitin numero osoite shop@pirados.eu. Lopeta tuotteen k\u00e4ytt\u00f6 heti havaittuanne puutteen.<\/p>\n<p>8.3. Kaikki vaatimukset tarkastellaan uudelleen ja asiakkaaseen otetaan yhteytt\u00e4 mahdollisimman pian, kuitenkin viimeist\u00e4\u00e4n 15 p\u00e4iv\u00e4n kuluessa vaateen vastaanottamisesta.<\/p>\n<p>8.4. Kuuden kuukauden kuluessa tuotteen luovuttamisesta Asiakkaalle oletetaan, ett\u00e4 havaitut puutteet olivat olemassa esineen toimitushetkell\u00e4. Yrityksen vastuulla on todistaa p\u00e4invastoin. Jos vaatimus j\u00e4tet\u00e4\u00e4n kuuden kuukauden kuluessa tuotteen luovuttamisesta asiakkaalle, myyj\u00e4lle aiheutuu aina esineen korjaamiseen tai korvaavan tuotteen toimittamiseen liittyv\u00e4t kulut, erityisesti kuljetus-, postitus-, ty\u00f6kulut , matkat ja tarvikkeet (velvoitelain 222 \u00a7: n 4 momentti). Myyj\u00e4lle aiheutuu edell\u00e4 mainituista kuluista seuraavan 1,5 vuoden kuluessa vain, jos vaatimus on perusteltu.<\/p>\n<p>8.5. Jos myyj\u00e4 ei voi korjata tai korvata tuotetta tai jos yritys korvaus tai korvavaava tuote osoittautuu ep\u00e4onnistuneeksi tai myyj\u00e4 ei poista puutetta kohtuullisen ajan kuluessa tai jos asiakkaalle on aiheutunut perusteettomia haittoja, asiakkaalla on oltava oikeus pyyt\u00e4\u00e4 Myyj\u00e4lt\u00e4 alentamaan tuotteen ostohintaa tai palauttamaan tuotteen.<\/p>\n<p>8.6. Jos tavarat eiv\u00e4t ole sopimuksen ehtojen mukaisia, kuluttajalla on oikeus k\u00e4ytt\u00e4\u00e4 laissa s\u00e4\u00e4dettyj\u00e4 oikeussuojakeinoja, mukaan lukien sopimuksen t\u00e4yttymist\u00e4 koskeva vaatimus, hinnan alentaminen, vahingonkorvaus tai peruuttaa sopimus.<\/p>\n<p>8.7. Jos tuote ei ole sopimuksen ehtojen mukainen, myyj\u00e4lle aiheutuu kustannukset, jotka liittyv\u00e4t tuotteen korjaamiseen tai tuotteen korvaamiseen, erityisesti kuljetukseen, postikuluihin, ty\u00f6h\u00f6n, matkoihin ja materiaaleihin liittyv\u00e4t kulut.<\/p>\n<p>8.8. Myyj\u00e4 ei ole vastuussa vahingoista, jotka johtuvat tilattujen tuotteiden ep\u00e4normaalista k\u00e4yt\u00f6st\u00e4 tai viiv\u00e4styneest\u00e4 tuotteen toimituksesta, jos viiv\u00e4styminen johtuu olosuhteista, joihin myyj\u00e4ll\u00e4 ei ollut vaikutusta ja \/ tai jotka johtuivat ylivoimaisesta esteest\u00e4.<\/p>\n<p>8.9. Myyj\u00e4 ei korvaa asiakkaalle kustannuksia, jotka aiheutuvat virheellisest\u00e4 tai puutteellisesta tuotteesta, tai ole vastuussa t\u00e4llaisesta tuotteesta, jos: jos tuotteen arvo on heikentynyt \/ tuote on vaurioitunut asiakkaan syyst\u00e4 , puutteet johtuvat Tuotteen ep\u00e4normaalista k\u00e4yt\u00f6st\u00e4, mukaan lukien huolto-ohjeiden noudattamatta j\u00e4tt\u00e4minen, jos Tuotteen arvo on heikentynyt normaalin k\u00e4yt\u00f6n aikana tapahtuneen normaalin kulumisen vuoksi, tai jos asiakas ei pysty esitt\u00e4m\u00e4\u00e4n asiakirjaa todistaa tuotteen ostamisesta.<\/p>\n<p>9. Vastuu<\/p>\n<p>9.1. Myyj\u00e4 ja asiakas ovat vastuussa toisilleen vahingoista, jotka aiheutuvat toiselle osapuolelle n\u00e4iden ehtojen rikkomisesta Viron tasavallan lains\u00e4\u00e4d\u00e4nn\u00f6ss\u00e4 s\u00e4\u00e4detyiss\u00e4 tapauksissa ja siin\u00e4 laajuudessa.<\/p>\n<p>9.2. Myyj\u00e4n vastuu rajoittuu tuotteen ostohintaan.<\/p>\n<p>9.3. Asiakas saa k\u00e4ytt\u00e4\u00e4 verkkokaupan palveluita vain lain ja hyv\u00e4n k\u00e4yt\u00e4nn\u00f6n mukaisiin tarkoituksiin.<\/p>\n<p>10. K\u00e4ytt\u00f6ehdot ja niiden muuttaminen<\/p>\n<p>10.1. Rekister\u00f6itym\u00e4ll\u00e4 verkkokauppaan tai ostamalla tuotteita asiakas sitoutuu verkkokaupan k\u00e4ytt\u00f6ehtoihin ja sitoutuu noudattamaan ehtoja.<\/p>\n<p>10.2. Myyj\u00e4n ja asiakkaan v\u00e4linen myyntisopimus tulee voimaan siit\u00e4 hetkest\u00e4, kun ostohinta on saatu Myyj\u00e4n pankkitilille.<\/p>\n<p>10.3. Myyj\u00e4ll\u00e4 on oikeus tehd\u00e4 muutoksia verkkokaupan k\u00e4ytt\u00f6ehtoihin ja tuotteiden hintoihin. T\u00e4llaisia muutoksia koskevat ilmoitukset julkaistaan verkkokaupan ymp\u00e4rist\u00f6ss\u00e4. Tapahtumiin sovelletaan kaupan tekohetkell\u00e4 voimassa olevia ehtoja ja hintoja.<\/p>\n<p>10.4. Myyj\u00e4ll\u00e4 on oikeus vet\u00e4yty\u00e4 tilauksen t\u00e4ytt\u00e4misest\u00e4, jos E-kaupassa tilauksen tekohetkell\u00e4 n\u00e4kyv\u00e4 Tuotteen hinta oli virheellinen teknisen virheen vuoksi.<\/p>\n<p>11. Muut ehdot<\/p>\n<p>11.1. Asiakkaan ja myyj\u00e4n v\u00e4liset riidat ratkaistaan \u200b\u200bneuvotteluin.<\/p>\n<p>11.2. Jos myyj\u00e4 on kielt\u00e4ytynyt ratkaisemaan kuluttajan valituksen tai kuluttaja ei ole tyytyv\u00e4inen myyj\u00e4n tarjoamiin ratkaisuihin ja toteaa, ett\u00e4 h\u00e4nen oikeuksiaan on loukattu tai etuja vahingoitettu, kuluttaja voi tehd\u00e4 vaatimuksen kuluttajavalituskomitealle Kuluttajansuojalautakunta tai tuomioistuin. Kuluttaja voi ottaa yhteytt\u00e4 kuluttajansuojavirastoon maksutta ja kyseisen tapahtuman arvon on oltava yli 20 euroa. Kuluttaja voi tehd\u00e4 vaatimuksen suoraan tai edustajan v\u00e4lityksell\u00e4. Kuluttajavalituskomitean yhteystiedot on annettu kuluttajansuojalautakunnan verkkosivuilla. EU: n j\u00e4senvaltioissa ilmenevien korvausvaatimusten ratkaisemiseksi on otettava yhteytt\u00e4 Euroopan kuluttajakeskukseen.<\/p>\n<p>12. Asiakastuki<br \/>\n12.1. Asiakastuen puhelinnumero on +372 53569308 (saatavana arkip\u00e4ivisin klo 10.00\u201318.00) ja s\u00e4hk\u00f6postiosoite: shop@pirados.eu<br \/>\nAsiakastuki ei ole k\u00e4ytett\u00e4viss\u00e4 juhlapyhin\u00e4.[\/vc_column_text][\/vc_column][\/vc_row]<\/p>\n<\/div>","protected":false},"excerpt":{"rendered":"<p>[vc_row][vc_column][vc_column_text]1. Yleiset ehdot 1.1. Pirados Brand verkkokauppa myy tuotteita, jotka ovat saatavana Leet Grupp O\u00dc: n omistamilla myym\u00e4l\u00f6ill\u00e4. 1.2. N\u00e4m\u00e4 ehdot koskevat asiakkaan ja Leet Grupp O\u00dc: n (myyj\u00e4n yhteisomistuksessa), joka on verkkosivustolla olevan ostoymp\u00e4rist\u00f6n omistajan, v\u00e4list\u00e4 oikeussuhdetta www.piradosbrand.com (yksinomaan verkkokauppaan) ostettaessa tuotteita verkkokaupasta. N\u00e4iden ehtojen lis\u00e4ksi E-kaupasta tuotteiden ostamisesta johtuvia oikeussuhteita s\u00e4\u00e4telev\u00e4t my\u00f6s Viron [&hellip;]<\/p>\n","protected":false},"author":1,"featured_media":0,"parent":0,"menu_order":0,"comment_status":"closed","ping_status":"closed","template":"","meta":{"footnotes":""},"class_list":["post-6673","page","type-page","status-publish","hentry"],"_links":{"self":[{"href":"https:\/\/piradosbrand.com\/fi\/wp-json\/wp\/v2\/pages\/6673","targetHints":{"allow":["GET"]}}],"collection":[{"href":"https:\/\/piradosbrand.com\/fi\/wp-json\/wp\/v2\/pages"}],"about":[{"href":"https:\/\/piradosbrand.com\/fi\/wp-json\/wp\/v2\/types\/page"}],"author":[{"embeddable":true,"href":"https:\/\/piradosbrand.com\/fi\/wp-json\/wp\/v2\/users\/1"}],"replies":[{"embeddable":true,"href":"https:\/\/piradosbrand.com\/fi\/wp-json\/wp\/v2\/comments?post=6673"}],"version-history":[{"count":5,"href":"https:\/\/piradosbrand.com\/fi\/wp-json\/wp\/v2\/pages\/6673\/revisions"}],"predecessor-version":[{"id":58943,"href":"https:\/\/piradosbrand.com\/fi\/wp-json\/wp\/v2\/pages\/6673\/revisions\/58943"}],"wp:attachment":[{"href":"https:\/\/piradosbrand.com\/fi\/wp-json\/wp\/v2\/media?parent=6673"}],"curies":[{"name":"wp","href":"https:\/\/api.w.org\/{rel}","templated":true}]}}