{"id":6677,"date":"2016-07-25T19:57:58","date_gmt":"2016-07-25T16:57:58","guid":{"rendered":"http:\/\/piradosbrand.com\/fi\/privacy-policy\/"},"modified":"2020-09-01T08:44:37","modified_gmt":"2020-09-01T05:44:37","slug":"privacy-policy","status":"publish","type":"page","link":"https:\/\/piradosbrand.com\/fi\/privacy-policy\/","title":{"rendered":"Tietosuojak\u00e4yt\u00e4nt\u00f6"},"content":{"rendered":"<div class=\"wpb-content-wrapper\"><p>[vc_row][vc_column][vc_column_text]1. Asiakas antaa Myyj\u00e4lle nimenomaisen ja tietoisen suostumuksen Asiakkaan henkil\u00f6tietojen (nimi, osoite, s\u00e4hk\u00f6posti ja puhelinnumero) k\u00e4sittelyyn.<\/p>\n<p>2. Myyj\u00e4lle luovutetut henkil\u00f6tiedot kirjataan asiakasrekisteriin ja niit\u00e4 k\u00e4ytet\u00e4\u00e4n myyntipalvelun tarjoamiseen ja tavaroiden tarjoamiseen asiakkaalle.<\/p>\n<p>3. Myyj\u00e4 saa luvan tallentaa asiakkaan yhteystiedot, jotka asiakas on sy\u00f6tt\u00e4nyt ostojen yhteydess\u00e4, ja tiedot tehdyist\u00e4 ostoista. Tietoja on k\u00e4sitelt\u00e4v\u00e4 luottamuksellisina ja k\u00e4sitelt\u00e4v\u00e4 henkil\u00f6tietojen suojaa koskevan lain mukaisesti. Henkil\u00f6tiedot, joita tarvitaan Tuotteiden toimittamiseen Asiakkaalle, v\u00e4litet\u00e4\u00e4n kuljetuksen tarjoavalle yritykselle.<\/p>\n<p>4. Myyj\u00e4 saa k\u00e4ytt\u00e4\u00e4 asiakkaan henkil\u00f6tietoja vain erityis tarjousten ja kampanjoita koskevien tietojen l\u00e4hett\u00e4miseen asiakkaalle s\u00e4hk\u00f6postitse ja vain asiakkaan suostumuksella.<\/p>\n<p>5. Tietoliikenne asiakkaan ja pankkien sek\u00e4 pankkikorttikeskuksen v\u00e4lill\u00e4 on salattu, mik\u00e4 varmistaa asiakkaan henkil\u00f6tietojen ja pankkitietojen turvallisuuden.<br \/>\nMaksut suoritetaan verkkokaupan ymp\u00e4rist\u00f6n ulkopuolella, valitun pankin tai palveluntarjoajan suojatussa maksuymp\u00e4rist\u00f6ss\u00e4. Verkkokaupalla ei ole p\u00e4\u00e4sy\u00e4 asiakkaan pankkitietoihin tai luottokorttitietoihin. Henkil\u00f6tietojen hallitsijana on yritys Leet Group Oy, joka v\u00e4litt\u00e4\u00e4 maksujen suorittamiseen tarvittavat henkil\u00f6tiedot valtuutetulle rekisterinpit\u00e4j\u00e4lle Maksekeskus AS.<\/p>\n<p>Henkil\u00f6tietoja k\u00e4sittelee Leet Grupp O\u00dc, Peterburi tee 2, Tallinn, 11415, Estonia. Reg. No. 14559834.[\/vc_column_text][\/vc_column][\/vc_row]<\/p>\n<\/div>","protected":false},"excerpt":{"rendered":"<p>[vc_row][vc_column][vc_column_text]1. Asiakas antaa Myyj\u00e4lle nimenomaisen ja tietoisen suostumuksen Asiakkaan henkil\u00f6tietojen (nimi, osoite, s\u00e4hk\u00f6posti ja puhelinnumero) k\u00e4sittelyyn. 2. Myyj\u00e4lle luovutetut henkil\u00f6tiedot kirjataan asiakasrekisteriin ja niit\u00e4 k\u00e4ytet\u00e4\u00e4n myyntipalvelun tarjoamiseen ja tavaroiden tarjoamiseen asiakkaalle. 3. Myyj\u00e4 saa luvan tallentaa asiakkaan yhteystiedot, jotka asiakas on sy\u00f6tt\u00e4nyt ostojen yhteydess\u00e4, ja tiedot tehdyist\u00e4 ostoista. Tietoja on k\u00e4sitelt\u00e4v\u00e4 luottamuksellisina ja k\u00e4sitelt\u00e4v\u00e4 henkil\u00f6tietojen [&hellip;]<\/p>\n","protected":false},"author":1,"featured_media":0,"parent":0,"menu_order":0,"comment_status":"closed","ping_status":"closed","template":"","meta":{"footnotes":""},"class_list":["post-6677","page","type-page","status-publish","hentry"],"_links":{"self":[{"href":"https:\/\/piradosbrand.com\/fi\/wp-json\/wp\/v2\/pages\/6677","targetHints":{"allow":["GET"]}}],"collection":[{"href":"https:\/\/piradosbrand.com\/fi\/wp-json\/wp\/v2\/pages"}],"about":[{"href":"https:\/\/piradosbrand.com\/fi\/wp-json\/wp\/v2\/types\/page"}],"author":[{"embeddable":true,"href":"https:\/\/piradosbrand.com\/fi\/wp-json\/wp\/v2\/users\/1"}],"replies":[{"embeddable":true,"href":"https:\/\/piradosbrand.com\/fi\/wp-json\/wp\/v2\/comments?post=6677"}],"version-history":[{"count":9,"href":"https:\/\/piradosbrand.com\/fi\/wp-json\/wp\/v2\/pages\/6677\/revisions"}],"predecessor-version":[{"id":58939,"href":"https:\/\/piradosbrand.com\/fi\/wp-json\/wp\/v2\/pages\/6677\/revisions\/58939"}],"wp:attachment":[{"href":"https:\/\/piradosbrand.com\/fi\/wp-json\/wp\/v2\/media?parent=6677"}],"curies":[{"name":"wp","href":"https:\/\/api.w.org\/{rel}","templated":true}]}}