{"id":105832,"date":"2025-11-19T07:58:20","date_gmt":"2024-03-16T10:49:23","guid":{"rendered":"https:\/\/piradosbrand.com\/?post_type=product&#038;p=105832"},"modified":"2026-02-13T16:46:50","modified_gmt":"2026-02-13T14:46:50","slug":"pirados-tm-3-0-huppari-musta","status":"publish","type":"product","link":"https:\/\/piradosbrand.com\/fi\/tuote\/pirados-tm-3-0-huppari-musta\/","title":{"rendered":"&#8221;PIRADOS TM 3.0&#8221; -HUPPARI, MUSTA"},"content":{"rendered":"","protected":false},"excerpt":{"rendered":"<p data-start=\"579\" data-end=\"885\">Huppari \u201cPirados TM 3.0\u201d on bestseller \u2014 parhaista paras. Valmistettu kest\u00e4v\u00e4st\u00e4 puuvillasekoitteesta, joka tuntuu miellytt\u00e4v\u00e4n pehme\u00e4lt\u00e4. Hupparissa on suuri etutasku kahdella piilotetulla lukituksella, jotta rahat, puhelin ja avaimet pysyv\u00e4t turvassa. Kaksinkertaisessa hupussa on leve\u00e4t, litte\u00e4t ny\u00f6rit.<\/p>\n<p data-start=\"887\" data-end=\"980\">Maailmassa on vain 300 kappaletta.<br data-start=\"921\" data-end=\"924\" \/>Jos kokosi on loppu, tuote on lopullisesti loppuunmyyty.<\/p>\n<p data-start=\"982\" data-end=\"1141\">Materiaali: 65 % puuvilla \/ 35 % polyesteri<br data-start=\"1025\" data-end=\"1028\" \/>Paino: 350 g\/m\u00b2<br data-start=\"1043\" data-end=\"1046\" \/>Kengurutaskussa piilotetut \u201dYKK\u201d-vetoketjut<br data-start=\"1089\" data-end=\"1092\" \/>Designit on brodeerattu<br data-start=\"1115\" data-end=\"1118\" \/>Kaksinkertainen huppu<\/p>\n<p data-start=\"1143\" data-end=\"1165\" data-is-last-node=\"\" data-is-only-node=\"\">TARKISTA KOKOTAULUKKO!<br \/>\n<img loading=\"lazy\" decoding=\"async\" class=\"alignnone size-full wp-image-105406\" src=\"https:\/\/piradosbrand.com\/wp-content\/uploads\/2022\/06\/000718_Hooded_Sweat.png\" alt=\"\" width=\"2146\" height=\"191\" srcset=\"https:\/\/piradosbrand.com\/wp-content\/uploads\/2022\/06\/000718_Hooded_Sweat.png 2146w, https:\/\/piradosbrand.com\/wp-content\/uploads\/2022\/06\/000718_Hooded_Sweat-300x27.png 300w, https:\/\/piradosbrand.com\/wp-content\/uploads\/2022\/06\/000718_Hooded_Sweat-1024x91.png 1024w, https:\/\/piradosbrand.com\/wp-content\/uploads\/2022\/06\/000718_Hooded_Sweat-768x68.png 768w, https:\/\/piradosbrand.com\/wp-content\/uploads\/2022\/06\/000718_Hooded_Sweat-1536x137.png 1536w, https:\/\/piradosbrand.com\/wp-content\/uploads\/2022\/06\/000718_Hooded_Sweat-2048x182.png 2048w, https:\/\/piradosbrand.com\/wp-content\/uploads\/2022\/06\/000718_Hooded_Sweat-480x43.png 480w\" sizes=\"auto, (max-width: 2146px) 100vw, 2146px\" \/><\/p>\n","protected":false},"featured_media":134822,"template":"","meta":[],"product_brand":[],"product_cat":[220,221,217,454,222,216],"product_tag":[165,176],"class_list":{"0":"post-105832","1":"product","2":"type-product","3":"status-publish","4":"has-post-thumbnail","6":"product_cat-hupparit-collegepaidat","7":"product_cat-hupparit-collegepaidat-fi","8":"product_cat-kaikki-tuotteet","9":"product_cat-lapset","10":"product_cat-miehet","11":"product_cat-naiset","12":"product_tag-hoodie-fi","13":"product_tag-sweatshirt-fi","15":"first","16":"instock","17":"taxable","18":"shipping-taxable","19":"purchasable","20":"product-type-variable"},"_links":{"self":[{"href":"https:\/\/piradosbrand.com\/fi\/wp-json\/wp\/v2\/product\/105832","targetHints":{"allow":["GET"]}}],"collection":[{"href":"https:\/\/piradosbrand.com\/fi\/wp-json\/wp\/v2\/product"}],"about":[{"href":"https:\/\/piradosbrand.com\/fi\/wp-json\/wp\/v2\/types\/product"}],"wp:featuredmedia":[{"embeddable":true,"href":"https:\/\/piradosbrand.com\/fi\/wp-json\/wp\/v2\/media\/134822"}],"wp:attachment":[{"href":"https:\/\/piradosbrand.com\/fi\/wp-json\/wp\/v2\/media?parent=105832"}],"wp:term":[{"taxonomy":"product_brand","embeddable":true,"href":"https:\/\/piradosbrand.com\/fi\/wp-json\/wp\/v2\/product_brand?post=105832"},{"taxonomy":"product_cat","embeddable":true,"href":"https:\/\/piradosbrand.com\/fi\/wp-json\/wp\/v2\/product_cat?post=105832"},{"taxonomy":"product_tag","embeddable":true,"href":"https:\/\/piradosbrand.com\/fi\/wp-json\/wp\/v2\/product_tag?post=105832"}],"curies":[{"name":"wp","href":"https:\/\/api.w.org\/{rel}","templated":true}]}}