{"id":113653,"date":"2025-11-19T08:01:00","date_gmt":"2024-04-27T14:54:02","guid":{"rendered":"https:\/\/piradosbrand.com\/?post_type=product&#038;p=113653"},"modified":"2026-02-13T16:30:34","modified_gmt":"2026-02-13T14:30:34","slug":"loko-4-0-x-estonia-slim-vetoketjuhuppari-ox-harmaa","status":"publish","type":"product","link":"https:\/\/piradosbrand.com\/fi\/tuote\/loko-4-0-x-estonia-slim-vetoketjuhuppari-ox-harmaa\/","title":{"rendered":"&#8221;LOKO 4.0 x ESTONIA&#8221; -SLIM-VETOKETJUHUPPARI, OX. HARMAA"},"content":{"rendered":"","protected":false},"excerpt":{"rendered":"<p data-start=\"0\" data-end=\"264\"><strong data-start=\"0\" data-end=\"19\">RAJOITETTU ER\u00c4!<\/strong> Vain 300 hupparia maailmanlaajuisesti. Tilaa ennen kuin koot loppuvat.<br data-start=\"90\" data-end=\"93\" \/>Tuote on edustuskaupan varastossa ja valmis toimitettavaksi.<br data-start=\"153\" data-end=\"156\" \/>L\u00e4het\u00e4mme tilaukset enint\u00e4\u00e4n 2 arkip\u00e4iv\u00e4n kuluessa.<br data-start=\"207\" data-end=\"210\" \/>Jos koko on loppu, tuote on lopullisesti loppuunmyyty.<\/p>\n<p data-start=\"266\" data-end=\"355\">77 % kammattu puuvilla \/ 15 % viskoosi \/ 8 % elastaani<br data-start=\"320\" data-end=\"323\" \/>Paino: 320 g\/m\u00b2<br data-start=\"338\" data-end=\"341\" \/>French Terry<\/p>\n<p data-start=\"357\" data-end=\"383\">Designit on brodeerattu.<\/p>\n<p data-start=\"385\" data-end=\"407\" data-is-last-node=\"\" data-is-only-node=\"\">TARKISTA KOKOTAULUKKO!<\/p>\n<p><img loading=\"lazy\" decoding=\"async\" class=\"alignnone size-full wp-image-113619\" src=\"https:\/\/piradosbrand.com\/wp-content\/uploads\/2024\/04\/Slim_Hooded_zip.png\" alt=\"\" width=\"925\" height=\"118\" srcset=\"https:\/\/piradosbrand.com\/wp-content\/uploads\/2024\/04\/Slim_Hooded_zip.png 925w, https:\/\/piradosbrand.com\/wp-content\/uploads\/2024\/04\/Slim_Hooded_zip-300x38.png 300w, https:\/\/piradosbrand.com\/wp-content\/uploads\/2024\/04\/Slim_Hooded_zip-768x98.png 768w, https:\/\/piradosbrand.com\/wp-content\/uploads\/2024\/04\/Slim_Hooded_zip-480x61.png 480w\" sizes=\"auto, (max-width: 925px) 100vw, 925px\" \/><\/p>\n","protected":false},"featured_media":134712,"template":"","meta":[],"product_brand":[],"product_cat":[221,220,217,222,216,288],"product_tag":[462,461,165,1527,176],"class_list":{"0":"post-113653","1":"product","2":"type-product","3":"status-publish","4":"has-post-thumbnail","6":"product_cat-hupparit-collegepaidat-fi","7":"product_cat-hupparit-collegepaidat","8":"product_cat-kaikki-tuotteet","9":"product_cat-miehet","10":"product_cat-naiset","11":"product_cat-uudet-tuotteet","12":"product_tag-eesti-fi","13":"product_tag-estonia-fi","14":"product_tag-hoodie-fi","15":"product_tag-loko-fi","16":"product_tag-sweatshirt-fi","18":"first","19":"instock","20":"taxable","21":"shipping-taxable","22":"purchasable","23":"product-type-variable"},"_links":{"self":[{"href":"https:\/\/piradosbrand.com\/fi\/wp-json\/wp\/v2\/product\/113653","targetHints":{"allow":["GET"]}}],"collection":[{"href":"https:\/\/piradosbrand.com\/fi\/wp-json\/wp\/v2\/product"}],"about":[{"href":"https:\/\/piradosbrand.com\/fi\/wp-json\/wp\/v2\/types\/product"}],"wp:featuredmedia":[{"embeddable":true,"href":"https:\/\/piradosbrand.com\/fi\/wp-json\/wp\/v2\/media\/134712"}],"wp:attachment":[{"href":"https:\/\/piradosbrand.com\/fi\/wp-json\/wp\/v2\/media?parent=113653"}],"wp:term":[{"taxonomy":"product_brand","embeddable":true,"href":"https:\/\/piradosbrand.com\/fi\/wp-json\/wp\/v2\/product_brand?post=113653"},{"taxonomy":"product_cat","embeddable":true,"href":"https:\/\/piradosbrand.com\/fi\/wp-json\/wp\/v2\/product_cat?post=113653"},{"taxonomy":"product_tag","embeddable":true,"href":"https:\/\/piradosbrand.com\/fi\/wp-json\/wp\/v2\/product_tag?post=113653"}],"curies":[{"name":"wp","href":"https:\/\/api.w.org\/{rel}","templated":true}]}}