{"id":113846,"date":"2025-11-19T08:00:10","date_gmt":"2024-04-27T15:10:12","guid":{"rendered":"https:\/\/piradosbrand.com\/?post_type=product&#038;p=113846"},"modified":"2026-04-18T01:33:25","modified_gmt":"2026-04-17T22:33:25","slug":"loko-4-0-slim-collegehousut-musta","status":"publish","type":"product","link":"https:\/\/piradosbrand.com\/fi\/tuote\/loko-4-0-slim-collegehousut-musta\/","title":{"rendered":"&#8221;LOKO 4.0&#8221; -SLIM-COLLEGEHOUSUT, MUSTA"},"content":{"rendered":"","protected":false},"excerpt":{"rendered":"<p data-start=\"664\" data-end=\"820\">Selke\u00e4t linjat. Vahva asenne. Slim-fit collegehousut, jotka s\u00e4ilytt\u00e4v\u00e4t muotonsa ja liikkuvat mukanasi \u2014 sopivat kadulle, salille ja p\u00e4ivitt\u00e4iseen k\u00e4ytt\u00f6\u00f6n.<\/p>\n<p data-start=\"822\" data-end=\"856\">Minimalistinen. Ter\u00e4v\u00e4. Itsevarma.<\/p>\n<p data-start=\"858\" data-end=\"945\"><strong data-start=\"858\" data-end=\"877\">RAJOITETTU ER\u00c4!<\/strong><br data-start=\"877\" data-end=\"880\" \/>Vain 300 kappaletta maailmanlaajuisesti. Varmista kokosi ajoissa.<\/p>\n<p data-start=\"947\" data-end=\"1066\">Housut ovat edustuskaupan varastossa ja valmiina toimitettavaksi. L\u00e4het\u00e4mme tilaukset enint\u00e4\u00e4n 2 arkip\u00e4iv\u00e4n kuluessa.<\/p>\n<p data-start=\"1068\" data-end=\"1141\">Jos kokosi on loppu, tuote on lopullisesti loppuunmyyty. Ei t\u00e4ydennyksi\u00e4.<\/p>\n<p data-start=\"1143\" data-end=\"1232\">92 % puuvilla, 8 % elastaani<br data-start=\"1171\" data-end=\"1174\" \/>Paino: 320 g\/m\u00b2<br data-start=\"1189\" data-end=\"1192\" \/>French Terry<br data-start=\"1204\" data-end=\"1207\" \/>Designit on brodeerattu<\/p>\n<p data-start=\"1234\" data-end=\"1256\" data-is-last-node=\"\" data-is-only-node=\"\">TARKISTA KOKOTAULUKKO!<br \/>\n<img loading=\"lazy\" decoding=\"async\" class=\"alignnone size-full wp-image-113943\" src=\"https:\/\/piradosbrand.com\/wp-content\/uploads\/2024\/04\/Slim_sweat_pants.jpg\" alt=\"\" width=\"882\" height=\"140\" srcset=\"https:\/\/piradosbrand.com\/wp-content\/uploads\/2024\/04\/Slim_sweat_pants.jpg 882w, https:\/\/piradosbrand.com\/wp-content\/uploads\/2024\/04\/Slim_sweat_pants-300x48.jpg 300w, https:\/\/piradosbrand.com\/wp-content\/uploads\/2024\/04\/Slim_sweat_pants-768x122.jpg 768w, https:\/\/piradosbrand.com\/wp-content\/uploads\/2024\/04\/Slim_sweat_pants-480x76.jpg 480w\" sizes=\"auto, (max-width: 882px) 100vw, 882px\" \/><\/p>\n","protected":false},"featured_media":134728,"template":"","meta":[],"product_brand":[],"product_cat":[217,222,216,224,226,288],"product_tag":[505,1527,169,504],"class_list":{"0":"post-113846","1":"product","2":"type-product","3":"status-publish","4":"has-post-thumbnail","6":"product_cat-kaikki-tuotteet","7":"product_cat-miehet","8":"product_cat-naiset","9":"product_cat-shortsit","10":"product_cat-shortsit-fi","11":"product_cat-uudet-tuotteet","12":"product_tag-joggers-fi","13":"product_tag-loko-fi","14":"product_tag-long-pants-fi","15":"product_tag-sweatpants-fi","17":"first","18":"instock","19":"taxable","20":"shipping-taxable","21":"purchasable","22":"product-type-variable"},"_links":{"self":[{"href":"https:\/\/piradosbrand.com\/fi\/wp-json\/wp\/v2\/product\/113846","targetHints":{"allow":["GET"]}}],"collection":[{"href":"https:\/\/piradosbrand.com\/fi\/wp-json\/wp\/v2\/product"}],"about":[{"href":"https:\/\/piradosbrand.com\/fi\/wp-json\/wp\/v2\/types\/product"}],"wp:featuredmedia":[{"embeddable":true,"href":"https:\/\/piradosbrand.com\/fi\/wp-json\/wp\/v2\/media\/134728"}],"wp:attachment":[{"href":"https:\/\/piradosbrand.com\/fi\/wp-json\/wp\/v2\/media?parent=113846"}],"wp:term":[{"taxonomy":"product_brand","embeddable":true,"href":"https:\/\/piradosbrand.com\/fi\/wp-json\/wp\/v2\/product_brand?post=113846"},{"taxonomy":"product_cat","embeddable":true,"href":"https:\/\/piradosbrand.com\/fi\/wp-json\/wp\/v2\/product_cat?post=113846"},{"taxonomy":"product_tag","embeddable":true,"href":"https:\/\/piradosbrand.com\/fi\/wp-json\/wp\/v2\/product_tag?post=113846"}],"curies":[{"name":"wp","href":"https:\/\/api.w.org\/{rel}","templated":true}]}}