{"id":113904,"date":"2025-11-19T08:00:33","date_gmt":"2024-04-27T15:26:35","guid":{"rendered":"https:\/\/piradosbrand.com\/?post_type=product&#038;p=113904"},"modified":"2026-02-13T17:53:08","modified_gmt":"2026-02-13T15:53:08","slug":"loko-4-0-slim-collegehousut-ox-harmaa","status":"publish","type":"product","link":"https:\/\/piradosbrand.com\/fi\/tuote\/loko-4-0-slim-collegehousut-ox-harmaa\/","title":{"rendered":"&#8221;LOKO 4.0&#8221; -SLIM-COLLEGEHOUSUT, OX. HARMAA"},"content":{"rendered":"","protected":false},"excerpt":{"rendered":"<p data-start=\"1321\" data-end=\"1476\">Selke\u00e4t linjat. Vahva olemus. Slim-fit collegehousut, jotka s\u00e4ilytt\u00e4v\u00e4t muotonsa ja liikkuvat mukanasi. Sopivat kadulle, salille ja p\u00e4ivitt\u00e4iseen k\u00e4ytt\u00f6\u00f6n.<\/p>\n<p data-start=\"1478\" data-end=\"1516\">Mukavuus ja rakenne samassa paketissa.<\/p>\n<p data-start=\"1518\" data-end=\"1656\"><strong data-start=\"1518\" data-end=\"1536\">RAJOITETTU ER\u00c4<\/strong><br data-start=\"1536\" data-end=\"1539\" \/>Vain 300 kappaletta maailmanlaajuisesti.<br data-start=\"1579\" data-end=\"1582\" \/>Jos kokosi on loppu, tuote on lopullisesti loppuunmyyty \u2014 ei t\u00e4ydennyksi\u00e4.<\/p>\n<p data-start=\"1658\" data-end=\"1772\">Tuote on edustuskaupan varastossa ja valmis toimitettavaksi.<br data-start=\"1718\" data-end=\"1721\" \/>L\u00e4het\u00e4mme tilaukset enint\u00e4\u00e4n 2 arkip\u00e4iv\u00e4n kuluessa.<\/p>\n<p data-start=\"1774\" data-end=\"1889\">77 % kammattu puuvilla \/ 15 % viskoosi \/ 8 % elastaani<br data-start=\"1828\" data-end=\"1831\" \/>Paino: 320 g\/m\u00b2<br data-start=\"1846\" data-end=\"1849\" \/>French Terry<br data-start=\"1861\" data-end=\"1864\" \/>Designit on brodeerattu<\/p>\n<p data-start=\"1891\" data-end=\"1913\" data-is-last-node=\"\" data-is-only-node=\"\">TARKISTA KOKOTAULUKKO!<\/p>\n<p><img loading=\"lazy\" decoding=\"async\" class=\"alignnone size-full wp-image-113943\" src=\"https:\/\/piradosbrand.com\/wp-content\/uploads\/2024\/04\/Slim_sweat_pants.jpg\" alt=\"\" width=\"882\" height=\"140\" srcset=\"https:\/\/piradosbrand.com\/wp-content\/uploads\/2024\/04\/Slim_sweat_pants.jpg 882w, https:\/\/piradosbrand.com\/wp-content\/uploads\/2024\/04\/Slim_sweat_pants-300x48.jpg 300w, https:\/\/piradosbrand.com\/wp-content\/uploads\/2024\/04\/Slim_sweat_pants-768x122.jpg 768w, https:\/\/piradosbrand.com\/wp-content\/uploads\/2024\/04\/Slim_sweat_pants-480x76.jpg 480w\" sizes=\"auto, (max-width: 882px) 100vw, 882px\" \/><\/p>\n","protected":false},"featured_media":134720,"template":"","meta":[],"product_brand":[],"product_cat":[247,217,222,216,224,226,288],"product_tag":[505,1527,169,504],"class_list":{"0":"post-113904","1":"product","2":"type-product","3":"status-publish","4":"has-post-thumbnail","6":"product_cat-ale-fi","7":"product_cat-kaikki-tuotteet","8":"product_cat-miehet","9":"product_cat-naiset","10":"product_cat-shortsit","11":"product_cat-shortsit-fi","12":"product_cat-uudet-tuotteet","13":"product_tag-joggers-fi","14":"product_tag-loko-fi","15":"product_tag-long-pants-fi","16":"product_tag-sweatpants-fi","18":"first","19":"instock","20":"taxable","21":"shipping-taxable","22":"purchasable","23":"product-type-variable"},"_links":{"self":[{"href":"https:\/\/piradosbrand.com\/fi\/wp-json\/wp\/v2\/product\/113904","targetHints":{"allow":["GET"]}}],"collection":[{"href":"https:\/\/piradosbrand.com\/fi\/wp-json\/wp\/v2\/product"}],"about":[{"href":"https:\/\/piradosbrand.com\/fi\/wp-json\/wp\/v2\/types\/product"}],"wp:featuredmedia":[{"embeddable":true,"href":"https:\/\/piradosbrand.com\/fi\/wp-json\/wp\/v2\/media\/134720"}],"wp:attachment":[{"href":"https:\/\/piradosbrand.com\/fi\/wp-json\/wp\/v2\/media?parent=113904"}],"wp:term":[{"taxonomy":"product_brand","embeddable":true,"href":"https:\/\/piradosbrand.com\/fi\/wp-json\/wp\/v2\/product_brand?post=113904"},{"taxonomy":"product_cat","embeddable":true,"href":"https:\/\/piradosbrand.com\/fi\/wp-json\/wp\/v2\/product_cat?post=113904"},{"taxonomy":"product_tag","embeddable":true,"href":"https:\/\/piradosbrand.com\/fi\/wp-json\/wp\/v2\/product_tag?post=113904"}],"curies":[{"name":"wp","href":"https:\/\/api.w.org\/{rel}","templated":true}]}}