{"id":130996,"date":"2025-11-19T08:10:22","date_gmt":"2025-11-19T06:10:22","guid":{"rendered":"https:\/\/piradosbrand.com\/product\/lahjakortti\/"},"modified":"2026-03-31T12:06:31","modified_gmt":"2026-03-31T09:06:31","slug":"lahjakortti","status":"publish","type":"product","link":"https:\/\/piradosbrand.com\/fi\/tuote\/lahjakortti\/","title":{"rendered":"Pirados Vaatelahjakortti (Ei k\u00e4y tatuointipalveluihin)"},"content":{"rendered":"<p class=\"p1\"><b>\u26ab\ufe0f PIRADOSIN DIGITAALINEN LAHJAKORTTI \u2013 K\u00c4YTT\u00d6EHDOT<\/b><\/p>\n<p class=\"p3\"><b>PS!<\/b><span class=\"s1\"> T\u00e4m\u00e4 lahjakortti on voimassa vain <\/span><b>Piradosin vaatteille ja asusteille.<\/b><\/p>\n<p class=\"p4\">1. Lahjakorttia voi k\u00e4ytt\u00e4\u00e4 sek\u00e4 <span class=\"s2\"><b>verkkokaupassa<\/b><\/span> <a href=\"https:\/\/piradosbrand.com\/fi\/\">piradosbrand.com<\/a><\/p>\n<p class=\"p5\">ett\u00e4 <span class=\"s2\"><b>Piradosin myym\u00e4l\u00e4ss\u00e4<\/b><\/span>, osoitteessa Rohu 13, Tallinna.<\/p>\n<p class=\"p6\"><span class=\"s1\">2. Lahjakortti on voimassa <\/span><b>12 kuukautta ostop\u00e4iv\u00e4st\u00e4 alkaen.<\/b><\/p>\n<p class=\"p5\">Vanhentuneita tai k\u00e4ytt\u00e4m\u00e4tt\u00f6mi\u00e4 lahjakortteja ei hyvitet\u00e4.<\/p>\n<p class=\"p4\">3. Jokaisessa lahjakortissa on <span class=\"s2\"><b>yksil\u00f6llinen kertak\u00e4ytt\u00f6inen koodi<\/b><\/span>, jota voi k\u00e4ytt\u00e4\u00e4 vain yhteen ostokseen.<\/p>\n<p class=\"p4\">4. <span class=\"s2\"><b>Pid\u00e4 koodisi turvassa<\/b><\/span> \u2013 \u00e4l\u00e4 jaa sit\u00e4 julkisesti tai kolmansille osapuolille.<\/p>\n<p class=\"p4\">5. <span class=\"s2\"><b>Pirados Brand<\/b><\/span> ei ole vastuussa vahingoista, jos lahjakortin koodi joutuu kolmansien osapuolten k\u00e4siin.<\/p>\n<p class=\"p4\">6. Lahjakorttia <span class=\"s2\"><b>ei voi vaihtaa rahaksi<\/b><\/span>, eik\u00e4 <span class=\"s2\"><b>Pirados Brand<\/b><\/span> lunasta tai korvaa k\u00e4ytettyj\u00e4 tai kadonneita kortteja.<\/p>\n<p class=\"p4\">7. Jos ostoksen arvo on <span class=\"s2\"><b>pienempi kuin lahjakortin arvo<\/b><\/span>, erotusta ei palauteta.<\/p>\n<p class=\"p5\">Lahjakorttia ei voi k\u00e4ytt\u00e4\u00e4 useissa osamaksuissa.<\/p>\n<p class=\"p4\">8. Jos ostoksen kokonaisarvo (sis\u00e4lt\u00e4en toimituskulut) <span class=\"s2\"><b>ylitt\u00e4\u00e4 lahjakortin arvon<\/b><\/span>,<\/p>\n<p class=\"p5\">voit maksaa puuttuvan summan muilla maksutavoilla kassalla.<\/p>\n<p class=\"p4\">9. Jos kohtaat ongelmia k\u00e4ytt\u00e4ess\u00e4si lahjakorttia verkkokaupassamme, ota yhteytt\u00e4 osoitteeseen <span class=\"s2\"><b>shop@piradosbrand.com<\/b><\/span>.<\/p>\n<p class=\"p4\"><span class=\"s2\"><b>\u00a0<\/b><\/span><\/p>\n","protected":false},"excerpt":{"rendered":"<p>\u26ab\ufe0f PIRADOSIN DIGITAALINEN LAHJAKORTTI \u2013 K\u00c4YTT\u00d6EHDOT PS! T\u00e4m\u00e4 lahjakortti on voimassa vain Piradosin vaatteille ja asusteille. 1. Lahjakorttia voi k\u00e4ytt\u00e4\u00e4 sek\u00e4 verkkokaupassa piradosbrand.com ett\u00e4 Piradosin myym\u00e4l\u00e4ss\u00e4, osoitteessa Rohu 13, Tallinna. 2. Lahjakortti on voimassa 12 kuukautta ostop\u00e4iv\u00e4st\u00e4 alkaen. Vanhentuneita tai k\u00e4ytt\u00e4m\u00e4tt\u00f6mi\u00e4 lahjakortteja ei hyvitet\u00e4. 3. Jokaisessa lahjakortissa on yksil\u00f6llinen kertak\u00e4ytt\u00f6inen koodi, jota voi k\u00e4ytt\u00e4\u00e4 vain [&hellip;]<\/p>\n","protected":false},"featured_media":133787,"template":"","meta":[],"product_brand":[],"product_cat":[217,256],"product_tag":[],"class_list":{"0":"post-130996","1":"product","2":"type-product","3":"status-publish","4":"has-post-thumbnail","6":"product_cat-kaikki-tuotteet","7":"product_cat-lahjakortit-fi","9":"first","10":"instock","11":"taxable","12":"shipping-taxable","13":"purchasable","14":"product-type-pw-gift-card"},"_links":{"self":[{"href":"https:\/\/piradosbrand.com\/fi\/wp-json\/wp\/v2\/product\/130996","targetHints":{"allow":["GET"]}}],"collection":[{"href":"https:\/\/piradosbrand.com\/fi\/wp-json\/wp\/v2\/product"}],"about":[{"href":"https:\/\/piradosbrand.com\/fi\/wp-json\/wp\/v2\/types\/product"}],"wp:featuredmedia":[{"embeddable":true,"href":"https:\/\/piradosbrand.com\/fi\/wp-json\/wp\/v2\/media\/133787"}],"wp:attachment":[{"href":"https:\/\/piradosbrand.com\/fi\/wp-json\/wp\/v2\/media?parent=130996"}],"wp:term":[{"taxonomy":"product_brand","embeddable":true,"href":"https:\/\/piradosbrand.com\/fi\/wp-json\/wp\/v2\/product_brand?post=130996"},{"taxonomy":"product_cat","embeddable":true,"href":"https:\/\/piradosbrand.com\/fi\/wp-json\/wp\/v2\/product_cat?post=130996"},{"taxonomy":"product_tag","embeddable":true,"href":"https:\/\/piradosbrand.com\/fi\/wp-json\/wp\/v2\/product_tag?post=130996"}],"curies":[{"name":"wp","href":"https:\/\/api.w.org\/{rel}","templated":true}]}}