{"id":132409,"date":"2025-12-19T06:59:34","date_gmt":"2025-12-19T04:59:35","guid":{"rendered":"https:\/\/piradosbrand.com\/?post_type=product&#038;p=132409"},"modified":"2026-02-13T16:07:16","modified_gmt":"2026-02-13T14:07:16","slug":"pirados-strictly-limited-edition-2025-1-oz-hienohopea-kolikko-999","status":"publish","type":"product","link":"https:\/\/piradosbrand.com\/fi\/tuote\/pirados-strictly-limited-edition-2025-1-oz-hienohopea-kolikko-999\/","title":{"rendered":"Pirados\u00ae Strictly Limited Edition 2025 &#8211; 1 oz hienohopea-kolikko (999)"},"content":{"rendered":"<div class=\"min-h-8 text-message relative flex w-full flex-col items-end gap-2 text-start break-words whitespace-normal [.text-message+&amp;]:mt-1\" dir=\"auto\" data-message-author-role=\"assistant\" data-message-id=\"4c6879b9-2558-4c10-aa1a-05984ad71a3a\" data-message-model-slug=\"gpt-5-2\">\n<div class=\"flex w-full flex-col gap-1 empty:hidden first:pt-[1px]\">\n<div class=\"markdown prose dark:prose-invert w-full wrap-break-word dark markdown-new-styling\">\n<p data-start=\"0\" data-end=\"197\">Pirados Strictly Limited Edition 2025 -hopekolikko on eksklusiivinen ker\u00e4ilyesine, joka edustaa lojaalisuutta, voimaa ja itsen\u00e4ist\u00e4 ajattelutapaa \u2013 arvoja, jotka ovat Pirados-identiteetin ytimess\u00e4.<\/p>\n<p data-start=\"199\" data-end=\"504\">Kolikko on valmistettu 1 troy-unssista (1 oz) 999-hienoa hopeaa. Se kuuluu eritt\u00e4in rajoitettuun vuoden 2025 sarjaan, jota on valmistettu vain 9 kappaletta maailmanlaajuisesti. Jokainen kolikko on yksil\u00f6llisesti sarjanumeroitu, mik\u00e4 tekee jokaisesta kappaleesta ainutlaatuisen ja arvokkaan ker\u00e4ilykohteen.<\/p>\n<p data-start=\"506\" data-end=\"718\">Toisella puolella on Pirados\u00ae-tunnuslogo sek\u00e4 merkint\u00e4 \u201cStrictly Limited Edition\u201d. K\u00e4\u00e4nt\u00f6puolella n\u00e4kyy ikoninen Pirados-symboliikka ja lause:<br data-start=\"648\" data-end=\"651\" \/>\u201cDon\u2019t play with souls nor guns. Hold your friends and loved ones.\u201d<\/p>\n<p data-start=\"720\" data-end=\"749\">Jokainen kolikko toimitetaan:<\/p>\n<p data-start=\"751\" data-end=\"885\">\u2013 sinet\u00f6ityn\u00e4 suojakapselissa<br data-start=\"780\" data-end=\"783\" \/>\u2013 sijoitettuna Pirados\u00ae premium-mustaiseen esittelyrasiaan<br data-start=\"841\" data-end=\"844\" \/>\u2013 mukana aitous- ja spesifikaatiokortti<\/p>\n<p data-start=\"887\" data-end=\"1044\">T\u00e4m\u00e4 ei ole pelkk\u00e4\u00e4 hopeaa \u2013 t\u00e4m\u00e4 on Pirados-julistus, luotu ker\u00e4ilij\u00f6ille, sijoittajille ja niille, jotka arvostavat merkityst\u00e4 enemm\u00e4n kuin massatuotantoa.<\/p>\n<hr data-start=\"1046\" data-end=\"1049\" \/>\n<p data-start=\"1051\" data-end=\"1088\"><strong data-start=\"1051\" data-end=\"1088\">Sarja &amp; sarjanumerot (2025-sarja)<\/strong><\/p>\n<p data-start=\"1090\" data-end=\"1122\">Kokonaism\u00e4\u00e4r\u00e4: vain 9 kappaletta<\/p>\n<p data-start=\"1124\" data-end=\"1196\">01\/09 \u2013 Varattu Pirados vuoden lopun p\u00e4\u00e4palkintoarvontaan (ei myynniss\u00e4)<\/p>\n<p data-start=\"1198\" data-end=\"1221\">02\/09 \u2013 Saatavilla heti<\/p>\n<p data-start=\"1223\" data-end=\"1305\">03\/09 \u2013 09\/09 \u2013 Valmistetaan tilauksesta (tuotanto ja toimitus enint\u00e4\u00e4n 30 p\u00e4iv\u00e4\u00e4)<\/p>\n<p data-start=\"1307\" data-end=\"1417\">Kaikki kolikot valmistetaan Virossa, mik\u00e4 takaa kontrolloidun laadun ja aidon eurooppalaisen k\u00e4sity\u00f6osaamisen.<\/p>\n<hr data-start=\"1419\" data-end=\"1422\" \/>\n<p data-start=\"1424\" data-end=\"1443\"><strong data-start=\"1424\" data-end=\"1443\">Tekniset tiedot<\/strong><\/p>\n<p data-start=\"1445\" data-end=\"1623\">Materiaali: 999 hienohopea<br data-start=\"1471\" data-end=\"1474\" \/>Paino: 1 oz (31,1 g)<br data-start=\"1494\" data-end=\"1497\" \/>Vuosi: 2025<br data-start=\"1508\" data-end=\"1511\" \/>Er\u00e4: Strictly Limited (yhteens\u00e4 9 kpl)<br data-start=\"1549\" data-end=\"1552\" \/>Sarjanumero: Yksil\u00f6llisesti numeroitu<br data-start=\"1589\" data-end=\"1592\" \/>Alkuper\u00e4: Valmistettu Virossa<\/p>\n<hr data-start=\"1625\" data-end=\"1628\" \/>\n<p data-start=\"1630\" data-end=\"1652\"><strong data-start=\"1630\" data-end=\"1652\">Miksi t\u00e4m\u00e4 kolikko<\/strong><\/p>\n<p data-start=\"1654\" data-end=\"1870\" data-is-last-node=\"\" data-is-only-node=\"\">Eritt\u00e4in rajoitettu maailmanlaajuinen julkaisu (9 kpl)<br data-start=\"1708\" data-end=\"1711\" \/>Yksil\u00f6llinen sarjanumero<br data-start=\"1735\" data-end=\"1738\" \/>Fyysinen hopea pitk\u00e4aikaisella arvolla<br data-start=\"1776\" data-end=\"1779\" \/>Vahva br\u00e4ndi- ja kulttuurinen merkitys<br data-start=\"1817\" data-end=\"1820\" \/>Premium-pakkaus \u2013 valmis esillepanoon tai lahjaksi<\/p>\n<\/div>\n<\/div>\n<\/div>\n","protected":false},"excerpt":{"rendered":"<p>Pirados Strictly Limited Edition 2025 -hopekolikko on eksklusiivinen ker\u00e4ilyesine, joka edustaa lojaalisuutta, voimaa ja itsen\u00e4ist\u00e4 ajattelutapaa \u2013 arvoja, jotka ovat Pirados-identiteetin ytimess\u00e4. Kolikko on valmistettu 1 troy-unssista (1 oz) 999-hienoa hopeaa. Se kuuluu eritt\u00e4in rajoitettuun vuoden 2025 sarjaan, jota on valmistettu vain 9 kappaletta maailmanlaajuisesti. Jokainen kolikko on yksil\u00f6llisesti sarjanumeroitu, mik\u00e4 tekee jokaisesta kappaleesta ainutlaatuisen [&hellip;]<\/p>\n","protected":false},"featured_media":132456,"template":"","meta":[],"product_brand":[],"product_cat":[306,217,288],"product_tag":[462,461,482,1487],"class_list":{"0":"post-132409","1":"product","2":"type-product","3":"status-publish","4":"has-post-thumbnail","6":"product_cat-pre-order-fi","7":"product_cat-kaikki-tuotteet","8":"product_cat-uudet-tuotteet","9":"product_tag-eesti-fi","10":"product_tag-estonia-fi","11":"product_tag-pirados-fi","12":"product_tag-silver-coin-fi","14":"first","15":"instock","16":"taxable","17":"shipping-taxable","18":"purchasable","19":"product-type-variable","20":"has-default-attributes"},"_links":{"self":[{"href":"https:\/\/piradosbrand.com\/fi\/wp-json\/wp\/v2\/product\/132409","targetHints":{"allow":["GET"]}}],"collection":[{"href":"https:\/\/piradosbrand.com\/fi\/wp-json\/wp\/v2\/product"}],"about":[{"href":"https:\/\/piradosbrand.com\/fi\/wp-json\/wp\/v2\/types\/product"}],"wp:featuredmedia":[{"embeddable":true,"href":"https:\/\/piradosbrand.com\/fi\/wp-json\/wp\/v2\/media\/132456"}],"wp:attachment":[{"href":"https:\/\/piradosbrand.com\/fi\/wp-json\/wp\/v2\/media?parent=132409"}],"wp:term":[{"taxonomy":"product_brand","embeddable":true,"href":"https:\/\/piradosbrand.com\/fi\/wp-json\/wp\/v2\/product_brand?post=132409"},{"taxonomy":"product_cat","embeddable":true,"href":"https:\/\/piradosbrand.com\/fi\/wp-json\/wp\/v2\/product_cat?post=132409"},{"taxonomy":"product_tag","embeddable":true,"href":"https:\/\/piradosbrand.com\/fi\/wp-json\/wp\/v2\/product_tag?post=132409"}],"curies":[{"name":"wp","href":"https:\/\/api.w.org\/{rel}","templated":true}]}}