{"id":132618,"date":"2026-02-12T21:46:56","date_gmt":"2026-02-01T18:03:59","guid":{"rendered":"https:\/\/piradosbrand.com\/?post_type=product&#038;p=132618"},"modified":"2026-02-13T15:08:24","modified_gmt":"2026-02-13T13:08:24","slug":"block-2-0-x-eesti-huppari-musta","status":"publish","type":"product","link":"https:\/\/piradosbrand.com\/fi\/tuote\/block-2-0-x-eesti-huppari-musta\/","title":{"rendered":"&#8221;BLOCK 2.0 x EESTI&#8221; -HUPPARI, MUSTA"},"content":{"rendered":"<p data-start=\"0\" data-end=\"21\"><strong data-start=\"0\" data-end=\"21\">Tietoa hupparista<\/strong><\/p>\n<p data-start=\"23\" data-end=\"183\">PIRADOS x BLOCK 2.0 x EESTI -HUPPARI on suunniteltu lippulaivamalliksi \u2013 yhdist\u00e4\u00e4 raskaan streetwear-istuvuuden, premium-mukavuuden ja pitk\u00e4ik\u00e4isen kest\u00e4vyyden.<\/p>\n<p data-start=\"185\" data-end=\"243\">Pehme\u00e4 sis\u00e4lt\u00e4.<br data-start=\"200\" data-end=\"203\" \/>J\u00e4m\u00e4kk\u00e4 ulkoa.<br data-start=\"217\" data-end=\"220\" \/>Tehty kest\u00e4m\u00e4\u00e4n vuosia.<\/p>\n<p data-start=\"245\" data-end=\"324\">Suunniteltu p\u00e4ivitt\u00e4iseen k\u00e4ytt\u00f6\u00f6n \u2013 kaupunkiin, kadulle, salille tai matkalle.<\/p>\n<hr data-start=\"326\" data-end=\"329\" \/>\n<p data-start=\"331\" data-end=\"355\"><strong data-start=\"331\" data-end=\"355\">Premium-ominaisuudet<\/strong><\/p>\n<p data-start=\"357\" data-end=\"741\">\u2022 350 g\/m\u00b2 paksu kangas<br data-start=\"380\" data-end=\"383\" \/>\u2022 65 % puuvilla \/ 35 % polyesteri<br data-start=\"416\" data-end=\"419\" \/>\u2022 Pehme\u00e4 harjattu sis\u00e4pinta<br data-start=\"446\" data-end=\"449\" \/>\u2022 Kaksinkertainen huppu leveill\u00e4 litteill\u00e4 ny\u00f6reill\u00e4<br data-start=\"501\" data-end=\"504\" \/>\u2022 Iso kengurutasku<br data-start=\"522\" data-end=\"525\" \/>\u2022 Piilotetut YKK-vetoketjulukitukset taskun sis\u00e4ll\u00e4 (puhelin, rahat ja avaimet pysyv\u00e4t turvassa)<br data-start=\"621\" data-end=\"624\" \/>\u2022 Kaikki designit brodeerattu \u2013 ei painettu<br data-start=\"667\" data-end=\"670\" \/>\u2022 Vahvistetut ja kest\u00e4v\u00e4t tikkaukset<br data-start=\"706\" data-end=\"709\" \/>\u2022 Premium streetwear -istuvuus<\/p>\n<hr data-start=\"743\" data-end=\"746\" \/>\n<p data-start=\"748\" data-end=\"760\"><strong data-start=\"748\" data-end=\"760\">Istuvuus<\/strong><\/p>\n<p data-start=\"762\" data-end=\"844\">Regular \/ relaxed fit<br data-start=\"783\" data-end=\"786\" \/>Miehille normaali mitoitus<br data-start=\"812\" data-end=\"815\" \/>Naisille oversized-istuvuus<\/p>\n<p data-start=\"846\" data-end=\"888\">(Jos olet ep\u00e4varma, tarkista kokotaulukko)<\/p>\n<hr data-start=\"890\" data-end=\"893\" \/>\n<p data-start=\"895\" data-end=\"913\"><strong data-start=\"895\" data-end=\"913\">Rajoitettu er\u00e4<\/strong><\/p>\n<p data-start=\"915\" data-end=\"956\">Vain 300 kappaletta maailmanlaajuisesti<\/p>\n<p data-start=\"958\" data-end=\"992\">Sen j\u00e4lkeen \u2192 suljettu pysyv\u00e4sti<\/p>\n<hr data-start=\"994\" data-end=\"997\" \/>\n<p data-start=\"999\" data-end=\"1010\"><strong data-start=\"999\" data-end=\"1010\">PIRADOS<\/strong><\/p>\n<p data-start=\"1012\" data-end=\"1070\" data-is-last-node=\"\" data-is-only-node=\"\">Ei kaikille.<br data-start=\"1024\" data-end=\"1027\" \/>Vain niille, jotka kulkevat omaa linjaansa.<\/p>\n","protected":false},"excerpt":{"rendered":"<p data-start=\"0\" data-end=\"45\"><strong data-start=\"0\" data-end=\"45\">STRICTLY LIMITED \u2022 VAIN ENNAKKOTILAUKSENA<\/strong><\/p>\n<p data-start=\"47\" data-end=\"74\">T\u00e4m\u00e4 ei ole massatuotantoa.<\/p>\n<p data-start=\"76\" data-end=\"139\">T\u00e4m\u00e4 huppari on tehty vain niille, jotka kulkevat omaa tiet\u00e4\u00e4n.<\/p>\n<p data-start=\"141\" data-end=\"273\">Avaamme ennakkotilauksen, jotta jokainen voi varmistaa oman kokonsa.<br data-start=\"209\" data-end=\"212\" \/>Kun 300 hupparia on myyty, ennakkotilaus sulkeutuu pysyv\u00e4sti.<\/p>\n<p data-start=\"275\" data-end=\"337\">Ei t\u00e4ydennyksi\u00e4.<br data-start=\"291\" data-end=\"294\" \/>Ei toista er\u00e4\u00e4.<br data-start=\"309\" data-end=\"312\" \/>Ei toista mahdollisuutta.<\/p>\n<p data-start=\"339\" data-end=\"382\" data-is-last-node=\"\" data-is-only-node=\"\"><strong>Arvioitu saapuminen: viimeist\u00e4\u00e4n 01.09.2026<\/strong><\/p>\n","protected":false},"featured_media":134859,"template":"","meta":[],"product_brand":[],"product_cat":[306,220,217,288,222,221,216],"product_tag":[462,461,165,176],"class_list":{"0":"post-132618","1":"product","2":"type-product","3":"status-publish","4":"has-post-thumbnail","6":"product_cat-pre-order-fi","7":"product_cat-hupparit-collegepaidat","8":"product_cat-kaikki-tuotteet","9":"product_cat-uudet-tuotteet","10":"product_cat-miehet","11":"product_cat-hupparit-collegepaidat-fi","12":"product_cat-naiset","13":"product_tag-eesti-fi","14":"product_tag-estonia-fi","15":"product_tag-hoodie-fi","16":"product_tag-sweatshirt-fi","18":"first","19":"instock","20":"taxable","21":"shipping-taxable","22":"purchasable","23":"product-type-variable"},"_links":{"self":[{"href":"https:\/\/piradosbrand.com\/fi\/wp-json\/wp\/v2\/product\/132618","targetHints":{"allow":["GET"]}}],"collection":[{"href":"https:\/\/piradosbrand.com\/fi\/wp-json\/wp\/v2\/product"}],"about":[{"href":"https:\/\/piradosbrand.com\/fi\/wp-json\/wp\/v2\/types\/product"}],"wp:featuredmedia":[{"embeddable":true,"href":"https:\/\/piradosbrand.com\/fi\/wp-json\/wp\/v2\/media\/134859"}],"wp:attachment":[{"href":"https:\/\/piradosbrand.com\/fi\/wp-json\/wp\/v2\/media?parent=132618"}],"wp:term":[{"taxonomy":"product_brand","embeddable":true,"href":"https:\/\/piradosbrand.com\/fi\/wp-json\/wp\/v2\/product_brand?post=132618"},{"taxonomy":"product_cat","embeddable":true,"href":"https:\/\/piradosbrand.com\/fi\/wp-json\/wp\/v2\/product_cat?post=132618"},{"taxonomy":"product_tag","embeddable":true,"href":"https:\/\/piradosbrand.com\/fi\/wp-json\/wp\/v2\/product_tag?post=132618"}],"curies":[{"name":"wp","href":"https:\/\/api.w.org\/{rel}","templated":true}]}}