{"id":132716,"date":"2026-02-12T21:47:11","date_gmt":"2026-02-01T19:47:13","guid":{"rendered":"https:\/\/piradosbrand.com\/?post_type=product&#038;p=132716"},"modified":"2026-02-13T15:03:11","modified_gmt":"2026-02-13T13:03:11","slug":"block-2-0-x-eesti-vetoketjuhuppari-musta","status":"publish","type":"product","link":"https:\/\/piradosbrand.com\/fi\/tuote\/block-2-0-x-eesti-vetoketjuhuppari-musta\/","title":{"rendered":"&#8221;BLOCK 2.0 x EESTI&#8221; -VETOKETJUHUPPARI, MUSTA"},"content":{"rendered":"<p data-start=\"0\" data-end=\"30\"><strong data-start=\"0\" data-end=\"30\">Tietoa vetoketjuhupparista<\/strong><\/p>\n<p data-start=\"32\" data-end=\"201\">PIRADOS x BLOCK 2.0 x EESTI -VETOKETJUHUPPARI on suunniteltu lippulaivamalliksi \u2013 yhdist\u00e4\u00e4 raskaan streetwear-istuvuuden, premium-mukavuuden ja pitk\u00e4ik\u00e4isen kest\u00e4vyyden.<\/p>\n<p data-start=\"203\" data-end=\"261\">Pehme\u00e4 sis\u00e4lt\u00e4.<br data-start=\"218\" data-end=\"221\" \/>J\u00e4m\u00e4kk\u00e4 ulkoa.<br data-start=\"235\" data-end=\"238\" \/>Tehty kest\u00e4m\u00e4\u00e4n vuosia.<\/p>\n<p data-start=\"263\" data-end=\"342\">Suunniteltu p\u00e4ivitt\u00e4iseen k\u00e4ytt\u00f6\u00f6n \u2013 kaupunkiin, kadulle, salille tai matkalle.<\/p>\n<hr data-start=\"344\" data-end=\"347\" \/>\n<p data-start=\"349\" data-end=\"373\"><strong data-start=\"349\" data-end=\"373\">Premium-ominaisuudet<\/strong><\/p>\n<p data-start=\"375\" data-end=\"776\">\u2022 350 g\/m\u00b2 paksu kangas<br data-start=\"398\" data-end=\"401\" \/>\u2022 65 % puuvilla \/ 35 % polyesteri<br data-start=\"434\" data-end=\"437\" \/>\u2022 Pehme\u00e4 harjattu sis\u00e4pinta<br data-start=\"464\" data-end=\"467\" \/>\u2022 Kaksinkertainen huppu leveill\u00e4 litteill\u00e4 ny\u00f6reill\u00e4<br data-start=\"519\" data-end=\"522\" \/>\u2022 T\u00e4yspitk\u00e4 YKK-vetoketju edess\u00e4<br data-start=\"554\" data-end=\"557\" \/>\u2022 Kaksi taskua piilotetuilla YKK-vetoketjulukituksilla (puhelin, rahat ja avaimet pysyv\u00e4t turvassa)<br data-start=\"656\" data-end=\"659\" \/>\u2022 Kaikki designit brodeerattu \u2013 ei painettu<br data-start=\"702\" data-end=\"705\" \/>\u2022 Vahvistetut ja kest\u00e4v\u00e4t tikkaukset<br data-start=\"741\" data-end=\"744\" \/>\u2022 Premium streetwear -istuvuus<\/p>\n<hr data-start=\"778\" data-end=\"781\" \/>\n<p data-start=\"783\" data-end=\"795\"><strong data-start=\"783\" data-end=\"795\">Istuvuus<\/strong><\/p>\n<p data-start=\"797\" data-end=\"879\">Regular \/ relaxed fit<br data-start=\"818\" data-end=\"821\" \/>Miehille normaali mitoitus<br data-start=\"847\" data-end=\"850\" \/>Naisille oversized-istuvuus<\/p>\n<p data-start=\"881\" data-end=\"923\">(Jos olet ep\u00e4varma, tarkista kokotaulukko)<\/p>\n<hr data-start=\"925\" data-end=\"928\" \/>\n<p data-start=\"930\" data-end=\"948\"><strong data-start=\"930\" data-end=\"948\">Rajoitettu er\u00e4<\/strong><\/p>\n<p data-start=\"950\" data-end=\"991\">Vain 300 kappaletta maailmanlaajuisesti<\/p>\n<p data-start=\"993\" data-end=\"1027\">Sen j\u00e4lkeen \u2192 suljettu pysyv\u00e4sti<\/p>\n<hr data-start=\"1029\" data-end=\"1032\" \/>\n<p data-start=\"1034\" data-end=\"1045\"><strong data-start=\"1034\" data-end=\"1045\">PIRADOS<\/strong><\/p>\n<p data-start=\"1047\" data-end=\"1105\" data-is-last-node=\"\" data-is-only-node=\"\">Ei kaikille.<br data-start=\"1059\" data-end=\"1062\" \/>Vain niille, jotka kulkevat omaa linjaansa.<\/p>\n","protected":false},"excerpt":{"rendered":"<p data-start=\"0\" data-end=\"45\"><strong data-start=\"0\" data-end=\"45\">STRICTLY LIMITED \u2022 VAIN ENNAKKOTILAUKSENA<\/strong><\/p>\n<p data-start=\"47\" data-end=\"74\">T\u00e4m\u00e4 ei ole massatuotantoa.<\/p>\n<p data-start=\"76\" data-end=\"139\">T\u00e4m\u00e4 huppari on tehty vain niille, jotka kulkevat omaa tiet\u00e4\u00e4n.<\/p>\n<p data-start=\"141\" data-end=\"273\">Avaamme ennakkotilauksen, jotta jokainen voi varmistaa oman kokonsa.<br data-start=\"209\" data-end=\"212\" \/>Kun 300 hupparia on myyty, ennakkotilaus sulkeutuu pysyv\u00e4sti.<\/p>\n<p data-start=\"275\" data-end=\"337\">Ei t\u00e4ydennyksi\u00e4.<br data-start=\"291\" data-end=\"294\" \/>Ei toista er\u00e4\u00e4.<br data-start=\"309\" data-end=\"312\" \/>Ei toista mahdollisuutta.<\/p>\n<p data-start=\"339\" data-end=\"382\" data-is-last-node=\"\" data-is-only-node=\"\"><strong>Arvioitu saapuminen: viimeist\u00e4\u00e4n 01.09.2026<\/strong><\/p>\n","protected":false},"featured_media":134855,"template":"","meta":[],"product_brand":[],"product_cat":[306,220,221,217,222,216,288],"product_tag":[462,461,165,176],"class_list":{"0":"post-132716","1":"product","2":"type-product","3":"status-publish","4":"has-post-thumbnail","6":"product_cat-pre-order-fi","7":"product_cat-hupparit-collegepaidat","8":"product_cat-hupparit-collegepaidat-fi","9":"product_cat-kaikki-tuotteet","10":"product_cat-miehet","11":"product_cat-naiset","12":"product_cat-uudet-tuotteet","13":"product_tag-eesti-fi","14":"product_tag-estonia-fi","15":"product_tag-hoodie-fi","16":"product_tag-sweatshirt-fi","18":"first","19":"instock","20":"taxable","21":"shipping-taxable","22":"purchasable","23":"product-type-variable"},"_links":{"self":[{"href":"https:\/\/piradosbrand.com\/fi\/wp-json\/wp\/v2\/product\/132716","targetHints":{"allow":["GET"]}}],"collection":[{"href":"https:\/\/piradosbrand.com\/fi\/wp-json\/wp\/v2\/product"}],"about":[{"href":"https:\/\/piradosbrand.com\/fi\/wp-json\/wp\/v2\/types\/product"}],"wp:featuredmedia":[{"embeddable":true,"href":"https:\/\/piradosbrand.com\/fi\/wp-json\/wp\/v2\/media\/134855"}],"wp:attachment":[{"href":"https:\/\/piradosbrand.com\/fi\/wp-json\/wp\/v2\/media?parent=132716"}],"wp:term":[{"taxonomy":"product_brand","embeddable":true,"href":"https:\/\/piradosbrand.com\/fi\/wp-json\/wp\/v2\/product_brand?post=132716"},{"taxonomy":"product_cat","embeddable":true,"href":"https:\/\/piradosbrand.com\/fi\/wp-json\/wp\/v2\/product_cat?post=132716"},{"taxonomy":"product_tag","embeddable":true,"href":"https:\/\/piradosbrand.com\/fi\/wp-json\/wp\/v2\/product_tag?post=132716"}],"curies":[{"name":"wp","href":"https:\/\/api.w.org\/{rel}","templated":true}]}}