{"id":132798,"date":"2026-02-12T21:46:49","date_gmt":"2026-02-01T20:16:51","guid":{"rendered":"https:\/\/piradosbrand.com\/?post_type=product&#038;p=132798"},"modified":"2026-02-13T15:12:55","modified_gmt":"2026-02-13T13:12:55","slug":"pirados-x-block-2-0-collegehousut-musta","status":"publish","type":"product","link":"https:\/\/piradosbrand.com\/fi\/tuote\/pirados-x-block-2-0-collegehousut-musta\/","title":{"rendered":"&#8221;PIRADOS x BLOCK 2.0&#8221; -COLLEGEHOUSUT, MUSTA"},"content":{"rendered":"<div class=\"min-h-8 text-message relative flex w-full flex-col items-end gap-2 text-start break-words whitespace-normal [.text-message+&amp;]:mt-1\" dir=\"auto\" data-message-author-role=\"assistant\" data-message-id=\"5c07c579-56d2-4fbe-a21b-a2b8df54a909\" data-message-model-slug=\"gpt-5-2\">\n<div class=\"flex w-full flex-col gap-1 empty:hidden first:pt-[1px]\">\n<div class=\"markdown prose dark:prose-invert w-full wrap-break-word dark markdown-new-styling\">\n<p data-start=\"0\" data-end=\"20\"><strong data-start=\"0\" data-end=\"20\">Tietoa housuista<\/strong><\/p>\n<p data-start=\"22\" data-end=\"185\">PIRADOS x BLOCK 2.0 -COLLEGEHOUSUT ovat premium-tason heavyweight streetwear -joggerit \u2013 suunniteltu p\u00e4ivitt\u00e4iseen k\u00e4ytt\u00f6\u00f6n, kaupunkiel\u00e4m\u00e4\u00e4n, salille tai matkalle.<\/p>\n<p data-start=\"187\" data-end=\"246\">Pehme\u00e4t sis\u00e4lt\u00e4.<br data-start=\"203\" data-end=\"206\" \/>J\u00e4m\u00e4k\u00e4t ulkoa.<br data-start=\"220\" data-end=\"223\" \/>Tehty kest\u00e4m\u00e4\u00e4n vuosia.<\/p>\n<p data-start=\"248\" data-end=\"312\">T\u00e4ydellinen pari kaikkien BLOCK 2.0 x EESTI -huppareiden kanssa.<\/p>\n<hr data-start=\"314\" data-end=\"317\" \/>\n<p data-start=\"319\" data-end=\"343\"><strong data-start=\"319\" data-end=\"343\">Premium-ominaisuudet<\/strong><\/p>\n<p data-start=\"345\" data-end=\"688\">\u2022 350 g\/m\u00b2 paksu kangas<br data-start=\"368\" data-end=\"371\" \/>\u2022 65 % kammattu puuvilla \/ 35 % polyesteri<br data-start=\"413\" data-end=\"416\" \/>\u2022 Pehme\u00e4 harjattu sis\u00e4pinta<br data-start=\"443\" data-end=\"446\" \/>\u2022 Kaksi sivutaskua piilotetuilla YKK-vetoketjulukituksilla<br data-start=\"504\" data-end=\"507\" \/>\u2022 Joustava vy\u00f6t\u00e4r\u00f6nauha kest\u00e4v\u00e4ll\u00e4 kuminauhalla<br data-start=\"554\" data-end=\"557\" \/>\u2022 Vahvistetut tikkaukset<br data-start=\"581\" data-end=\"584\" \/>\u2022 Premium streetwear -istuvuus<br data-start=\"614\" data-end=\"617\" \/>\u2022 Oeko-Tex -sertifioitu kangas<br data-start=\"647\" data-end=\"650\" \/>\u2022 Suunniteltu p\u00e4ivitt\u00e4iseen k\u00e4ytt\u00f6\u00f6n<\/p>\n<hr data-start=\"690\" data-end=\"693\" \/>\n<p data-start=\"695\" data-end=\"707\"><strong data-start=\"695\" data-end=\"707\">Istuvuus<\/strong><\/p>\n<p data-start=\"709\" data-end=\"791\">Regular \/ relaxed fit<br data-start=\"730\" data-end=\"733\" \/>Miehille normaali mitoitus<br data-start=\"759\" data-end=\"762\" \/>Naisille oversized-istuvuus<\/p>\n<p data-start=\"793\" data-end=\"834\">Jos olet ep\u00e4varma, tarkista kokotaulukko.<\/p>\n<hr data-start=\"836\" data-end=\"839\" \/>\n<p data-start=\"841\" data-end=\"859\"><strong data-start=\"841\" data-end=\"859\">Rajoitettu er\u00e4<\/strong><\/p>\n<p data-start=\"861\" data-end=\"935\" data-is-last-node=\"\" data-is-only-node=\"\">Vain 300 kappaletta maailmanlaajuisesti<br data-start=\"900\" data-end=\"903\" \/>Sen j\u00e4lkeen \u2192 suljettu pysyv\u00e4sti<\/p>\n<\/div>\n<\/div>\n<\/div>\n","protected":false},"excerpt":{"rendered":"<p data-start=\"0\" data-end=\"45\"><strong data-start=\"0\" data-end=\"45\">STRICTLY LIMITED \u2022 VAIN ENNAKKOTILAUKSENA<\/strong><\/p>\n<p data-start=\"47\" data-end=\"74\">T\u00e4m\u00e4 ei ole massatuotantoa.<\/p>\n<p data-start=\"76\" data-end=\"138\">N\u00e4m\u00e4 housut on tehty vain niille, jotka kulkevat omaa tiet\u00e4\u00e4n.<\/p>\n<p data-start=\"140\" data-end=\"269\">Avaamme ennakkotilauksen, jotta jokainen voi varmistaa oman kokonsa.<br data-start=\"208\" data-end=\"211\" \/>Kun 300 paria on myyty, ennakkotilaus sulkeutuu pysyv\u00e4sti.<\/p>\n<p data-start=\"271\" data-end=\"321\">Ei t\u00e4ydennyksi\u00e4.<br data-start=\"287\" data-end=\"290\" \/>Ei toista er\u00e4\u00e4.<br data-start=\"305\" data-end=\"308\" \/>Ei uusintoja.<\/p>\n<p data-start=\"323\" data-end=\"366\" data-is-last-node=\"\" data-is-only-node=\"\"><strong>Arvioitu saapuminen: viimeist\u00e4\u00e4n 01.09.2026<\/strong><\/p>\n","protected":false},"featured_media":134871,"template":"","meta":[],"product_brand":[],"product_cat":[306,217,222,216,224,226,288],"product_tag":[510,169,504],"class_list":{"0":"post-132798","1":"product","2":"type-product","3":"status-publish","4":"has-post-thumbnail","6":"product_cat-pre-order-fi","7":"product_cat-kaikki-tuotteet","8":"product_cat-miehet","9":"product_cat-naiset","10":"product_cat-shortsit","11":"product_cat-shortsit-fi","12":"product_cat-uudet-tuotteet","13":"product_tag-housut","14":"product_tag-long-pants-fi","15":"product_tag-sweatpants-fi","17":"first","18":"instock","19":"taxable","20":"shipping-taxable","21":"purchasable","22":"product-type-variable","23":"has-default-attributes"},"_links":{"self":[{"href":"https:\/\/piradosbrand.com\/fi\/wp-json\/wp\/v2\/product\/132798","targetHints":{"allow":["GET"]}}],"collection":[{"href":"https:\/\/piradosbrand.com\/fi\/wp-json\/wp\/v2\/product"}],"about":[{"href":"https:\/\/piradosbrand.com\/fi\/wp-json\/wp\/v2\/types\/product"}],"wp:featuredmedia":[{"embeddable":true,"href":"https:\/\/piradosbrand.com\/fi\/wp-json\/wp\/v2\/media\/134871"}],"wp:attachment":[{"href":"https:\/\/piradosbrand.com\/fi\/wp-json\/wp\/v2\/media?parent=132798"}],"wp:term":[{"taxonomy":"product_brand","embeddable":true,"href":"https:\/\/piradosbrand.com\/fi\/wp-json\/wp\/v2\/product_brand?post=132798"},{"taxonomy":"product_cat","embeddable":true,"href":"https:\/\/piradosbrand.com\/fi\/wp-json\/wp\/v2\/product_cat?post=132798"},{"taxonomy":"product_tag","embeddable":true,"href":"https:\/\/piradosbrand.com\/fi\/wp-json\/wp\/v2\/product_tag?post=132798"}],"curies":[{"name":"wp","href":"https:\/\/api.w.org\/{rel}","templated":true}]}}