{"id":133116,"date":"2026-02-12T18:13:07","date_gmt":"2026-02-03T16:13:09","guid":{"rendered":"https:\/\/piradosbrand.com\/?post_type=product&#038;p=133116"},"modified":"2026-02-13T15:17:13","modified_gmt":"2026-02-13T13:17:13","slug":"script-super-heavy-huppari-musta","status":"publish","type":"product","link":"https:\/\/piradosbrand.com\/fi\/tuote\/script-super-heavy-huppari-musta\/","title":{"rendered":"&#8221;SCRIPT&#8221; SUPER HEAVY -HUPPARI, MUSTA"},"content":{"rendered":"<div class=\"min-h-8 text-message relative flex w-full flex-col items-end gap-2 text-start break-words whitespace-normal [.text-message+&amp;]:mt-1\" dir=\"auto\" data-message-author-role=\"assistant\" data-message-id=\"649929b7-881e-4744-97c8-771171bc1094\" data-message-model-slug=\"gpt-5-2\">\n<div class=\"flex w-full flex-col gap-1 empty:hidden first:pt-[1px]\">\n<div class=\"markdown prose dark:prose-invert w-full wrap-break-word dark markdown-new-styling\">\n<p data-start=\"0\" data-end=\"157\">SCRIPT SUPER HEAVY -HUPPARI on t\u00e4h\u00e4n asti premium-rakenteemme huippu. Ultra-heavyweight-kangas. Puhdas design. Puhdas asenne. Ei kompromisseja. Ei oikoteit\u00e4.<\/p>\n<p data-start=\"159\" data-end=\"241\">Pehme\u00e4 rakenne sis\u00e4lt\u00e4. Panssari ulkoa.<br data-start=\"198\" data-end=\"201\" \/>Tehty kest\u00e4m\u00e4\u00e4n vuosia \u2013 ei vain kausia.<\/p>\n<p data-start=\"243\" data-end=\"322\">Suunniteltu p\u00e4ivitt\u00e4iseen k\u00e4ytt\u00f6\u00f6n \u2013 kaupunkiin, kadulle, salille tai matkalle.<\/p>\n<hr data-start=\"324\" data-end=\"327\" \/>\n<p data-start=\"329\" data-end=\"353\"><strong data-start=\"329\" data-end=\"353\">Premium-ominaisuudet<\/strong><\/p>\n<p data-start=\"355\" data-end=\"893\">\u2022 500\u2013520 g\/m\u00b2 ultra-heavy French Terry<br data-start=\"394\" data-end=\"397\" \/>\u2022 100 % luomupuuvilla<br data-start=\"418\" data-end=\"421\" \/>\u2022 Luonnollinen hengitt\u00e4v\u00e4 kangas (ei polyesterisekoitteita)<br data-start=\"480\" data-end=\"483\" \/>\u2022 Rakenteellinen heavyweight-laskeutuvuus<br data-start=\"524\" data-end=\"527\" \/>\u2022 Kaksinkertainen huppu paksuilla premium-ny\u00f6reill\u00e4<br data-start=\"578\" data-end=\"581\" \/>\u2022 Iso kengurutasku<br data-start=\"599\" data-end=\"602\" \/>\u2022 Piilotetut vetoketjulukitukset taskun sis\u00e4ll\u00e4 (puhelin, rahat ja avaimet pysyv\u00e4t turvassa)<br data-start=\"694\" data-end=\"697\" \/>\u2022 Kaikki designit brodeerattu<br data-start=\"726\" data-end=\"729\" \/>\u2022 Uusi olkarakenne (saumat kulkevat olkap\u00e4iden yli vahvempaa istuvuutta ja muotoa varten)<br data-start=\"818\" data-end=\"821\" \/>\u2022 Vahvistetut tikkaukset kauttaaltaan<br data-start=\"858\" data-end=\"861\" \/>\u2022 Premium streetwear -siluetti<\/p>\n<hr data-start=\"895\" data-end=\"898\" \/>\n<p data-start=\"900\" data-end=\"912\"><strong data-start=\"900\" data-end=\"912\">Istuvuus<\/strong><\/p>\n<p data-start=\"914\" data-end=\"1014\">Rento \/ rakenteellinen heavyweight-istuvuus<br data-start=\"957\" data-end=\"960\" \/>Miehille normaali mitoitus<br data-start=\"986\" data-end=\"989\" \/>Naisille oversized-look<\/p>\n<p data-start=\"1016\" data-end=\"1058\">(Jos olet ep\u00e4varma, tarkista kokotaulukko)<\/p>\n<hr data-start=\"1060\" data-end=\"1063\" \/>\n<p data-start=\"1065\" data-end=\"1083\"><strong data-start=\"1065\" data-end=\"1083\">Rajoitettu er\u00e4<\/strong><\/p>\n<p data-start=\"1085\" data-end=\"1152\">Tiukasti rajoitettu tuotanto.<br data-start=\"1114\" data-end=\"1117\" \/>Ei massatuotantoa. Ei t\u00e4ydennyksi\u00e4.<\/p>\n<p data-start=\"1154\" data-end=\"1184\">Kun se on loppu \u2013 se on loppu.<\/p>\n<hr data-start=\"1186\" data-end=\"1189\" \/>\n<p data-start=\"1191\" data-end=\"1202\"><strong data-start=\"1191\" data-end=\"1202\">PIRADOS<\/strong><\/p>\n<p data-start=\"1204\" data-end=\"1262\" data-is-last-node=\"\" data-is-only-node=\"\">Ei kaikille.<br data-start=\"1216\" data-end=\"1219\" \/>Vain niille, jotka kulkevat omaa linjaansa.<\/p>\n<\/div>\n<\/div>\n<\/div>\n","protected":false},"excerpt":{"rendered":"<div class=\"min-h-8 text-message relative flex w-full flex-col items-end gap-2 text-start break-words whitespace-normal [.text-message+&amp;]:mt-1\" dir=\"auto\" data-message-author-role=\"assistant\" data-message-id=\"15a164c6-8865-4d30-afc9-97cb0b9120f0\" data-message-model-slug=\"gpt-5-2\">\n<div class=\"flex w-full flex-col gap-1 empty:hidden first:pt-[1px]\">\n<div class=\"markdown prose dark:prose-invert w-full wrap-break-word dark markdown-new-styling\">\n<p data-start=\"0\" data-end=\"45\"><strong data-start=\"0\" data-end=\"45\">STRICTLY LIMITED \u2022 VAIN ENNAKKOTILAUKSENA<\/strong><\/p>\n<p data-start=\"47\" data-end=\"100\">T\u00e4m\u00e4 ei ole massatuotantoa. T\u00e4m\u00e4 ei ole perusmerchi\u00e4. T\u00e4m\u00e4 on raskain ja premium-hupparirakenteemme t\u00e4h\u00e4n menness\u00e4. Tehty vain niille, jotka kulkevat omaa tiet\u00e4\u00e4n. Ultra-heavy-kangas. Luomupuuvilla. Vain brodeeraus. Ei kompromisseja. Avaamme ennakkotilauksen, jotta jokainen voi varmistaa oman kokonsa. Kun 300 hupparia on myyty, ennakkotilaus sulkeutuu pysyv\u00e4sti. Ei t\u00e4ydennyksi\u00e4. Ei toista er\u00e4\u00e4. Ei toista mahdollisuutta.<\/p>\n<p data-start=\"483\" data-end=\"526\" data-is-last-node=\"\" data-is-only-node=\"\"><strong>Arvioitu saapuminen: viimeist\u00e4\u00e4n 01.09.2026<\/strong><\/p>\n<\/div>\n<\/div>\n<\/div>\n","protected":false},"featured_media":133187,"template":"","meta":[],"product_brand":[],"product_cat":[306,221,220,217,222,216,288],"product_tag":[165,482,1524,176],"class_list":{"0":"post-133116","1":"product","2":"type-product","3":"status-publish","4":"has-post-thumbnail","6":"product_cat-pre-order-fi","7":"product_cat-hupparit-collegepaidat-fi","8":"product_cat-hupparit-collegepaidat","9":"product_cat-kaikki-tuotteet","10":"product_cat-miehet","11":"product_cat-naiset","12":"product_cat-uudet-tuotteet","13":"product_tag-hoodie-fi","14":"product_tag-pirados-fi","15":"product_tag-script-fi","16":"product_tag-sweatshirt-fi","18":"first","19":"instock","20":"taxable","21":"shipping-taxable","22":"purchasable","23":"product-type-variable"},"_links":{"self":[{"href":"https:\/\/piradosbrand.com\/fi\/wp-json\/wp\/v2\/product\/133116","targetHints":{"allow":["GET"]}}],"collection":[{"href":"https:\/\/piradosbrand.com\/fi\/wp-json\/wp\/v2\/product"}],"about":[{"href":"https:\/\/piradosbrand.com\/fi\/wp-json\/wp\/v2\/types\/product"}],"wp:featuredmedia":[{"embeddable":true,"href":"https:\/\/piradosbrand.com\/fi\/wp-json\/wp\/v2\/media\/133187"}],"wp:attachment":[{"href":"https:\/\/piradosbrand.com\/fi\/wp-json\/wp\/v2\/media?parent=133116"}],"wp:term":[{"taxonomy":"product_brand","embeddable":true,"href":"https:\/\/piradosbrand.com\/fi\/wp-json\/wp\/v2\/product_brand?post=133116"},{"taxonomy":"product_cat","embeddable":true,"href":"https:\/\/piradosbrand.com\/fi\/wp-json\/wp\/v2\/product_cat?post=133116"},{"taxonomy":"product_tag","embeddable":true,"href":"https:\/\/piradosbrand.com\/fi\/wp-json\/wp\/v2\/product_tag?post=133116"}],"curies":[{"name":"wp","href":"https:\/\/api.w.org\/{rel}","templated":true}]}}