{"id":133310,"date":"2026-02-12T20:55:56","date_gmt":"2026-02-03T18:55:58","guid":{"rendered":"https:\/\/piradosbrand.com\/?post_type=product&#038;p=133310"},"modified":"2026-02-13T14:54:07","modified_gmt":"2026-02-13T12:54:07","slug":"boxy-t-paita-script-musta","status":"publish","type":"product","link":"https:\/\/piradosbrand.com\/fi\/tuote\/boxy-t-paita-script-musta\/","title":{"rendered":"BOXY -T-PAITA &#8221;SCRIPT&#8221;, MUSTA"},"content":{"rendered":"<div class=\"min-h-8 text-message relative flex w-full flex-col items-end gap-2 text-start break-words whitespace-normal [.text-message+&amp;]:mt-1\" dir=\"auto\" data-message-author-role=\"assistant\" data-message-id=\"910d8d95-f614-4cf8-9cd9-a43380c0ad1f\" data-message-model-slug=\"gpt-5-2\">\n<div class=\"flex w-full flex-col gap-1 empty:hidden first:pt-[1px]\">\n<div class=\"markdown prose dark:prose-invert w-full wrap-break-word dark markdown-new-styling\">\n<p data-start=\"0\" data-end=\"52\">T\u00e4m\u00e4 ei ole perus T-paita.<br data-start=\"26\" data-end=\"29\" \/>T\u00e4m\u00e4 ei ole pikamuotia.<\/p>\n<p data-start=\"54\" data-end=\"175\">SCRIPT BOXY -T-PAITA on suunniteltu raskaaksi arjen perusvaatteeksi \u2014 puhdas ilme, oversized-siluetti ja premium-rakenne.<\/p>\n<p data-start=\"177\" data-end=\"253\">Pehme\u00e4 iholla.<br data-start=\"191\" data-end=\"194\" \/>Painava k\u00e4dess\u00e4.<br data-start=\"210\" data-end=\"213\" \/>Tehty kest\u00e4m\u00e4\u00e4n vuosia \u2014 ei vain kausia.<\/p>\n<p data-start=\"255\" data-end=\"316\">Minimalistinen design.<br data-start=\"277\" data-end=\"280\" \/>Vain brodeeraus.<br data-start=\"296\" data-end=\"299\" \/>Ei kompromisseja.<\/p>\n<p data-start=\"318\" data-end=\"372\">Suunniteltu kaupunkiin, kadulle, salille tai matkalle.<\/p>\n<hr data-start=\"374\" data-end=\"377\" \/>\n<p data-start=\"379\" data-end=\"403\"><strong data-start=\"379\" data-end=\"403\">Premium-ominaisuudet<\/strong><\/p>\n<p data-start=\"405\" data-end=\"735\">\u2022 190 g\/m\u00b2 paksu single jersey<br data-start=\"435\" data-end=\"438\" \/>\u2022 100 % luomupuuvilla<br data-start=\"459\" data-end=\"462\" \/>\u2022 Luonnollinen ja hengitt\u00e4v\u00e4 kangas<br data-start=\"497\" data-end=\"500\" \/>\u2022 Rakenteellinen boxy \/ oversized -siluetti<br data-start=\"543\" data-end=\"546\" \/>\u2022 Paksu rib-kaulus, joka s\u00e4ilytt\u00e4\u00e4 muotonsa<br data-start=\"589\" data-end=\"592\" \/>\u2022 Vahvistettu niskasauma<br data-start=\"616\" data-end=\"619\" \/>\u2022 Kaksinkertaiset tikkaukset kauttaaltaan<br data-start=\"660\" data-end=\"663\" \/>\u2022 Brodeerattu SCRIPT-logo (ei painatuksia)<br data-start=\"705\" data-end=\"708\" \/>\u2022 Kest\u00e4v\u00e4 premium-rakenne<\/p>\n<hr data-start=\"737\" data-end=\"740\" \/>\n<p data-start=\"742\" data-end=\"754\"><strong data-start=\"742\" data-end=\"754\">Istuvuus<\/strong><\/p>\n<p data-start=\"756\" data-end=\"844\">Boxy \/ rento oversized-istuvuus<br data-start=\"787\" data-end=\"790\" \/>Miehille normaali mitoitus<br data-start=\"816\" data-end=\"819\" \/>Naisille oversized-look<\/p>\n<p data-start=\"846\" data-end=\"888\">(Jos olet ep\u00e4varma, tarkista kokotaulukko)<\/p>\n<hr data-start=\"890\" data-end=\"893\" \/>\n<p data-start=\"895\" data-end=\"913\"><strong data-start=\"895\" data-end=\"913\">Rajoitettu er\u00e4<\/strong><\/p>\n<p data-start=\"915\" data-end=\"982\">Tiukasti rajoitettu tuotanto.<br data-start=\"944\" data-end=\"947\" \/>Ei massatuotantoa. Ei t\u00e4ydennyksi\u00e4.<\/p>\n<p data-start=\"984\" data-end=\"1014\">Kun se on loppu \u2014 se on loppu.<\/p>\n<hr data-start=\"1016\" data-end=\"1019\" \/>\n<p data-start=\"1021\" data-end=\"1032\"><strong data-start=\"1021\" data-end=\"1032\">PIRADOS<\/strong><\/p>\n<p data-start=\"1034\" data-end=\"1092\" data-is-last-node=\"\" data-is-only-node=\"\">Ei kaikille.<br data-start=\"1046\" data-end=\"1049\" \/>Vain niille, jotka kulkevat omaa linjaansa.<\/p>\n<\/div>\n<\/div>\n<\/div>\n","protected":false},"excerpt":{"rendered":"<p data-start=\"0\" data-end=\"45\"><strong data-start=\"0\" data-end=\"45\">STRICTLY LIMITED \u2022 VAIN ENNAKKOTILAUKSENA<\/strong><\/p>\n<p data-start=\"47\" data-end=\"102\">T\u00e4m\u00e4 ei ole massatuotantoa.<br data-start=\"74\" data-end=\"77\" \/>T\u00e4m\u00e4 ei ole perusmerchi\u00e4.<\/p>\n<p data-start=\"104\" data-end=\"146\">Tehty niille, jotka kulkevat omaa tiet\u00e4\u00e4n.<\/p>\n<p data-start=\"148\" data-end=\"216\">Heavyweight.<br data-start=\"160\" data-end=\"163\" \/>Luomupuuvilla.<br data-start=\"177\" data-end=\"180\" \/>Vain brodeeraus.<br data-start=\"196\" data-end=\"199\" \/>Ei kompromisseja.<\/p>\n<p data-start=\"218\" data-end=\"339\">Ennakkotilaus on avoinna, jotta voit varmistaa oman kokosi.<br data-start=\"277\" data-end=\"280\" \/>Kun 1000 kappaletta on myyty, tuotanto sulkeutuu pysyv\u00e4sti.<\/p>\n<p data-start=\"341\" data-end=\"403\">Ei t\u00e4ydennyksi\u00e4.<br data-start=\"357\" data-end=\"360\" \/>Ei toista er\u00e4\u00e4.<br data-start=\"375\" data-end=\"378\" \/>Ei toista mahdollisuutta.<\/p>\n<p data-start=\"405\" data-end=\"448\" data-is-last-node=\"\" data-is-only-node=\"\"><strong>Arvioitu saapuminen: viimeist\u00e4\u00e4n 01.09.2026<\/strong><\/p>\n","protected":false},"featured_media":133334,"template":"","meta":[],"product_brand":[],"product_cat":[306,217,222,216,223,225,288],"product_tag":[1511,1510,1509,482,1526,171,1507,508,177,1512,1525],"class_list":{"0":"post-133310","1":"product","2":"type-product","3":"status-publish","4":"has-post-thumbnail","6":"product_cat-pre-order-fi","7":"product_cat-kaikki-tuotteet","8":"product_cat-miehet","9":"product_cat-naiset","10":"product_cat-t-paidat-topit","11":"product_cat-t-paidat-polo-hihattomat","12":"product_cat-uudet-tuotteet","13":"product_tag-hip-hop-tee-fi","14":"product_tag-must-t-sark-fi","15":"product_tag-oversized-t-shirt-fi","16":"product_tag-pirados-fi","17":"product_tag-premium-fi","18":"product_tag-shirt-fi","19":"product_tag-streetwear-t-sark-fi","20":"product_tag-t-sark-fi","21":"product_tag-t-shirt-fi","22":"product_tag-tattoo-shirt-fi","23":"product_tag-urban-style-tee-fi","25":"first","26":"outofstock","27":"taxable","28":"shipping-taxable","29":"purchasable","30":"product-type-variable"},"_links":{"self":[{"href":"https:\/\/piradosbrand.com\/fi\/wp-json\/wp\/v2\/product\/133310","targetHints":{"allow":["GET"]}}],"collection":[{"href":"https:\/\/piradosbrand.com\/fi\/wp-json\/wp\/v2\/product"}],"about":[{"href":"https:\/\/piradosbrand.com\/fi\/wp-json\/wp\/v2\/types\/product"}],"wp:featuredmedia":[{"embeddable":true,"href":"https:\/\/piradosbrand.com\/fi\/wp-json\/wp\/v2\/media\/133334"}],"wp:attachment":[{"href":"https:\/\/piradosbrand.com\/fi\/wp-json\/wp\/v2\/media?parent=133310"}],"wp:term":[{"taxonomy":"product_brand","embeddable":true,"href":"https:\/\/piradosbrand.com\/fi\/wp-json\/wp\/v2\/product_brand?post=133310"},{"taxonomy":"product_cat","embeddable":true,"href":"https:\/\/piradosbrand.com\/fi\/wp-json\/wp\/v2\/product_cat?post=133310"},{"taxonomy":"product_tag","embeddable":true,"href":"https:\/\/piradosbrand.com\/fi\/wp-json\/wp\/v2\/product_tag?post=133310"}],"curies":[{"name":"wp","href":"https:\/\/api.w.org\/{rel}","templated":true}]}}