{"id":133531,"date":"2026-02-13T09:39:52","date_gmt":"2026-02-07T07:39:54","guid":{"rendered":"https:\/\/piradosbrand.com\/?post_type=product&#038;p=133531"},"modified":"2026-02-13T15:23:30","modified_gmt":"2026-02-13T13:23:30","slug":"og-huppari-musta","status":"publish","type":"product","link":"https:\/\/piradosbrand.com\/fi\/tuote\/og-huppari-musta\/","title":{"rendered":"&#8221;OG&#8221; -HUPPARI, MUSTA"},"content":{"rendered":"<p data-start=\"0\" data-end=\"21\"><strong data-start=\"0\" data-end=\"21\">Tietoa hupparista<\/strong><\/p>\n<p data-start=\"23\" data-end=\"158\">OG -HUPPARI on suunniteltu lippulaivamalliksi \u2013 yhdist\u00e4\u00e4 raskaan streetwear-istuvuuden, premium-mukavuuden ja pitk\u00e4ik\u00e4isen kest\u00e4vyyden.<\/p>\n<p data-start=\"160\" data-end=\"218\">Pehme\u00e4 sis\u00e4lt\u00e4.<br data-start=\"175\" data-end=\"178\" \/>J\u00e4m\u00e4kk\u00e4 ulkoa.<br data-start=\"192\" data-end=\"195\" \/>Tehty kest\u00e4m\u00e4\u00e4n vuosia.<\/p>\n<p data-start=\"220\" data-end=\"299\">Suunniteltu p\u00e4ivitt\u00e4iseen k\u00e4ytt\u00f6\u00f6n \u2013 kaupunkiin, kadulle, salille tai matkalle.<\/p>\n<hr data-start=\"301\" data-end=\"304\" \/>\n<p data-start=\"306\" data-end=\"330\"><strong data-start=\"306\" data-end=\"330\">Premium-ominaisuudet<\/strong><\/p>\n<p data-start=\"332\" data-end=\"716\">\u2022 350 g\/m\u00b2 paksu kangas<br data-start=\"355\" data-end=\"358\" \/>\u2022 65 % puuvilla \/ 35 % polyesteri<br data-start=\"391\" data-end=\"394\" \/>\u2022 Pehme\u00e4 harjattu sis\u00e4pinta<br data-start=\"421\" data-end=\"424\" \/>\u2022 Kaksinkertainen huppu leveill\u00e4 litteill\u00e4 ny\u00f6reill\u00e4<br data-start=\"476\" data-end=\"479\" \/>\u2022 Iso kengurutasku<br data-start=\"497\" data-end=\"500\" \/>\u2022 Piilotetut YKK-vetoketjulukitukset taskun sis\u00e4ll\u00e4 (puhelin, rahat ja avaimet pysyv\u00e4t turvassa)<br data-start=\"596\" data-end=\"599\" \/>\u2022 Kaikki designit brodeerattu \u2013 ei painettu<br data-start=\"642\" data-end=\"645\" \/>\u2022 Vahvistetut ja kest\u00e4v\u00e4t tikkaukset<br data-start=\"681\" data-end=\"684\" \/>\u2022 Premium streetwear -istuvuus<\/p>\n<hr data-start=\"718\" data-end=\"721\" \/>\n<p data-start=\"723\" data-end=\"735\"><strong data-start=\"723\" data-end=\"735\">Istuvuus<\/strong><\/p>\n<p data-start=\"737\" data-end=\"819\">Regular \/ relaxed fit<br data-start=\"758\" data-end=\"761\" \/>Miehille normaali mitoitus<br data-start=\"787\" data-end=\"790\" \/>Naisille oversized-istuvuus<\/p>\n<p data-start=\"821\" data-end=\"863\">(Jos olet ep\u00e4varma, tarkista kokotaulukko)<\/p>\n<hr data-start=\"865\" data-end=\"868\" \/>\n<p data-start=\"870\" data-end=\"888\"><strong data-start=\"870\" data-end=\"888\">Rajoitettu er\u00e4<\/strong><\/p>\n<p data-start=\"890\" data-end=\"931\">Vain 300 kappaletta maailmanlaajuisesti<\/p>\n<p data-start=\"933\" data-end=\"967\">Sen j\u00e4lkeen \u2192 suljettu pysyv\u00e4sti<\/p>\n<hr data-start=\"969\" data-end=\"972\" \/>\n<p data-start=\"974\" data-end=\"985\"><strong data-start=\"974\" data-end=\"985\">PIRADOS<\/strong><\/p>\n<p data-start=\"987\" data-end=\"1045\" data-is-last-node=\"\" data-is-only-node=\"\">Ei kaikille.<br data-start=\"999\" data-end=\"1002\" \/>Vain niille, jotka kulkevat omaa linjaansa.<\/p>\n","protected":false},"excerpt":{"rendered":"<p data-start=\"0\" data-end=\"45\"><strong data-start=\"0\" data-end=\"45\">STRICTLY LIMITED \u2022 VAIN ENNAKKOTILAUKSENA<\/strong><\/p>\n<p data-start=\"47\" data-end=\"74\">T\u00e4m\u00e4 ei ole massatuotantoa. T\u00e4m\u00e4 huppari on tehty niille, jotka kulkevat omaa tiet\u00e4\u00e4n. Avaamme ennakkotilauksen, jotta jokainen voi varmistaa oman kokonsa. Kun 300 hupparia on myyty, ennakkotilaus sulkeutuu pysyv\u00e4sti.<\/p>\n<p data-start=\"270\" data-end=\"332\">Ei t\u00e4ydennyksi\u00e4. Ei toista er\u00e4\u00e4. Ei toista mahdollisuutta.<\/p>\n<p data-start=\"334\" data-end=\"377\" data-is-last-node=\"\" data-is-only-node=\"\"><strong>Arvioitu saapuminen: viimeist\u00e4\u00e4n 01.09.2026<\/strong><\/p>\n","protected":false},"featured_media":133555,"template":"","meta":[],"product_brand":[],"product_cat":[306,220,221,217,222,216,288],"product_tag":[165,1515,176],"class_list":{"0":"post-133531","1":"product","2":"type-product","3":"status-publish","4":"has-post-thumbnail","6":"product_cat-pre-order-fi","7":"product_cat-hupparit-collegepaidat","8":"product_cat-hupparit-collegepaidat-fi","9":"product_cat-kaikki-tuotteet","10":"product_cat-miehet","11":"product_cat-naiset","12":"product_cat-uudet-tuotteet","13":"product_tag-hoodie-fi","14":"product_tag-og-fi","15":"product_tag-sweatshirt-fi","17":"first","18":"instock","19":"taxable","20":"shipping-taxable","21":"purchasable","22":"product-type-variable"},"_links":{"self":[{"href":"https:\/\/piradosbrand.com\/fi\/wp-json\/wp\/v2\/product\/133531","targetHints":{"allow":["GET"]}}],"collection":[{"href":"https:\/\/piradosbrand.com\/fi\/wp-json\/wp\/v2\/product"}],"about":[{"href":"https:\/\/piradosbrand.com\/fi\/wp-json\/wp\/v2\/types\/product"}],"wp:featuredmedia":[{"embeddable":true,"href":"https:\/\/piradosbrand.com\/fi\/wp-json\/wp\/v2\/media\/133555"}],"wp:attachment":[{"href":"https:\/\/piradosbrand.com\/fi\/wp-json\/wp\/v2\/media?parent=133531"}],"wp:term":[{"taxonomy":"product_brand","embeddable":true,"href":"https:\/\/piradosbrand.com\/fi\/wp-json\/wp\/v2\/product_brand?post=133531"},{"taxonomy":"product_cat","embeddable":true,"href":"https:\/\/piradosbrand.com\/fi\/wp-json\/wp\/v2\/product_cat?post=133531"},{"taxonomy":"product_tag","embeddable":true,"href":"https:\/\/piradosbrand.com\/fi\/wp-json\/wp\/v2\/product_tag?post=133531"}],"curies":[{"name":"wp","href":"https:\/\/api.w.org\/{rel}","templated":true}]}}