{"id":133613,"date":"2026-02-13T10:06:54","date_gmt":"2026-02-07T08:06:57","guid":{"rendered":"https:\/\/piradosbrand.com\/?post_type=product&#038;p=133613"},"modified":"2026-02-13T15:20:51","modified_gmt":"2026-02-13T13:20:51","slug":"og-vetoketjuhuppari-musta","status":"publish","type":"product","link":"https:\/\/piradosbrand.com\/fi\/tuote\/og-vetoketjuhuppari-musta\/","title":{"rendered":"&#8221;OG&#8221; -VETOKETJUHUPPARI, MUSTA"},"content":{"rendered":"<p data-start=\"0\" data-end=\"30\"><strong data-start=\"0\" data-end=\"30\">Tietoa vetoketjuhupparista<\/strong><\/p>\n<p data-start=\"32\" data-end=\"176\">OG -VETOKETJUHUPPARI on suunniteltu lippulaivamalliksi \u2013 yhdist\u00e4\u00e4 raskaan streetwear-istuvuuden, premium-mukavuuden ja pitk\u00e4ik\u00e4isen kest\u00e4vyyden.<\/p>\n<p data-start=\"178\" data-end=\"236\">Pehme\u00e4 sis\u00e4lt\u00e4.<br data-start=\"193\" data-end=\"196\" \/>J\u00e4m\u00e4kk\u00e4 ulkoa.<br data-start=\"210\" data-end=\"213\" \/>Tehty kest\u00e4m\u00e4\u00e4n vuosia.<\/p>\n<p data-start=\"238\" data-end=\"317\">Suunniteltu p\u00e4ivitt\u00e4iseen k\u00e4ytt\u00f6\u00f6n \u2013 kaupunkiin, kadulle, salille tai matkalle.<\/p>\n<hr data-start=\"319\" data-end=\"322\" \/>\n<p data-start=\"324\" data-end=\"348\"><strong data-start=\"324\" data-end=\"348\">Premium-ominaisuudet<\/strong><\/p>\n<p data-start=\"350\" data-end=\"751\">\u2022 350 g\/m\u00b2 paksu kangas<br data-start=\"373\" data-end=\"376\" \/>\u2022 65 % puuvilla \/ 35 % polyesteri<br data-start=\"409\" data-end=\"412\" \/>\u2022 Pehme\u00e4 harjattu sis\u00e4pinta<br data-start=\"439\" data-end=\"442\" \/>\u2022 Kaksinkertainen huppu leveill\u00e4 litteill\u00e4 ny\u00f6reill\u00e4<br data-start=\"494\" data-end=\"497\" \/>\u2022 T\u00e4yspitk\u00e4 YKK-vetoketju edess\u00e4<br data-start=\"529\" data-end=\"532\" \/>\u2022 Kaksi taskua piilotetuilla YKK-vetoketjulukituksilla (puhelin, rahat ja avaimet pysyv\u00e4t turvassa)<br data-start=\"631\" data-end=\"634\" \/>\u2022 Kaikki designit brodeerattu \u2013 ei painettu<br data-start=\"677\" data-end=\"680\" \/>\u2022 Vahvistetut ja kest\u00e4v\u00e4t tikkaukset<br data-start=\"716\" data-end=\"719\" \/>\u2022 Premium streetwear -istuvuus<\/p>\n<hr data-start=\"753\" data-end=\"756\" \/>\n<p data-start=\"758\" data-end=\"770\"><strong data-start=\"758\" data-end=\"770\">Istuvuus<\/strong><\/p>\n<p data-start=\"772\" data-end=\"854\">Regular \/ relaxed fit<br data-start=\"793\" data-end=\"796\" \/>Miehille normaali mitoitus<br data-start=\"822\" data-end=\"825\" \/>Naisille oversized-istuvuus<\/p>\n<p data-start=\"856\" data-end=\"898\">(Jos olet ep\u00e4varma, tarkista kokotaulukko)<\/p>\n<hr data-start=\"900\" data-end=\"903\" \/>\n<p data-start=\"905\" data-end=\"923\"><strong data-start=\"905\" data-end=\"923\">Rajoitettu er\u00e4<\/strong><\/p>\n<p data-start=\"925\" data-end=\"966\">Vain 300 kappaletta maailmanlaajuisesti<\/p>\n<p data-start=\"968\" data-end=\"1002\">Sen j\u00e4lkeen \u2192 suljettu pysyv\u00e4sti<\/p>\n<hr data-start=\"1004\" data-end=\"1007\" \/>\n<p data-start=\"1009\" data-end=\"1020\"><strong data-start=\"1009\" data-end=\"1020\">PIRADOS<\/strong><\/p>\n<p data-start=\"1022\" data-end=\"1080\" data-is-last-node=\"\" data-is-only-node=\"\">Ei kaikille.<br data-start=\"1034\" data-end=\"1037\" \/>Vain niille, jotka kulkevat omaa linjaansa.<\/p>\n","protected":false},"excerpt":{"rendered":"<p data-start=\"0\" data-end=\"45\"><strong data-start=\"0\" data-end=\"45\">STRICTLY LIMITED \u2022 VAIN ENNAKKOTILAUKSENA<\/strong><\/p>\n<p data-start=\"47\" data-end=\"74\">T\u00e4m\u00e4 ei ole massatuotantoa. T\u00e4m\u00e4 huppari on tehty niille, jotka kulkevat omaa tiet\u00e4\u00e4n. Avaamme ennakkotilauksen, jotta jokainen voi varmistaa oman kokonsa. Kun 300 hupparia on myyty, ennakkotilaus sulkeutuu pysyv\u00e4sti. Ei t\u00e4ydennyksi\u00e4. Ei toista er\u00e4\u00e4. Ei toista mahdollisuutta.<\/p>\n<p data-start=\"334\" data-end=\"377\" data-is-last-node=\"\" data-is-only-node=\"\"><strong>Arvioitu saapuminen: viimeist\u00e4\u00e4n 01.09.2026<\/strong><\/p>\n","protected":false},"featured_media":133641,"template":"","meta":[],"product_brand":[],"product_cat":[306,221,220,217,222,216,288],"product_tag":[165,1515,176,1516,181],"class_list":{"0":"post-133613","1":"product","2":"type-product","3":"status-publish","4":"has-post-thumbnail","6":"product_cat-pre-order-fi","7":"product_cat-hupparit-collegepaidat-fi","8":"product_cat-hupparit-collegepaidat","9":"product_cat-kaikki-tuotteet","10":"product_cat-miehet","11":"product_cat-naiset","12":"product_cat-uudet-tuotteet","13":"product_tag-hoodie-fi","14":"product_tag-og-fi","15":"product_tag-sweatshirt-fi","16":"product_tag-zip-hoodie-fi","17":"product_tag-zippered-hoodie-fi","19":"first","20":"instock","21":"taxable","22":"shipping-taxable","23":"purchasable","24":"product-type-variable"},"_links":{"self":[{"href":"https:\/\/piradosbrand.com\/fi\/wp-json\/wp\/v2\/product\/133613","targetHints":{"allow":["GET"]}}],"collection":[{"href":"https:\/\/piradosbrand.com\/fi\/wp-json\/wp\/v2\/product"}],"about":[{"href":"https:\/\/piradosbrand.com\/fi\/wp-json\/wp\/v2\/types\/product"}],"wp:featuredmedia":[{"embeddable":true,"href":"https:\/\/piradosbrand.com\/fi\/wp-json\/wp\/v2\/media\/133641"}],"wp:attachment":[{"href":"https:\/\/piradosbrand.com\/fi\/wp-json\/wp\/v2\/media?parent=133613"}],"wp:term":[{"taxonomy":"product_brand","embeddable":true,"href":"https:\/\/piradosbrand.com\/fi\/wp-json\/wp\/v2\/product_brand?post=133613"},{"taxonomy":"product_cat","embeddable":true,"href":"https:\/\/piradosbrand.com\/fi\/wp-json\/wp\/v2\/product_cat?post=133613"},{"taxonomy":"product_tag","embeddable":true,"href":"https:\/\/piradosbrand.com\/fi\/wp-json\/wp\/v2\/product_tag?post=133613"}],"curies":[{"name":"wp","href":"https:\/\/api.w.org\/{rel}","templated":true}]}}