{"id":134237,"date":"2026-02-08T18:52:55","date_gmt":"2026-02-08T16:52:58","guid":{"rendered":"https:\/\/piradosbrand.com\/?post_type=product&#038;p=134237"},"modified":"2026-02-13T14:06:59","modified_gmt":"2026-02-13T12:06:59","slug":"graffiti-cat-tag-vetoketjuhuppari-musta","status":"publish","type":"product","link":"https:\/\/piradosbrand.com\/fi\/tuote\/graffiti-cat-tag-vetoketjuhuppari-musta\/","title":{"rendered":"GRAFFITI CAT TAG -VETOKETJUHUPPARI, MUSTA"},"content":{"rendered":"<p data-start=\"0\" data-end=\"30\"><strong data-start=\"0\" data-end=\"30\">Tietoa vetoketjuhupparista<\/strong><\/p>\n<p data-start=\"32\" data-end=\"190\">GRAFFITI CAT TAG -VETOKETJUHUPPARI on suunniteltu lippulaivamalliksi \u2013 yhdist\u00e4\u00e4 raskaan streetwear-istuvuuden, premium-mukavuuden ja pitk\u00e4ik\u00e4isen kest\u00e4vyyden.<\/p>\n<p data-start=\"192\" data-end=\"250\">Pehme\u00e4 sis\u00e4lt\u00e4.<br data-start=\"207\" data-end=\"210\" \/>J\u00e4m\u00e4kk\u00e4 ulkoa.<br data-start=\"224\" data-end=\"227\" \/>Tehty kest\u00e4m\u00e4\u00e4n vuosia.<\/p>\n<p data-start=\"252\" data-end=\"331\">Suunniteltu p\u00e4ivitt\u00e4iseen k\u00e4ytt\u00f6\u00f6n \u2013 kaupunkiin, kadulle, salille tai matkalle.<\/p>\n<hr data-start=\"333\" data-end=\"336\" \/>\n<p data-start=\"338\" data-end=\"362\"><strong data-start=\"338\" data-end=\"362\">Premium-ominaisuudet<\/strong><\/p>\n<p data-start=\"364\" data-end=\"765\">\u2022 350 g\/m\u00b2 paksu kangas<br data-start=\"387\" data-end=\"390\" \/>\u2022 65 % puuvilla \/ 35 % polyesteri<br data-start=\"423\" data-end=\"426\" \/>\u2022 Pehme\u00e4 harjattu sis\u00e4pinta<br data-start=\"453\" data-end=\"456\" \/>\u2022 Kaksinkertainen huppu leveill\u00e4 litteill\u00e4 ny\u00f6reill\u00e4<br data-start=\"508\" data-end=\"511\" \/>\u2022 T\u00e4yspitk\u00e4 YKK-vetoketju edess\u00e4<br data-start=\"543\" data-end=\"546\" \/>\u2022 Kaksi taskua piilotetuilla YKK-vetoketjulukituksilla (puhelin, rahat ja avaimet pysyv\u00e4t turvassa)<br data-start=\"645\" data-end=\"648\" \/>\u2022 Kaikki designit brodeerattu \u2013 ei painettu<br data-start=\"691\" data-end=\"694\" \/>\u2022 Vahvistetut ja kest\u00e4v\u00e4t tikkaukset<br data-start=\"730\" data-end=\"733\" \/>\u2022 Premium streetwear -istuvuus<\/p>\n<hr data-start=\"767\" data-end=\"770\" \/>\n<p data-start=\"772\" data-end=\"784\"><strong data-start=\"772\" data-end=\"784\">Istuvuus<\/strong><\/p>\n<p data-start=\"786\" data-end=\"868\">Regular \/ relaxed fit<br data-start=\"807\" data-end=\"810\" \/>Miehille normaali mitoitus<br data-start=\"836\" data-end=\"839\" \/>Naisille oversized-istuvuus<\/p>\n<p data-start=\"870\" data-end=\"912\">(Jos olet ep\u00e4varma, tarkista kokotaulukko)<\/p>\n<hr data-start=\"914\" data-end=\"917\" \/>\n<p data-start=\"919\" data-end=\"937\"><strong data-start=\"919\" data-end=\"937\">Rajoitettu er\u00e4<\/strong><\/p>\n<p data-start=\"939\" data-end=\"980\">Vain 300 kappaletta maailmanlaajuisesti<\/p>\n<p data-start=\"982\" data-end=\"1016\">Sen j\u00e4lkeen \u2192 suljettu pysyv\u00e4sti<\/p>\n<hr data-start=\"1018\" data-end=\"1021\" \/>\n<p data-start=\"1023\" data-end=\"1034\"><strong data-start=\"1023\" data-end=\"1034\">PIRADOS<\/strong><\/p>\n<p data-start=\"1036\" data-end=\"1094\" data-is-last-node=\"\" data-is-only-node=\"\">Ei kaikille.<br data-start=\"1048\" data-end=\"1051\" \/>Vain niille, jotka kulkevat omaa linjaansa.<\/p>\n","protected":false},"excerpt":{"rendered":"<p data-start=\"0\" data-end=\"45\"><strong data-start=\"0\" data-end=\"45\">STRICTLY LIMITED \u2022 VAIN ENNAKKOTILAUKSENA<\/strong><\/p>\n<p data-start=\"47\" data-end=\"74\">T\u00e4m\u00e4 ei ole massatuotantoa. T\u00e4m\u00e4 huppari on tehty niille, jotka kulkevat omaa tiet\u00e4\u00e4n. Avaamme ennakkotilauksen, jotta jokainen voi varmistaa oman kokonsa. Kun 300 hupparia on myyty, ennakkotilaus sulkeutuu pysyv\u00e4sti.<\/p>\n<p data-start=\"270\" data-end=\"332\">Ei t\u00e4ydennyksi\u00e4. Ei toista er\u00e4\u00e4. Ei toista mahdollisuutta.<\/p>\n<p data-start=\"334\" data-end=\"377\" data-is-last-node=\"\" data-is-only-node=\"\"><strong>Arvioitu saapuminen: viimeist\u00e4\u00e4n 01.09.2026<\/strong><\/p>\n","protected":false},"featured_media":134273,"template":"","meta":[],"product_brand":[],"product_cat":[306,220,221,217,222,216,288],"product_tag":[165,1515,176,1516,181],"class_list":{"0":"post-134237","1":"product","2":"type-product","3":"status-publish","4":"has-post-thumbnail","6":"product_cat-pre-order-fi","7":"product_cat-hupparit-collegepaidat","8":"product_cat-hupparit-collegepaidat-fi","9":"product_cat-kaikki-tuotteet","10":"product_cat-miehet","11":"product_cat-naiset","12":"product_cat-uudet-tuotteet","13":"product_tag-hoodie-fi","14":"product_tag-og-fi","15":"product_tag-sweatshirt-fi","16":"product_tag-zip-hoodie-fi","17":"product_tag-zippered-hoodie-fi","19":"first","20":"instock","21":"taxable","22":"shipping-taxable","23":"purchasable","24":"product-type-variable"},"_links":{"self":[{"href":"https:\/\/piradosbrand.com\/fi\/wp-json\/wp\/v2\/product\/134237","targetHints":{"allow":["GET"]}}],"collection":[{"href":"https:\/\/piradosbrand.com\/fi\/wp-json\/wp\/v2\/product"}],"about":[{"href":"https:\/\/piradosbrand.com\/fi\/wp-json\/wp\/v2\/types\/product"}],"wp:featuredmedia":[{"embeddable":true,"href":"https:\/\/piradosbrand.com\/fi\/wp-json\/wp\/v2\/media\/134273"}],"wp:attachment":[{"href":"https:\/\/piradosbrand.com\/fi\/wp-json\/wp\/v2\/media?parent=134237"}],"wp:term":[{"taxonomy":"product_brand","embeddable":true,"href":"https:\/\/piradosbrand.com\/fi\/wp-json\/wp\/v2\/product_brand?post=134237"},{"taxonomy":"product_cat","embeddable":true,"href":"https:\/\/piradosbrand.com\/fi\/wp-json\/wp\/v2\/product_cat?post=134237"},{"taxonomy":"product_tag","embeddable":true,"href":"https:\/\/piradosbrand.com\/fi\/wp-json\/wp\/v2\/product_tag?post=134237"}],"curies":[{"name":"wp","href":"https:\/\/api.w.org\/{rel}","templated":true}]}}