{"id":134343,"date":"2026-02-08T19:27:24","date_gmt":"2026-02-08T17:27:26","guid":{"rendered":"https:\/\/piradosbrand.com\/?post_type=product&#038;p=134343"},"modified":"2026-02-13T14:04:30","modified_gmt":"2026-02-13T12:04:30","slug":"graffiti-cat-tag-t-paita-musta","status":"publish","type":"product","link":"https:\/\/piradosbrand.com\/fi\/tuote\/graffiti-cat-tag-t-paita-musta\/","title":{"rendered":"GRAFFITI CAT TAG -T-PAITA, MUSTA"},"content":{"rendered":"<div class=\"flex flex-col text-sm pb-25\">\n<article class=\"text-token-text-primary w-full focus:outline-none [--shadow-height:45px] has-data-writing-block:pointer-events-none has-data-writing-block:-mt-(--shadow-height) has-data-writing-block:pt-(--shadow-height) [&amp;:has([data-writing-block])&gt;*]:pointer-events-auto scroll-mt-[calc(var(--header-height)+min(200px,max(70px,20svh)))]\" dir=\"auto\" tabindex=\"-1\" data-turn-id=\"request-WEB:21defa95-205a-49b2-b6df-a1461152bf8b-6\" data-testid=\"conversation-turn-14\" data-scroll-anchor=\"true\" data-turn=\"assistant\">\n<div class=\"text-base my-auto mx-auto pb-10 [--thread-content-margin:--spacing(4)] @w-sm\/main:[--thread-content-margin:--spacing(6)] @w-lg\/main:[--thread-content-margin:--spacing(16)] px-(--thread-content-margin)\">\n<div class=\"[--thread-content-max-width:40rem] @w-lg\/main:[--thread-content-max-width:48rem] mx-auto max-w-(--thread-content-max-width) flex-1 group\/turn-messages focus-visible:outline-hidden relative flex w-full min-w-0 flex-col agent-turn\" tabindex=\"-1\">\n<div class=\"flex max-w-full flex-col grow\">\n<div class=\"min-h-8 text-message relative flex w-full flex-col items-end gap-2 text-start break-words whitespace-normal [.text-message+&amp;]:mt-1\" dir=\"auto\" data-message-author-role=\"assistant\" data-message-id=\"a3aa7dc3-2d63-461f-b10d-067edc4cf086\" data-message-model-slug=\"gpt-5-2\">\n<div class=\"flex w-full flex-col gap-1 empty:hidden first:pt-[1px]\">\n<div class=\"markdown prose dark:prose-invert w-full wrap-break-word dark markdown-new-styling\">\n<p data-start=\"0\" data-end=\"21\"><strong data-start=\"0\" data-end=\"21\">Tietoa T-paidasta<\/strong><\/p>\n<p data-start=\"23\" data-end=\"151\">GRAFFITI CAT TAG -T-PAITA on suunniteltu premium-tason arjen perusvaatteeksi \u2013 puhdas ilme, j\u00e4m\u00e4kk\u00e4 tuntu ja pitk\u00e4ik\u00e4inen laatu.<\/p>\n<p data-start=\"153\" data-end=\"212\">Pehme\u00e4 iholla.<br data-start=\"167\" data-end=\"170\" \/>Painava k\u00e4dess\u00e4.<br data-start=\"186\" data-end=\"189\" \/>Tehty kest\u00e4m\u00e4\u00e4n vuosia.<\/p>\n<p data-start=\"214\" data-end=\"268\">T\u00e4ydellinen kaupunkiin, kadulle, salille tai matkalle.<\/p>\n<hr data-start=\"270\" data-end=\"273\" \/>\n<p data-start=\"275\" data-end=\"299\"><strong data-start=\"275\" data-end=\"299\">Premium-ominaisuudet<\/strong><\/p>\n<p data-start=\"301\" data-end=\"617\">\u2022 165 g\/m\u00b2 paksu single jersey<br data-start=\"331\" data-end=\"334\" \/>\u2022 100 % kammattu ja entsyymipesty puuvilla<br data-start=\"376\" data-end=\"379\" \/>\u2022 Oeko-Tex -sertifioitu<br data-start=\"402\" data-end=\"405\" \/>\u2022 J\u00e4m\u00e4kk\u00e4 lycra-vahvistettu kaulus<br data-start=\"439\" data-end=\"442\" \/>\u2022 Niskavahvike lis\u00e4\u00e4 kest\u00e4vyytt\u00e4<br data-start=\"474\" data-end=\"477\" \/>\u2022 Kaksinkertaiset tikkaukset<br data-start=\"505\" data-end=\"508\" \/>\u2022 Sivusaumat paremman rakenteen vuoksi<br data-start=\"546\" data-end=\"549\" \/>\u2022 Premium streetwear -istuvuus<br data-start=\"579\" data-end=\"582\" \/>\u2022 Pitk\u00e4ik\u00e4inen ja laadukas kangas<\/p>\n<hr data-start=\"619\" data-end=\"622\" \/>\n<p data-start=\"624\" data-end=\"636\"><strong data-start=\"624\" data-end=\"636\">Istuvuus<\/strong><\/p>\n<p data-start=\"638\" data-end=\"720\">Regular \/ relaxed fit<br data-start=\"659\" data-end=\"662\" \/>Miehille normaali mitoitus<br data-start=\"688\" data-end=\"691\" \/>Naisille oversized-istuvuus<\/p>\n<p data-start=\"722\" data-end=\"764\">(Jos olet ep\u00e4varma, tarkista kokotaulukko)<\/p>\n<hr data-start=\"766\" data-end=\"769\" \/>\n<p data-start=\"771\" data-end=\"789\"><strong data-start=\"771\" data-end=\"789\">Rajoitettu er\u00e4<\/strong><\/p>\n<p data-start=\"791\" data-end=\"866\" data-is-last-node=\"\" data-is-only-node=\"\">Vain 1000 kappaletta maailmanlaajuisesti<br data-start=\"831\" data-end=\"834\" \/>Sen j\u00e4lkeen \u2192 suljettu pysyv\u00e4sti<\/p>\n<\/div>\n<\/div>\n<\/div>\n<\/div>\n<\/div>\n<\/div>\n<\/article>\n<\/div>\n","protected":false},"excerpt":{"rendered":"<p data-start=\"0\" data-end=\"45\"><strong data-start=\"0\" data-end=\"45\">STRICTLY LIMITED \u2022 VAIN ENNAKKOTILAUKSENA<\/strong><\/p>\n<p data-start=\"47\" data-end=\"267\">T\u00e4m\u00e4 ei ole massatuotantoa. T\u00e4m\u00e4 T-paita on tehty niille, jotka kulkevat omaa tiet\u00e4\u00e4n. Avaamme ennakkotilauksen, jotta jokainen voi varmistaa oman kokonsa. Kun 1000 T-paitaa on myyty, ennakkotilaus sulkeutuu pysyv\u00e4sti.<\/p>\n<p data-start=\"269\" data-end=\"301\">Ei t\u00e4ydennyksi\u00e4. Ei toista er\u00e4\u00e4.<\/p>\n<p data-start=\"303\" data-end=\"346\" data-is-last-node=\"\" data-is-only-node=\"\"><strong>Arvioitu saapuminen: viimeist\u00e4\u00e4n 01.09.2026<\/strong><\/p>\n","protected":false},"featured_media":134367,"template":"","meta":[],"product_brand":[],"product_cat":[306,217,454,222,216,456,223,225,288],"product_tag":[1513,1514,1511,1508,1510,1509,482,171,1507,508,177,1512],"class_list":{"0":"post-134343","1":"product","2":"type-product","3":"status-publish","4":"has-post-thumbnail","6":"product_cat-pre-order-fi","7":"product_cat-kaikki-tuotteet","8":"product_cat-lapset","9":"product_cat-miehet","10":"product_cat-naiset","11":"product_cat-paidat","12":"product_cat-t-paidat-topit","13":"product_cat-t-paidat-polo-hihattomat","14":"product_cat-uudet-tuotteet","15":"product_tag-cat-fi","16":"product_tag-craffiti-fi","17":"product_tag-hip-hop-tee-fi","18":"product_tag-logo-t-sark-fi","19":"product_tag-must-t-sark-fi","20":"product_tag-oversized-t-shirt-fi","21":"product_tag-pirados-fi","22":"product_tag-shirt-fi","23":"product_tag-streetwear-t-sark-fi","24":"product_tag-t-sark-fi","25":"product_tag-t-shirt-fi","26":"product_tag-tattoo-shirt-fi","28":"first","29":"instock","30":"taxable","31":"shipping-taxable","32":"purchasable","33":"product-type-variable"},"_links":{"self":[{"href":"https:\/\/piradosbrand.com\/fi\/wp-json\/wp\/v2\/product\/134343","targetHints":{"allow":["GET"]}}],"collection":[{"href":"https:\/\/piradosbrand.com\/fi\/wp-json\/wp\/v2\/product"}],"about":[{"href":"https:\/\/piradosbrand.com\/fi\/wp-json\/wp\/v2\/types\/product"}],"wp:featuredmedia":[{"embeddable":true,"href":"https:\/\/piradosbrand.com\/fi\/wp-json\/wp\/v2\/media\/134367"}],"wp:attachment":[{"href":"https:\/\/piradosbrand.com\/fi\/wp-json\/wp\/v2\/media?parent=134343"}],"wp:term":[{"taxonomy":"product_brand","embeddable":true,"href":"https:\/\/piradosbrand.com\/fi\/wp-json\/wp\/v2\/product_brand?post=134343"},{"taxonomy":"product_cat","embeddable":true,"href":"https:\/\/piradosbrand.com\/fi\/wp-json\/wp\/v2\/product_cat?post=134343"},{"taxonomy":"product_tag","embeddable":true,"href":"https:\/\/piradosbrand.com\/fi\/wp-json\/wp\/v2\/product_tag?post=134343"}],"curies":[{"name":"wp","href":"https:\/\/api.w.org\/{rel}","templated":true}]}}