{"id":134588,"date":"2026-02-08T10:49:17","date_gmt":"2026-02-08T08:49:17","guid":{"rendered":"https:\/\/piradosbrand.com\/product\/block-2-0-x-eesti-flat-snapback-lakki\/"},"modified":"2026-02-08T10:49:17","modified_gmt":"2026-02-08T08:49:17","slug":"block-2-0-x-eesti-flat-snapback-lakki","status":"publish","type":"product","link":"https:\/\/piradosbrand.com\/fi\/tuote\/block-2-0-x-eesti-flat-snapback-lakki\/","title":{"rendered":"&#8221;BLOCK 2.0 x EESTI&#8221; FLAT SNAPBACK -LAKKI"},"content":{"rendered":"","protected":false},"excerpt":{"rendered":"<p data-start=\"0\" data-end=\"48\"><strong data-start=\"0\" data-end=\"48\">TIUKASTI RAJOITETTU \u2022 VAIN ENNAKKOTILAUKSENA<\/strong><\/p>\n<p data-start=\"50\" data-end=\"77\">T\u00e4m\u00e4 ei ole massatuotantoa. T\u00e4m\u00e4 premium-laatuinen lippis suoralla lipalla on suunniteltu vain niille, jotka kulkevat omaa rytmi\u00e4\u00e4n. Avaamme ennakkotilauksen, jotta jokainen voi varmistaa itselleen oikean koon. Kun 300 lippist\u00e4 on myyty, ennakkotilaus sulkeutuu pysyv\u00e4sti. Ei j\u00e4lkituotantoa. Ei toista droppia. Ei toista mahdollisuutta.<\/p>\n<p data-start=\"396\" data-end=\"439\"><strong>Arvioitu saapuminen: viimeist\u00e4\u00e4n 01.06.2026<\/strong><\/p>\n<p data-start=\"441\" data-end=\"490\">Koko on t\u00e4rke\u00e4, jotta lippis istuu t\u00e4ydellisesti!<\/p>\n<p data-start=\"492\" data-end=\"541\"><strong>K\u00e4yt\u00e4mme kokoja 53 \/ 55 \/ 57 \/ 58,5 \/ 60 \/ 62 cm.<\/strong><\/p>\n<p data-start=\"543\" data-end=\"671\" data-is-last-node=\"\" data-is-only-node=\"\"><strong>VINKKI: Mittaa p\u00e4\u00e4nymp\u00e4rys pehme\u00e4ll\u00e4 mittanauhalla asettamalla nauha noin 1 cm kulmakarvojen yl\u00e4puolelle ja korvien yl\u00e4osan yli.<\/strong><\/p>\n","protected":false},"featured_media":133822,"template":"","meta":[],"product_brand":[],"product_cat":[306,217,218,288,219,222,216],"product_tag":[462,461,164,1523,173],"class_list":{"0":"post-134588","1":"product","2":"type-product","3":"status-publish","4":"has-post-thumbnail","6":"product_cat-pre-order-fi","7":"product_cat-kaikki-tuotteet","8":"product_cat-paahineet","9":"product_cat-uudet-tuotteet","10":"product_cat-paahineet-fi","11":"product_cat-miehet","12":"product_cat-naiset","13":"product_tag-eesti-fi","14":"product_tag-estonia-fi","15":"product_tag-headgear-fi","16":"product_tag-nokamuts-fi","17":"product_tag-snapback-cap-fi","19":"first","20":"instock","21":"taxable","22":"shipping-taxable","23":"purchasable","24":"product-type-variable"},"_links":{"self":[{"href":"https:\/\/piradosbrand.com\/fi\/wp-json\/wp\/v2\/product\/134588","targetHints":{"allow":["GET"]}}],"collection":[{"href":"https:\/\/piradosbrand.com\/fi\/wp-json\/wp\/v2\/product"}],"about":[{"href":"https:\/\/piradosbrand.com\/fi\/wp-json\/wp\/v2\/types\/product"}],"wp:featuredmedia":[{"embeddable":true,"href":"https:\/\/piradosbrand.com\/fi\/wp-json\/wp\/v2\/media\/133822"}],"wp:attachment":[{"href":"https:\/\/piradosbrand.com\/fi\/wp-json\/wp\/v2\/media?parent=134588"}],"wp:term":[{"taxonomy":"product_brand","embeddable":true,"href":"https:\/\/piradosbrand.com\/fi\/wp-json\/wp\/v2\/product_brand?post=134588"},{"taxonomy":"product_cat","embeddable":true,"href":"https:\/\/piradosbrand.com\/fi\/wp-json\/wp\/v2\/product_cat?post=134588"},{"taxonomy":"product_tag","embeddable":true,"href":"https:\/\/piradosbrand.com\/fi\/wp-json\/wp\/v2\/product_tag?post=134588"}],"curies":[{"name":"wp","href":"https:\/\/api.w.org\/{rel}","templated":true}]}}