{"id":135044,"date":"2026-02-23T07:33:51","date_gmt":"2026-02-23T05:33:51","guid":{"rendered":"https:\/\/piradosbrand.com\/product\/pirados-tm-uimapuku-sky\/"},"modified":"2026-02-25T15:36:50","modified_gmt":"2026-02-25T13:36:50","slug":"pirados-tm-uimapuku-sky","status":"publish","type":"product","link":"https:\/\/piradosbrand.com\/fi\/tuote\/pirados-tm-uimapuku-sky\/","title":{"rendered":"&#8221;PIRADOS TM&#8221; UIMAPUKU &#8211; SKY"},"content":{"rendered":"<p data-start=\"234\" data-end=\"446\">Uimapuku korostaa luonnollista muotoasi selke\u00e4ll\u00e4 leikkauksella ja rohkealla ilmeell\u00e4. Kangas tuntuu sile\u00e4lt\u00e4 ihoa vasten ja on samalla napakka sek\u00e4 tukeva. Se joustaa kehon mukana ja s\u00e4ilytt\u00e4\u00e4 muotonsa k\u00e4yt\u00f6ss\u00e4.<\/p>\n<p data-start=\"448\" data-end=\"537\">Rannalle. Altaalle. Tai osaksi kes\u00e4tyyli\u00e4si.<br data-start=\"492\" data-end=\"495\" \/>T\u00e4m\u00e4 ei ole vain uima-asu. T\u00e4m\u00e4 on asenne.<\/p>\n<hr data-start=\"539\" data-end=\"542\" \/>\n<h3 data-start=\"544\" data-end=\"554\">TIEDOT<\/h3>\n<p data-start=\"556\" data-end=\"891\">\u2022 Premium-joustokangas<br data-start=\"578\" data-end=\"581\" \/>\u2022 Nelj\u00e4\u00e4n suuntaan joustava materiaali mukavuuden ja muodon s\u00e4ilytt\u00e4miseksi<br data-start=\"656\" data-end=\"659\" \/>\u2022 Kloorinkest\u00e4v\u00e4 materiaali<br data-start=\"686\" data-end=\"689\" \/>\u2022 Py\u00f6re\u00e4 p\u00e4\u00e4ntie ja matala selk\u00e4<br data-start=\"721\" data-end=\"724\" \/>\u2022 Cheeky-leikkaus, joka korostaa siluettia<br data-start=\"766\" data-end=\"769\" \/>\u2022 Kaksinkertainen etuosa paremman tuen vuoksi<br data-start=\"814\" data-end=\"817\" \/>\u2022 Vahvistetut ja kest\u00e4v\u00e4t ompeleet<br data-start=\"851\" data-end=\"854\" \/>\u2022 Keskipaksu kangas (n. 225\u2013230 g\/m\u00b2)<br \/>\n<img loading=\"lazy\" decoding=\"async\" class=\"alignnone size-full wp-image-136030\" src=\"https:\/\/piradosbrand.com\/wp-content\/uploads\/2026\/02\/Mittaa-itsesi.png\" alt=\"\" width=\"2400\" height=\"3392\" srcset=\"https:\/\/piradosbrand.com\/wp-content\/uploads\/2026\/02\/Mittaa-itsesi.png 2400w, https:\/\/piradosbrand.com\/wp-content\/uploads\/2026\/02\/Mittaa-itsesi-212x300.png 212w, https:\/\/piradosbrand.com\/wp-content\/uploads\/2026\/02\/Mittaa-itsesi-725x1024.png 725w, https:\/\/piradosbrand.com\/wp-content\/uploads\/2026\/02\/Mittaa-itsesi-768x1085.png 768w, https:\/\/piradosbrand.com\/wp-content\/uploads\/2026\/02\/Mittaa-itsesi-1087x1536.png 1087w, https:\/\/piradosbrand.com\/wp-content\/uploads\/2026\/02\/Mittaa-itsesi-1449x2048.png 1449w, https:\/\/piradosbrand.com\/wp-content\/uploads\/2026\/02\/Mittaa-itsesi-480x678.png 480w\" sizes=\"auto, (max-width: 2400px) 100vw, 2400px\" \/><\/p>\n","protected":false},"excerpt":{"rendered":"<p data-start=\"192\" data-end=\"221\">Kun se on loppu, se on loppu.<\/p>\n<p data-start=\"223\" data-end=\"337\">Jokainen tuote valmistetaan tilauksesta. Tuotamme t\u00e4sm\u00e4lleen sen, mit\u00e4 myymme \u2013 ei massavarastoa, ei ylituotantoa.<\/p>\n<p data-start=\"339\" data-end=\"386\"><strong>Valmistus- ja toimitusaika: enint\u00e4\u00e4n 14 p\u00e4iv\u00e4\u00e4.<\/strong><\/p>\n<p data-start=\"388\" data-end=\"445\">Valmistettu vastuullisesti.<br data-start=\"415\" data-end=\"418\" \/>Valmistettu tarkoituksella.<\/p>\n","protected":false},"featured_media":134988,"template":"","meta":[],"product_brand":[],"product_cat":[217,216,1138,288],"product_tag":[1576,1575,1580,174,1577,1578,1579],"class_list":{"0":"post-135044","1":"product","2":"type-product","3":"status-publish","4":"has-post-thumbnail","6":"product_cat-kaikki-tuotteet","7":"product_cat-naiset","8":"product_cat-uima-asut-ladies","9":"product_cat-uudet-tuotteet","10":"product_tag-bikiinid-fi","11":"product_tag-bikinis-fi","12":"product_tag-rand-fi","13":"product_tag-summer-fi","14":"product_tag-swimsuits-fi","15":"product_tag-trikoo-fi","16":"product_tag-ujumistrikoo-fi","18":"first","19":"instock","20":"taxable","21":"shipping-taxable","22":"purchasable","23":"product-type-variable"},"_links":{"self":[{"href":"https:\/\/piradosbrand.com\/fi\/wp-json\/wp\/v2\/product\/135044","targetHints":{"allow":["GET"]}}],"collection":[{"href":"https:\/\/piradosbrand.com\/fi\/wp-json\/wp\/v2\/product"}],"about":[{"href":"https:\/\/piradosbrand.com\/fi\/wp-json\/wp\/v2\/types\/product"}],"wp:featuredmedia":[{"embeddable":true,"href":"https:\/\/piradosbrand.com\/fi\/wp-json\/wp\/v2\/media\/134988"}],"wp:attachment":[{"href":"https:\/\/piradosbrand.com\/fi\/wp-json\/wp\/v2\/media?parent=135044"}],"wp:term":[{"taxonomy":"product_brand","embeddable":true,"href":"https:\/\/piradosbrand.com\/fi\/wp-json\/wp\/v2\/product_brand?post=135044"},{"taxonomy":"product_cat","embeddable":true,"href":"https:\/\/piradosbrand.com\/fi\/wp-json\/wp\/v2\/product_cat?post=135044"},{"taxonomy":"product_tag","embeddable":true,"href":"https:\/\/piradosbrand.com\/fi\/wp-json\/wp\/v2\/product_tag?post=135044"}],"curies":[{"name":"wp","href":"https:\/\/api.w.org\/{rel}","templated":true}]}}