{"id":135301,"date":"2026-02-23T11:29:40","date_gmt":"2026-02-23T09:29:40","guid":{"rendered":"https:\/\/piradosbrand.com\/product\/pirados-tm-bikinit-sky\/"},"modified":"2026-02-25T15:14:10","modified_gmt":"2026-02-25T13:14:10","slug":"pirados-tm-bikinit-sky","status":"publish","type":"product","link":"https:\/\/piradosbrand.com\/fi\/tuote\/pirados-tm-bikinit-sky\/","title":{"rendered":"&#8221;PIRADOS TM&#8221; BIKINIT &#8211; SKY"},"content":{"rendered":"<p data-start=\"353\" data-end=\"624\">Bikinit on suunniteltu korostamaan luonnollista vartalonmuotoasi selkeill\u00e4 linjoilla ja itsevarmalla leikkauksella. Kangas tuntuu miellytt\u00e4v\u00e4n sile\u00e4lt\u00e4 ihoa vasten ja tarjoaa tukea siell\u00e4, miss\u00e4 sit\u00e4 tarvitaan. Se joustaa kehon mukana ja s\u00e4ilytt\u00e4\u00e4 muotonsa my\u00f6s k\u00e4yt\u00f6ss\u00e4.<\/p>\n<p data-start=\"626\" data-end=\"741\">K\u00e4yt\u00e4 niit\u00e4 rannalla, altaalla tai yhdist\u00e4 kes\u00e4iseen kaupunkityyliin \u2013 t\u00e4m\u00e4 ei ole vain rantavaate. T\u00e4m\u00e4 on asenne.<\/p>\n<hr data-start=\"743\" data-end=\"746\" \/>\n<h3 data-start=\"748\" data-end=\"758\">TIEDOT<\/h3>\n<p data-start=\"760\" data-end=\"1188\">\u2022 Premium-kierr\u00e4tetty joustokangas<br data-start=\"794\" data-end=\"797\" \/>\u2022 Nelj\u00e4\u00e4n suuntaan joustava materiaali mukavuuden ja muodon s\u00e4ilytt\u00e4miseksi<br data-start=\"872\" data-end=\"875\" \/>\u2022 Pehme\u00e4, kaksinkertainen rakenne<br data-start=\"908\" data-end=\"911\" \/>\u2022 UPF 50+ aurinkosuoja<br data-start=\"933\" data-end=\"936\" \/>\u2022 S\u00e4\u00e4dett\u00e4v\u00e4t nauhat yksil\u00f6lliseen istuvuuteen<br data-start=\"982\" data-end=\"985\" \/>\u2022 Irrotettavat toppaukset lis\u00e4mukavuutta varten<br data-start=\"1032\" data-end=\"1035\" \/>\u2022 Useita sitomis- ja tyylivaihtoehtoja<br data-start=\"1073\" data-end=\"1076\" \/>\u2022 Vahvistetut ja kest\u00e4v\u00e4t ompeleet<br data-start=\"1110\" data-end=\"1113\" \/>\u2022 Keskipaksu kangas (n. 225\u2013230 g\/m\u00b2)<br data-start=\"1150\" data-end=\"1153\" \/>\u2022 Saatavilla kokoja jopa 6XL asti<br \/>\n<img loading=\"lazy\" decoding=\"async\" class=\"alignnone size-full wp-image-136014\" src=\"https:\/\/piradosbrand.com\/wp-content\/uploads\/2026\/02\/Bikini-pirados-Measure-Yourself-fi.png\" alt=\"\" width=\"2400\" height=\"3392\" srcset=\"https:\/\/piradosbrand.com\/wp-content\/uploads\/2026\/02\/Bikini-pirados-Measure-Yourself-fi.png 2400w, https:\/\/piradosbrand.com\/wp-content\/uploads\/2026\/02\/Bikini-pirados-Measure-Yourself-fi-212x300.png 212w, https:\/\/piradosbrand.com\/wp-content\/uploads\/2026\/02\/Bikini-pirados-Measure-Yourself-fi-725x1024.png 725w, https:\/\/piradosbrand.com\/wp-content\/uploads\/2026\/02\/Bikini-pirados-Measure-Yourself-fi-768x1085.png 768w, https:\/\/piradosbrand.com\/wp-content\/uploads\/2026\/02\/Bikini-pirados-Measure-Yourself-fi-1087x1536.png 1087w, https:\/\/piradosbrand.com\/wp-content\/uploads\/2026\/02\/Bikini-pirados-Measure-Yourself-fi-1449x2048.png 1449w, https:\/\/piradosbrand.com\/wp-content\/uploads\/2026\/02\/Bikini-pirados-Measure-Yourself-fi-480x678.png 480w\" sizes=\"auto, (max-width: 2400px) 100vw, 2400px\" \/><\/p>\n","protected":false},"excerpt":{"rendered":"<h3 data-start=\"128\" data-end=\"146\">RAJOITETTU ER\u00c4<\/h3>\n<p data-start=\"148\" data-end=\"214\">Valmistamme yhteens\u00e4 vain 300 kappaletta. Lis\u00e4tuotantoa ei tule.<\/p>\n<p data-start=\"216\" data-end=\"291\"><strong>Jokainen tuote valmistetaan tilauksesta. Toimitusaika enint\u00e4\u00e4n 14 p\u00e4iv\u00e4\u00e4.<\/strong><\/p>\n<p data-start=\"293\" data-end=\"346\">Valmistettu tietoisesti. Valmistettu juuri sinulle.<\/p>\n","protected":false},"featured_media":135216,"template":"","meta":[],"product_brand":[],"product_cat":[217,216,1138,288],"product_tag":[1576,1575,1580,174,1577,1578,1579],"class_list":{"0":"post-135301","1":"product","2":"type-product","3":"status-publish","4":"has-post-thumbnail","6":"product_cat-kaikki-tuotteet","7":"product_cat-naiset","8":"product_cat-uima-asut-ladies","9":"product_cat-uudet-tuotteet","10":"product_tag-bikiinid-fi","11":"product_tag-bikinis-fi","12":"product_tag-rand-fi","13":"product_tag-summer-fi","14":"product_tag-swimsuits-fi","15":"product_tag-trikoo-fi","16":"product_tag-ujumistrikoo-fi","18":"first","19":"instock","20":"taxable","21":"shipping-taxable","22":"purchasable","23":"product-type-variable"},"_links":{"self":[{"href":"https:\/\/piradosbrand.com\/fi\/wp-json\/wp\/v2\/product\/135301","targetHints":{"allow":["GET"]}}],"collection":[{"href":"https:\/\/piradosbrand.com\/fi\/wp-json\/wp\/v2\/product"}],"about":[{"href":"https:\/\/piradosbrand.com\/fi\/wp-json\/wp\/v2\/types\/product"}],"wp:featuredmedia":[{"embeddable":true,"href":"https:\/\/piradosbrand.com\/fi\/wp-json\/wp\/v2\/media\/135216"}],"wp:attachment":[{"href":"https:\/\/piradosbrand.com\/fi\/wp-json\/wp\/v2\/media?parent=135301"}],"wp:term":[{"taxonomy":"product_brand","embeddable":true,"href":"https:\/\/piradosbrand.com\/fi\/wp-json\/wp\/v2\/product_brand?post=135301"},{"taxonomy":"product_cat","embeddable":true,"href":"https:\/\/piradosbrand.com\/fi\/wp-json\/wp\/v2\/product_cat?post=135301"},{"taxonomy":"product_tag","embeddable":true,"href":"https:\/\/piradosbrand.com\/fi\/wp-json\/wp\/v2\/product_tag?post=135301"}],"curies":[{"name":"wp","href":"https:\/\/api.w.org\/{rel}","templated":true}]}}