{"id":135709,"date":"2026-02-23T13:41:54","date_gmt":"2026-02-23T11:41:54","guid":{"rendered":"https:\/\/piradosbrand.com\/product\/og-shortsit-flame\/"},"modified":"2026-02-25T14:21:55","modified_gmt":"2026-02-25T12:21:55","slug":"og-shortsit-flame","status":"publish","type":"product","link":"https:\/\/piradosbrand.com\/fi\/tuote\/og-shortsit-flame\/","title":{"rendered":"\u201cOG\u201d SHORTSIT &#8211; FLAME"},"content":{"rendered":"<p data-start=\"78\" data-end=\"120\">Suunniteltu kuumiin p\u00e4iviin. Tehty arkeen.<\/p>\n<p data-start=\"122\" data-end=\"344\">N\u00e4m\u00e4 shortsit on tehty pitkiin kes\u00e4p\u00e4iviin \u2013 kevyet, nopeasti kuivuvat ja hengitt\u00e4v\u00e4t. Nelj\u00e4\u00e4n suuntaan joustava kangas liikkuu luonnollisesti kehon mukana, ja pehme\u00e4, hankaamaton sis\u00e4vuori pit\u00e4\u00e4 olon mukavana koko p\u00e4iv\u00e4n.<\/p>\n<p data-start=\"346\" data-end=\"579\">Vett\u00e4 hylkiv\u00e4 ja selke\u00e4linjainen design tarkoittaa, ett\u00e4 ne eiv\u00e4t ole vain rannalle tai altaalle. K\u00e4yt\u00e4 niit\u00e4 treeneiss\u00e4, kahvilassa, tapaamisessa tai miss\u00e4 tahansa p\u00e4iv\u00e4si vie. Riitt\u00e4v\u00e4n toimivat veteen. Riitt\u00e4v\u00e4n tyylikk\u00e4\u00e4t arkeen.<\/p>\n<hr data-start=\"581\" data-end=\"584\" \/>\n<h3 data-start=\"586\" data-end=\"596\">TIEDOT<\/h3>\n<p data-start=\"598\" data-end=\"990\">\u2022 91 % kierr\u00e4tetty\u00e4 polyesteri\u00e4, 9 % spandexia<br data-start=\"644\" data-end=\"647\" \/>\u2022 Vuori: 92 % polyesteri\u00e4, 8 % spandexia (USA) \/ 90 % polyesteri\u00e4, 10 % elastaania (EU)<br data-start=\"734\" data-end=\"737\" \/>\u2022 Kankaan paino: 174 g\/m\u00b2<br data-start=\"762\" data-end=\"765\" \/>\u2022 Nelj\u00e4\u00e4n suuntaan joustava, vett\u00e4 hylkiv\u00e4 mikrokuitukangas<br data-start=\"824\" data-end=\"827\" \/>\u2022 Hankaamaton verkkosis\u00e4vuori<br data-start=\"856\" data-end=\"859\" \/>\u2022 Joustava vy\u00f6t\u00e4r\u00f6 s\u00e4\u00e4dett\u00e4v\u00e4ll\u00e4 kiristysny\u00f6rill\u00e4<br data-start=\"908\" data-end=\"911\" \/>\u2022 Verkkosivutaskut<br data-start=\"929\" data-end=\"932\" \/>\u2022 Pieni sis\u00e4tasku arvoesineille<br data-start=\"963\" data-end=\"966\" \/>\u2022 UPF 50+ aurinkosuoja<br \/>\n<img loading=\"lazy\" decoding=\"async\" class=\"alignnone size-full wp-image-135997\" src=\"https:\/\/piradosbrand.com\/wp-content\/uploads\/2026\/02\/Shorts-pirados-measure-yourself-fin.png\" alt=\"\" width=\"2400\" height=\"3392\" srcset=\"https:\/\/piradosbrand.com\/wp-content\/uploads\/2026\/02\/Shorts-pirados-measure-yourself-fin.png 2400w, https:\/\/piradosbrand.com\/wp-content\/uploads\/2026\/02\/Shorts-pirados-measure-yourself-fin-212x300.png 212w, https:\/\/piradosbrand.com\/wp-content\/uploads\/2026\/02\/Shorts-pirados-measure-yourself-fin-725x1024.png 725w, https:\/\/piradosbrand.com\/wp-content\/uploads\/2026\/02\/Shorts-pirados-measure-yourself-fin-768x1085.png 768w, https:\/\/piradosbrand.com\/wp-content\/uploads\/2026\/02\/Shorts-pirados-measure-yourself-fin-1087x1536.png 1087w, https:\/\/piradosbrand.com\/wp-content\/uploads\/2026\/02\/Shorts-pirados-measure-yourself-fin-1449x2048.png 1449w, https:\/\/piradosbrand.com\/wp-content\/uploads\/2026\/02\/Shorts-pirados-measure-yourself-fin-480x678.png 480w\" sizes=\"auto, (max-width: 2400px) 100vw, 2400px\" \/><\/p>\n","protected":false},"excerpt":{"rendered":"<h3 data-start=\"64\" data-end=\"82\">RAJOITETTU ER\u00c4<\/h3>\n<p data-start=\"84\" data-end=\"150\">Valmistamme yhteens\u00e4 vain 300 kappaletta.<br data-start=\"125\" data-end=\"128\" \/>Lis\u00e4tuotantoa ei tule. Kun se on loppu, se on loppu.<\/p>\n<p data-start=\"183\" data-end=\"272\"><strong>Jokainen tuote valmistetaan tilauksesta. Valmistus- ja toimitusaika enint\u00e4\u00e4n 14 p\u00e4iv\u00e4\u00e4.<\/strong><\/p>\n<p data-start=\"274\" data-end=\"327\">Valmistettu tietoisesti. Valmistettu juuri sinulle.<\/p>\n","protected":false},"featured_media":135609,"template":"","meta":[],"product_brand":[],"product_cat":[217,222,226,1141,288],"product_tag":[172,1594,1622],"class_list":{"0":"post-135709","1":"product","2":"type-product","3":"status-publish","4":"has-post-thumbnail","6":"product_cat-kaikki-tuotteet","7":"product_cat-miehet","8":"product_cat-shortsit-fi","9":"product_cat-uima-asut-mens","10":"product_cat-uudet-tuotteet","11":"product_tag-shorts-fi","12":"product_tag-shortsit","13":"product_tag-uimahousut","15":"first","16":"instock","17":"taxable","18":"shipping-taxable","19":"purchasable","20":"product-type-variable"},"_links":{"self":[{"href":"https:\/\/piradosbrand.com\/fi\/wp-json\/wp\/v2\/product\/135709","targetHints":{"allow":["GET"]}}],"collection":[{"href":"https:\/\/piradosbrand.com\/fi\/wp-json\/wp\/v2\/product"}],"about":[{"href":"https:\/\/piradosbrand.com\/fi\/wp-json\/wp\/v2\/types\/product"}],"wp:featuredmedia":[{"embeddable":true,"href":"https:\/\/piradosbrand.com\/fi\/wp-json\/wp\/v2\/media\/135609"}],"wp:attachment":[{"href":"https:\/\/piradosbrand.com\/fi\/wp-json\/wp\/v2\/media?parent=135709"}],"wp:term":[{"taxonomy":"product_brand","embeddable":true,"href":"https:\/\/piradosbrand.com\/fi\/wp-json\/wp\/v2\/product_brand?post=135709"},{"taxonomy":"product_cat","embeddable":true,"href":"https:\/\/piradosbrand.com\/fi\/wp-json\/wp\/v2\/product_cat?post=135709"},{"taxonomy":"product_tag","embeddable":true,"href":"https:\/\/piradosbrand.com\/fi\/wp-json\/wp\/v2\/product_tag?post=135709"}],"curies":[{"name":"wp","href":"https:\/\/api.w.org\/{rel}","templated":true}]}}