{"id":135905,"date":"2026-02-23T13:57:20","date_gmt":"2026-02-23T11:57:20","guid":{"rendered":"https:\/\/piradosbrand.com\/product\/og-napitettava-paita-shadow\/"},"modified":"2026-02-25T13:05:14","modified_gmt":"2026-02-25T11:05:14","slug":"og-napitettava-paita-shadow","status":"publish","type":"product","link":"https:\/\/piradosbrand.com\/fi\/tuote\/og-napitettava-paita-shadow\/","title":{"rendered":"\u201cOG\u201d NAPITETTAVA PAITA \u2013 SHADOW"},"content":{"rendered":"<p data-start=\"387\" data-end=\"429\">Kevyt. Yksinkertainen. Tehty kes\u00e4\u00e4 varten.<\/p>\n<p data-start=\"431\" data-end=\"630\">T\u00e4m\u00e4 napitettava paita on suunniteltu kuumiin p\u00e4iviin \u2013 eritt\u00e4in kevyt, hengitt\u00e4v\u00e4 ja kosteutta siirt\u00e4v\u00e4. Kangas tuntuu sile\u00e4lt\u00e4 ihoa vasten ja pit\u00e4\u00e4 olon mukavana my\u00f6s kaikkein l\u00e4mpimimpin\u00e4 p\u00e4ivin\u00e4.<\/p>\n<p data-start=\"632\" data-end=\"776\">Oversize-leikkaus ja selke\u00e4 design tekev\u00e4t siit\u00e4 sopivan niin rannikolle kuin kaupunkiin. K\u00e4yt\u00e4 avoimena tai napitettuna \u2013 se mukautuu p\u00e4iv\u00e4\u00e4si.<\/p>\n<hr data-start=\"778\" data-end=\"781\" \/>\n<h3 data-start=\"783\" data-end=\"793\">TIEDOT<\/h3>\n<p data-start=\"795\" data-end=\"1087\">\u2022 EU: 65 % kierr\u00e4tetty\u00e4 polyesteri\u00e4, 35 % polyesteri\u00e4<br data-start=\"848\" data-end=\"851\" \/>\u2022 USA: 100 % kierr\u00e4tetty\u00e4 polyesteri\u00e4<br data-start=\"888\" data-end=\"891\" \/>\u2022 Kankaan paino (EU): 100 g\/m\u00b2<br data-start=\"921\" data-end=\"924\" \/>\u2022 Kankaan paino (USA): 110 g\/m\u00b2<br data-start=\"955\" data-end=\"958\" \/>\u2022 Hengitt\u00e4v\u00e4 ja kosteutta siirt\u00e4v\u00e4 kangas UPF 50+ -suojalla (EU)<br data-start=\"1022\" data-end=\"1025\" \/>\u2022 Oversize-leikkaus<br data-start=\"1044\" data-end=\"1047\" \/>\u2022 Kevyt ja nopeasti kuivuva materiaali<\/p>\n<p><img loading=\"lazy\" decoding=\"async\" class=\"alignnone size-full wp-image-135976\" src=\"https:\/\/piradosbrand.com\/wp-content\/uploads\/2026\/02\/Button-Up-Pirados-Measure-Yourself-Suomi.png\" alt=\"\" width=\"2400\" height=\"3392\" srcset=\"https:\/\/piradosbrand.com\/wp-content\/uploads\/2026\/02\/Button-Up-Pirados-Measure-Yourself-Suomi.png 2400w, https:\/\/piradosbrand.com\/wp-content\/uploads\/2026\/02\/Button-Up-Pirados-Measure-Yourself-Suomi-212x300.png 212w, https:\/\/piradosbrand.com\/wp-content\/uploads\/2026\/02\/Button-Up-Pirados-Measure-Yourself-Suomi-725x1024.png 725w, https:\/\/piradosbrand.com\/wp-content\/uploads\/2026\/02\/Button-Up-Pirados-Measure-Yourself-Suomi-768x1085.png 768w, https:\/\/piradosbrand.com\/wp-content\/uploads\/2026\/02\/Button-Up-Pirados-Measure-Yourself-Suomi-1087x1536.png 1087w, https:\/\/piradosbrand.com\/wp-content\/uploads\/2026\/02\/Button-Up-Pirados-Measure-Yourself-Suomi-1449x2048.png 1449w, https:\/\/piradosbrand.com\/wp-content\/uploads\/2026\/02\/Button-Up-Pirados-Measure-Yourself-Suomi-480x678.png 480w\" sizes=\"auto, (max-width: 2400px) 100vw, 2400px\" \/><\/p>\n","protected":false},"excerpt":{"rendered":"<h3 data-start=\"117\" data-end=\"135\">RAJOITETTU ER\u00c4<\/h3>\n<p data-start=\"137\" data-end=\"203\">Valmistamme yhteens\u00e4 vain 300 kappaletta.<br data-start=\"178\" data-end=\"181\" \/>Lis\u00e4tuotantoa ei tule.<\/p>\n<p data-start=\"205\" data-end=\"234\">Kun se on loppu, se on loppu.<\/p>\n<p data-start=\"236\" data-end=\"325\"><strong>Jokainen tuote valmistetaan tilauksesta.<\/strong><br data-start=\"276\" data-end=\"279\" \/><strong>Valmistus- ja toimitusaika enint\u00e4\u00e4n 14 p\u00e4iv\u00e4\u00e4.<\/strong><\/p>\n<p data-start=\"327\" data-end=\"380\">Valmistettu tietoisesti.<br data-start=\"351\" data-end=\"354\" \/>Valmistettu juuri sinulle.<\/p>\n","protected":false},"featured_media":135781,"template":"","meta":[],"product_brand":[],"product_cat":[217,222,225,1141,288],"product_tag":[1613,1610,1612,1609,1611,1608,171,1614],"class_list":{"0":"post-135905","1":"product","2":"type-product","3":"status-publish","4":"has-post-thumbnail","6":"product_cat-kaikki-tuotteet","7":"product_cat-miehet","8":"product_cat-t-paidat-polo-hihattomat","9":"product_cat-uima-asut-mens","10":"product_cat-uudet-tuotteet","11":"product_tag-kesapaita","12":"product_tag-napitettava-paita-fi","13":"product_tag-napitettava-paita-fi-2","14":"product_tag-napitettava-paita","15":"product_tag-paita-fi-2","16":"product_tag-rantapaita","17":"product_tag-shirt-fi","18":"product_tag-vapaa-ajan-paita","20":"first","21":"instock","22":"taxable","23":"shipping-taxable","24":"purchasable","25":"product-type-variable"},"_links":{"self":[{"href":"https:\/\/piradosbrand.com\/fi\/wp-json\/wp\/v2\/product\/135905","targetHints":{"allow":["GET"]}}],"collection":[{"href":"https:\/\/piradosbrand.com\/fi\/wp-json\/wp\/v2\/product"}],"about":[{"href":"https:\/\/piradosbrand.com\/fi\/wp-json\/wp\/v2\/types\/product"}],"wp:featuredmedia":[{"embeddable":true,"href":"https:\/\/piradosbrand.com\/fi\/wp-json\/wp\/v2\/media\/135781"}],"wp:attachment":[{"href":"https:\/\/piradosbrand.com\/fi\/wp-json\/wp\/v2\/media?parent=135905"}],"wp:term":[{"taxonomy":"product_brand","embeddable":true,"href":"https:\/\/piradosbrand.com\/fi\/wp-json\/wp\/v2\/product_brand?post=135905"},{"taxonomy":"product_cat","embeddable":true,"href":"https:\/\/piradosbrand.com\/fi\/wp-json\/wp\/v2\/product_cat?post=135905"},{"taxonomy":"product_tag","embeddable":true,"href":"https:\/\/piradosbrand.com\/fi\/wp-json\/wp\/v2\/product_tag?post=135905"}],"curies":[{"name":"wp","href":"https:\/\/api.w.org\/{rel}","templated":true}]}}