{"id":136355,"date":"2026-03-06T08:55:59","date_gmt":"2026-03-06T06:55:59","guid":{"rendered":"https:\/\/piradosbrand.com\/product\/og-track-pants-noble\/"},"modified":"2026-03-07T10:42:07","modified_gmt":"2026-03-07T08:42:07","slug":"og-track-pants-noble","status":"publish","type":"product","link":"https:\/\/piradosbrand.com\/fi\/tuote\/og-track-pants-noble\/","title":{"rendered":"\u201cOG\u201d TRACK PANTS \u2013 NOBLE"},"content":{"rendered":"<p><img loading=\"lazy\" decoding=\"async\" class=\"alignnone size-full wp-image-136767\" src=\"https:\/\/piradosbrand.com\/wp-content\/uploads\/2026\/03\/2026-og-trackpants-fin.png\" alt=\"\" width=\"2400\" height=\"1980\" srcset=\"https:\/\/piradosbrand.com\/wp-content\/uploads\/2026\/03\/2026-og-trackpants-fin.png 2400w, https:\/\/piradosbrand.com\/wp-content\/uploads\/2026\/03\/2026-og-trackpants-fin-300x248.png 300w, https:\/\/piradosbrand.com\/wp-content\/uploads\/2026\/03\/2026-og-trackpants-fin-1024x845.png 1024w, https:\/\/piradosbrand.com\/wp-content\/uploads\/2026\/03\/2026-og-trackpants-fin-768x634.png 768w, https:\/\/piradosbrand.com\/wp-content\/uploads\/2026\/03\/2026-og-trackpants-fin-1536x1267.png 1536w, https:\/\/piradosbrand.com\/wp-content\/uploads\/2026\/03\/2026-og-trackpants-fin-2048x1690.png 2048w, https:\/\/piradosbrand.com\/wp-content\/uploads\/2026\/03\/2026-og-trackpants-fin-480x396.png 480w\" sizes=\"auto, (max-width: 2400px) 100vw, 2400px\" \/><img loading=\"lazy\" decoding=\"async\" class=\"alignnone size-full wp-image-136767\" src=\"https:\/\/piradosbrand.com\/wp-content\/uploads\/2026\/03\/2026-og-trackpants-fin.png\" alt=\"\" width=\"2400\" height=\"1980\" srcset=\"https:\/\/piradosbrand.com\/wp-content\/uploads\/2026\/03\/2026-og-trackpants-fin.png 2400w, https:\/\/piradosbrand.com\/wp-content\/uploads\/2026\/03\/2026-og-trackpants-fin-300x248.png 300w, https:\/\/piradosbrand.com\/wp-content\/uploads\/2026\/03\/2026-og-trackpants-fin-1024x845.png 1024w, https:\/\/piradosbrand.com\/wp-content\/uploads\/2026\/03\/2026-og-trackpants-fin-768x634.png 768w, https:\/\/piradosbrand.com\/wp-content\/uploads\/2026\/03\/2026-og-trackpants-fin-1536x1267.png 1536w, https:\/\/piradosbrand.com\/wp-content\/uploads\/2026\/03\/2026-og-trackpants-fin-2048x1690.png 2048w, https:\/\/piradosbrand.com\/wp-content\/uploads\/2026\/03\/2026-og-trackpants-fin-480x396.png 480w\" sizes=\"auto, (max-width: 2400px) 100vw, 2400px\" \/><img loading=\"lazy\" decoding=\"async\" class=\"alignnone size-full wp-image-136767\" src=\"https:\/\/piradosbrand.com\/wp-content\/uploads\/2026\/03\/2026-og-trackpants-fin.png\" alt=\"\" width=\"2400\" height=\"1980\" srcset=\"https:\/\/piradosbrand.com\/wp-content\/uploads\/2026\/03\/2026-og-trackpants-fin.png 2400w, https:\/\/piradosbrand.com\/wp-content\/uploads\/2026\/03\/2026-og-trackpants-fin-300x248.png 300w, https:\/\/piradosbrand.com\/wp-content\/uploads\/2026\/03\/2026-og-trackpants-fin-1024x845.png 1024w, https:\/\/piradosbrand.com\/wp-content\/uploads\/2026\/03\/2026-og-trackpants-fin-768x634.png 768w, https:\/\/piradosbrand.com\/wp-content\/uploads\/2026\/03\/2026-og-trackpants-fin-1536x1267.png 1536w, https:\/\/piradosbrand.com\/wp-content\/uploads\/2026\/03\/2026-og-trackpants-fin-2048x1690.png 2048w, https:\/\/piradosbrand.com\/wp-content\/uploads\/2026\/03\/2026-og-trackpants-fin-480x396.png 480w\" sizes=\"auto, (max-width: 2400px) 100vw, 2400px\" \/>Kevyet ja vett\u00e4 hylkiv\u00e4t housut, jotka sopivat t\u00e4ydellisesti arkeen ja liikkumiseen. V\u00e4lj\u00e4 istuvuus antaa liikkumavapautta ja hengitt\u00e4v\u00e4 mesh-vuori pit\u00e4\u00e4 housut mukavina koko p\u00e4iv\u00e4n. Joustavat lahkeensuut luovat siistin siluetin ja tuovat sneakerit hyvin esille. K\u00e4yt\u00e4 housuja sellaisenaan tai yhdist\u00e4 <strong data-start=\"947\" data-end=\"968\">OG windbreakeriin<\/strong> saadaksesi t\u00e4ydellisen <strong data-start=\"992\" data-end=\"1008\">OG tracksuit<\/strong> -kokonaisuuden.<\/p>\n<p><strong>TEKNISET TIEDOT<\/strong><\/p>\n<p data-start=\"1049\" data-end=\"1294\">\u2022 100 % polyesteri<br data-start=\"1067\" data-end=\"1070\" \/>\u2022 Kankaan paino: 75 g\/m\u00b2<br data-start=\"1094\" data-end=\"1097\" \/>\u2022 Kevyt ja vett\u00e4 hylkiv\u00e4 materiaali<br data-start=\"1132\" data-end=\"1135\" \/>\u2022 T\u00e4ysi hengitt\u00e4v\u00e4 mesh-vuori<br data-start=\"1164\" data-end=\"1167\" \/>\u2022 V\u00e4lj\u00e4 istuvuus<br data-start=\"1183\" data-end=\"1186\" \/>\u2022 Joustava vy\u00f6t\u00e4r\u00f6 kiristysny\u00f6rill\u00e4<br data-start=\"1221\" data-end=\"1224\" \/>\u2022 Joustavat lahkeensuut<br data-start=\"1247\" data-end=\"1250\" \/>\u2022 Vetoketjulliset taskut<br data-start=\"1274\" data-end=\"1277\" \/>\u2022 Istuu lantiolla<\/p>\n","protected":false},"excerpt":{"rendered":"<p data-start=\"643\" data-end=\"825\"><strong data-start=\"352\" data-end=\"376\">Vain 300 kappaletta. <\/strong>Lis\u00e4tuotantoa ei tule eik\u00e4 toista dropia ole. Kun er\u00e4 on loppuunmyyty, se on loppu. Jokainen tuote valmistetaan tilauksesta. Valmistamme t\u00e4sm\u00e4lleen sen m\u00e4\u00e4r\u00e4n, jonka myymme &#8211; ilman massavarastoa ja ylituotantoa. <strong data-start=\"593\" data-end=\"638\">Tuotanto ja toimitus: enint\u00e4\u00e4n 28 p\u00e4iv\u00e4\u00e4.<\/strong><\/p>\n","protected":false},"featured_media":136171,"template":"","meta":[],"product_brand":[],"product_cat":[217,222,226,288],"product_tag":[],"class_list":{"0":"post-136355","1":"product","2":"type-product","3":"status-publish","4":"has-post-thumbnail","6":"product_cat-kaikki-tuotteet","7":"product_cat-miehet","8":"product_cat-shortsit-fi","9":"product_cat-uudet-tuotteet","11":"first","12":"instock","13":"taxable","14":"shipping-taxable","15":"purchasable","16":"product-type-variable"},"_links":{"self":[{"href":"https:\/\/piradosbrand.com\/fi\/wp-json\/wp\/v2\/product\/136355","targetHints":{"allow":["GET"]}}],"collection":[{"href":"https:\/\/piradosbrand.com\/fi\/wp-json\/wp\/v2\/product"}],"about":[{"href":"https:\/\/piradosbrand.com\/fi\/wp-json\/wp\/v2\/types\/product"}],"wp:featuredmedia":[{"embeddable":true,"href":"https:\/\/piradosbrand.com\/fi\/wp-json\/wp\/v2\/media\/136171"}],"wp:attachment":[{"href":"https:\/\/piradosbrand.com\/fi\/wp-json\/wp\/v2\/media?parent=136355"}],"wp:term":[{"taxonomy":"product_brand","embeddable":true,"href":"https:\/\/piradosbrand.com\/fi\/wp-json\/wp\/v2\/product_brand?post=136355"},{"taxonomy":"product_cat","embeddable":true,"href":"https:\/\/piradosbrand.com\/fi\/wp-json\/wp\/v2\/product_cat?post=136355"},{"taxonomy":"product_tag","embeddable":true,"href":"https:\/\/piradosbrand.com\/fi\/wp-json\/wp\/v2\/product_tag?post=136355"}],"curies":[{"name":"wp","href":"https:\/\/api.w.org\/{rel}","templated":true}]}}