{"id":136500,"date":"2026-03-06T10:28:21","date_gmt":"2026-03-06T08:28:21","guid":{"rendered":"https:\/\/piradosbrand.com\/product\/og-windbreaker-flame\/"},"modified":"2026-03-07T11:07:19","modified_gmt":"2026-03-07T09:07:19","slug":"og-windbreaker-flame","status":"publish","type":"product","link":"https:\/\/piradosbrand.com\/fi\/tuote\/og-windbreaker-flame\/","title":{"rendered":"\u201cOG\u201d WINDBREAKER \u2013 FLAME"},"content":{"rendered":"<p><img loading=\"lazy\" decoding=\"async\" class=\"alignnone size-full wp-image-136783\" src=\"https:\/\/piradosbrand.com\/wp-content\/uploads\/2026\/03\/2026-og-windbreaker-fin.png\" alt=\"\" width=\"2400\" height=\"1980\" srcset=\"https:\/\/piradosbrand.com\/wp-content\/uploads\/2026\/03\/2026-og-windbreaker-fin.png 2400w, https:\/\/piradosbrand.com\/wp-content\/uploads\/2026\/03\/2026-og-windbreaker-fin-300x248.png 300w, https:\/\/piradosbrand.com\/wp-content\/uploads\/2026\/03\/2026-og-windbreaker-fin-1024x845.png 1024w, https:\/\/piradosbrand.com\/wp-content\/uploads\/2026\/03\/2026-og-windbreaker-fin-768x634.png 768w, https:\/\/piradosbrand.com\/wp-content\/uploads\/2026\/03\/2026-og-windbreaker-fin-1536x1267.png 1536w, https:\/\/piradosbrand.com\/wp-content\/uploads\/2026\/03\/2026-og-windbreaker-fin-2048x1690.png 2048w, https:\/\/piradosbrand.com\/wp-content\/uploads\/2026\/03\/2026-og-windbreaker-fin-480x396.png 480w\" sizes=\"auto, (max-width: 2400px) 100vw, 2400px\" \/>Kevyt ja vett\u00e4 hylkiv\u00e4 <strong data-start=\"493\" data-end=\"507\">tuulitakki<\/strong>, joka on suunniteltu jokap\u00e4iv\u00e4iseen liikkumiseen ja vaihtelevaan s\u00e4\u00e4h\u00e4n. Hengitt\u00e4v\u00e4 mesh-vuori pit\u00e4\u00e4 takin mukavana koko p\u00e4iv\u00e4n, ja selke\u00e4 leikkaus sopii hyvin erilaisiin streetwear-asuihin. K\u00e4yt\u00e4 sit\u00e4 sellaisenaan tai yhdist\u00e4 <strong data-start=\"736\" data-end=\"762\">OG Track Pants \u2013 Noble<\/strong> -housujen kanssa saadaksesi t\u00e4ydellisen <strong data-start=\"803\" data-end=\"819\">OG tracksuit<\/strong> -kokonaisuuden.<\/p>\n<div id=\"product-136475\" class=\"product type-product post-136475 status-publish first instock product_cat-hupparit-collegepaidat-fi product_cat-kaikki-tuotteet product_cat-miehet product_cat-uudet-tuotteet has-post-thumbnail taxable shipping-taxable purchasable product-type-variable\">\n<div class=\"woocommerce-tabs wc-tabs-wrapper\">\n<div id=\"tab-description\" class=\"woocommerce-Tabs-panel woocommerce-Tabs-panel--description panel entry-content wc-tab current\" role=\"tabpanel\" aria-labelledby=\"tab-title-description\">\n<div class=\"row\">\n<div class=\"large-8 xlarge-6 large-centered xlarge-centered columns\">\n<p><strong data-start=\"841\" data-end=\"860\">TEKNISET TIEDOT<\/strong><\/p>\n<p data-start=\"862\" data-end=\"1088\">\u2022 100 % polyesteri<br data-start=\"880\" data-end=\"883\" \/>\u2022 Kankaan paino: 75 g\/m\u00b2<br data-start=\"907\" data-end=\"910\" \/>\u2022 Kevyt ja vett\u00e4 hylkiv\u00e4 materiaali<br data-start=\"945\" data-end=\"948\" \/>\u2022 Hengitt\u00e4v\u00e4 mesh-vuori<br data-start=\"971\" data-end=\"974\" \/>\u2022 Regular fit -leikkaus<br data-start=\"997\" data-end=\"1000\" \/>\u2022 Joustavat hihansuut<br data-start=\"1021\" data-end=\"1024\" \/>\u2022 Huppu ja vetoketjulliset sivutaskut<br data-start=\"1061\" data-end=\"1064\" \/>\u2022 T\u00e4yspitk\u00e4 etuvetoketju<\/p>\n<\/div>\n<\/div>\n<\/div>\n<\/div>\n<\/div>\n","protected":false},"excerpt":{"rendered":"<p>Myymme vain <strong data-start=\"275\" data-end=\"293\">300 kappaletta<\/strong>. Lis\u00e4tuotantoa ei tule eik\u00e4 toista dropia ole. Kun tuote on loppuunmyyty, se on loppu. Jokainen tuote valmistetaan tilauksesta. <strong data-start=\"423\" data-end=\"468\">Tuotanto ja toimitus: enint\u00e4\u00e4n 28 p\u00e4iv\u00e4\u00e4.<\/strong><\/p>\n","protected":false},"featured_media":136267,"template":"","meta":[],"product_brand":[],"product_cat":[221,217,222,288],"product_tag":[],"class_list":{"0":"post-136500","1":"product","2":"type-product","3":"status-publish","4":"has-post-thumbnail","6":"product_cat-hupparit-collegepaidat-fi","7":"product_cat-kaikki-tuotteet","8":"product_cat-miehet","9":"product_cat-uudet-tuotteet","11":"first","12":"instock","13":"taxable","14":"shipping-taxable","15":"purchasable","16":"product-type-variable"},"_links":{"self":[{"href":"https:\/\/piradosbrand.com\/fi\/wp-json\/wp\/v2\/product\/136500","targetHints":{"allow":["GET"]}}],"collection":[{"href":"https:\/\/piradosbrand.com\/fi\/wp-json\/wp\/v2\/product"}],"about":[{"href":"https:\/\/piradosbrand.com\/fi\/wp-json\/wp\/v2\/types\/product"}],"wp:featuredmedia":[{"embeddable":true,"href":"https:\/\/piradosbrand.com\/fi\/wp-json\/wp\/v2\/media\/136267"}],"wp:attachment":[{"href":"https:\/\/piradosbrand.com\/fi\/wp-json\/wp\/v2\/media?parent=136500"}],"wp:term":[{"taxonomy":"product_brand","embeddable":true,"href":"https:\/\/piradosbrand.com\/fi\/wp-json\/wp\/v2\/product_brand?post=136500"},{"taxonomy":"product_cat","embeddable":true,"href":"https:\/\/piradosbrand.com\/fi\/wp-json\/wp\/v2\/product_cat?post=136500"},{"taxonomy":"product_tag","embeddable":true,"href":"https:\/\/piradosbrand.com\/fi\/wp-json\/wp\/v2\/product_tag?post=136500"}],"curies":[{"name":"wp","href":"https:\/\/api.w.org\/{rel}","templated":true}]}}