{"id":136950,"date":"2026-03-07T09:38:51","date_gmt":"2026-03-07T07:38:51","guid":{"rendered":"https:\/\/piradosbrand.com\/product\/og-miesten-slip-on-flame\/"},"modified":"2026-03-07T09:38:51","modified_gmt":"2026-03-07T07:38:51","slug":"og-miesten-slip-on-flame","status":"publish","type":"product","link":"https:\/\/piradosbrand.com\/fi\/tuote\/og-miesten-slip-on-flame\/","title":{"rendered":"\u201cOG\u201d MIESTEN SLIP-ON \u2013FLAME"},"content":{"rendered":"<p><img loading=\"lazy\" decoding=\"async\" class=\"alignnone size-full wp-image-136801\" src=\"https:\/\/piradosbrand.com\/wp-content\/uploads\/2026\/03\/2026-og-slip-on-fin-scaled.png\" alt=\"\" width=\"1867\" height=\"2560\" srcset=\"https:\/\/piradosbrand.com\/wp-content\/uploads\/2026\/03\/2026-og-slip-on-fin-scaled.png 1867w, https:\/\/piradosbrand.com\/wp-content\/uploads\/2026\/03\/2026-og-slip-on-fin-219x300.png 219w, https:\/\/piradosbrand.com\/wp-content\/uploads\/2026\/03\/2026-og-slip-on-fin-747x1024.png 747w, https:\/\/piradosbrand.com\/wp-content\/uploads\/2026\/03\/2026-og-slip-on-fin-768x1053.png 768w, https:\/\/piradosbrand.com\/wp-content\/uploads\/2026\/03\/2026-og-slip-on-fin-1120x1536.png 1120w, https:\/\/piradosbrand.com\/wp-content\/uploads\/2026\/03\/2026-og-slip-on-fin-1494x2048.png 1494w, https:\/\/piradosbrand.com\/wp-content\/uploads\/2026\/03\/2026-og-slip-on-fin-480x658.png 480w\" sizes=\"auto, (max-width: 1867px) 100vw, 1867px\" \/><\/p>\n<p>Kevyet ja mukavat slip-on-keng\u00e4t p\u00e4ivitt\u00e4iseen liikkumiseen. Kest\u00e4v\u00e4 canvas-p\u00e4\u00e4llinen, hengitt\u00e4v\u00e4 vuori ja joustava EVA-pohja pit\u00e4v\u00e4t askeleen mukavana koko p\u00e4iv\u00e4n. Helppo sujauttaa jalkaan ja helppo k\u00e4ytt\u00e4\u00e4 \u2013 sopivat kadulle, kaupunkiin ja arkeen.<\/p>\n<p data-start=\"622\" data-end=\"638\"><strong data-start=\"622\" data-end=\"638\">OMINAISUUDET<\/strong><\/p>\n<p data-start=\"640\" data-end=\"953\">\u2022 Kest\u00e4v\u00e4 canvas-p\u00e4\u00e4llinen<br data-start=\"666\" data-end=\"669\" \/>\u2022 Kevyt ja joustava EVA-kumipohja<br data-start=\"702\" data-end=\"705\" \/>\u2022 Hengitt\u00e4v\u00e4 sis\u00e4vuori<br data-start=\"727\" data-end=\"730\" \/>\u2022 Pehme\u00e4 irrotettava sis\u00e4pohja<br data-start=\"760\" data-end=\"763\" \/>\u2022 Joustavat sivupaneelit helpottavat jalkaan laittamista<br data-start=\"819\" data-end=\"822\" \/>\u2022 Pehmustettu kaulus ja kieli<br data-start=\"851\" data-end=\"854\" \/>\u2022 Pirados-br\u00e4nd\u00e4ys laatikossa, sis\u00e4pohjassa ja keng\u00e4n kieless\u00e4<br data-start=\"916\" data-end=\"919\" \/>\u2022 Painettu, leikattu ja k\u00e4sintehty<\/p>\n","protected":false},"excerpt":{"rendered":"<p>Valmistamme vain\u00a0<strong data-start=\"178\" data-end=\"191\">300 paria<\/strong>. Lis\u00e4tuotantoa ei tule. Toista dropia ei tule. Kun n\u00e4m\u00e4 on myyty loppuun, ne ovat loppu.Jokainen pari valmistetaan tilauksesta.\u00a0<strong data-start=\"324\" data-end=\"370\">Tuotanto- ja toimitusaika: jopa 28 p\u00e4iv\u00e4\u00e4.<\/strong><\/p>\n","protected":false},"featured_media":136564,"template":"","meta":[],"product_brand":[],"product_cat":[1131,217,288,222],"product_tag":[],"class_list":{"0":"post-136950","1":"product","2":"type-product","3":"status-publish","4":"has-post-thumbnail","6":"product_cat-jalkineet","7":"product_cat-kaikki-tuotteet","8":"product_cat-uudet-tuotteet","9":"product_cat-miehet","11":"first","12":"instock","13":"taxable","14":"shipping-taxable","15":"purchasable","16":"product-type-variable"},"_links":{"self":[{"href":"https:\/\/piradosbrand.com\/fi\/wp-json\/wp\/v2\/product\/136950","targetHints":{"allow":["GET"]}}],"collection":[{"href":"https:\/\/piradosbrand.com\/fi\/wp-json\/wp\/v2\/product"}],"about":[{"href":"https:\/\/piradosbrand.com\/fi\/wp-json\/wp\/v2\/types\/product"}],"wp:featuredmedia":[{"embeddable":true,"href":"https:\/\/piradosbrand.com\/fi\/wp-json\/wp\/v2\/media\/136564"}],"wp:attachment":[{"href":"https:\/\/piradosbrand.com\/fi\/wp-json\/wp\/v2\/media?parent=136950"}],"wp:term":[{"taxonomy":"product_brand","embeddable":true,"href":"https:\/\/piradosbrand.com\/fi\/wp-json\/wp\/v2\/product_brand?post=136950"},{"taxonomy":"product_cat","embeddable":true,"href":"https:\/\/piradosbrand.com\/fi\/wp-json\/wp\/v2\/product_cat?post=136950"},{"taxonomy":"product_tag","embeddable":true,"href":"https:\/\/piradosbrand.com\/fi\/wp-json\/wp\/v2\/product_tag?post=136950"}],"curies":[{"name":"wp","href":"https:\/\/api.w.org\/{rel}","templated":true}]}}