{"id":137324,"date":"2026-03-08T10:03:26","date_gmt":"2026-03-08T08:03:26","guid":{"rendered":"https:\/\/piradosbrand.com\/product\/heart-queen-bodycon-mekko\/"},"modified":"2026-03-08T10:03:26","modified_gmt":"2026-03-08T08:03:26","slug":"heart-queen-bodycon-mekko","status":"publish","type":"product","link":"https:\/\/piradosbrand.com\/fi\/tuote\/heart-queen-bodycon-mekko\/","title":{"rendered":"\u201cHEART QUEEN\u201d BODYCON-MEKKO"},"content":{"rendered":"<p data-start=\"187\" data-end=\"391\">Her\u00e4t\u00e4 huomiota <strong data-start=\"203\" data-end=\"235\">Heart Queen bodycon -mekolla<\/strong>. T\u00e4m\u00e4 vartalonmy\u00f6t\u00e4inen mekko yhdist\u00e4\u00e4 rohkean Pirados Heart Queen -designin ja puhtaan, vartaloa seuraavan siluetin, joka erottuu miss\u00e4 tahansa liikutkin.<\/p>\n<p data-start=\"393\" data-end=\"612\">Sile mikrokuitukangas tuntuu pehme\u00e4lt\u00e4 ihoa vasten ja nelj\u00e4\u00e4n suuntaan joustava materiaali takaa mukavan ja joustavan istuvuuden koko p\u00e4iv\u00e4ksi. T\u00e4ydellinen kes\u00e4iltoihin, festareille, streetwear-tyyliin tai iltamenoihin.<\/p>\n<p data-start=\"614\" data-end=\"691\">K\u00e4yt\u00e4 sit\u00e4 tennareiden, slip-onien tai korkokenkien kanssa \u2013 <strong data-start=\"675\" data-end=\"691\">sin\u00e4 p\u00e4\u00e4t\u00e4t!<\/strong><\/p>\n<p data-start=\"693\" data-end=\"821\"><strong data-start=\"693\" data-end=\"702\">Huom:<\/strong> V\u00e4lt\u00e4 kosketusta karkeisiin pintoihin, sill\u00e4 ne voivat vet\u00e4\u00e4 esiin kankaan valkoisia kuituja ja vahingoittaa tuotetta.<\/p>\n<h2 data-section-id=\"hslpf2\" data-start=\"823\" data-end=\"838\">OMINAISUUDET<\/h2>\n<p data-start=\"840\" data-end=\"1072\">\u2022 Vartalonmy\u00f6t\u00e4inen bodycon-leikkaus<br data-start=\"876\" data-end=\"879\" \/>\u2022 Sile ja mukava mikrokuitukangas<br data-start=\"912\" data-end=\"915\" \/>\u2022 Nelj\u00e4\u00e4n suuntaan joustava materiaali liikkumisen mukavuuteen<br data-start=\"977\" data-end=\"980\" \/>\u2022 Rohkea Pirados <strong data-start=\"997\" data-end=\"1012\">Heart Queen<\/strong> -design<br data-start=\"1020\" data-end=\"1023\" \/>\u2022 Sopii streetwear-tyyliin, kes\u00e4\u00e4n ja festareille<\/p>\n<h2 data-section-id=\"a62yee\" data-start=\"1074\" data-end=\"1087\">MATERIAALI<\/h2>\n<p data-start=\"1089\" data-end=\"1153\">\u2022 82 % polyesteri<br data-start=\"1106\" data-end=\"1109\" \/>\u2022 18 % elastaani<br data-start=\"1125\" data-end=\"1128\" \/>\u2022 Kankaan paino: 230 g\/m\u00b2<\/p>\n","protected":false},"excerpt":{"rendered":"<p>Valmistamme yhteens\u00e4 vain <strong data-start=\"1198\" data-end=\"1216\">300 kappaletta<\/strong>. Lis\u00e4tuotantoa ei tule. Kun tuote on loppu, se on loppu. Jokainen tuote valmistetaan tilauksesta. Valmistus- ja toimitusaika <strong data-start=\"1342\" data-end=\"1364\">enint\u00e4\u00e4n 14 p\u00e4iv\u00e4\u00e4<\/strong>.<\/p>\n","protected":false},"featured_media":137263,"template":"","meta":[],"product_brand":[],"product_cat":[217,1483,216,288],"product_tag":[],"class_list":{"0":"post-137324","1":"product","2":"type-product","3":"status-publish","4":"has-post-thumbnail","6":"product_cat-kaikki-tuotteet","7":"product_cat-mekot-ja-hameet","8":"product_cat-naiset","9":"product_cat-uudet-tuotteet","11":"first","12":"instock","13":"taxable","14":"shipping-taxable","15":"purchasable","16":"product-type-variable"},"_links":{"self":[{"href":"https:\/\/piradosbrand.com\/fi\/wp-json\/wp\/v2\/product\/137324","targetHints":{"allow":["GET"]}}],"collection":[{"href":"https:\/\/piradosbrand.com\/fi\/wp-json\/wp\/v2\/product"}],"about":[{"href":"https:\/\/piradosbrand.com\/fi\/wp-json\/wp\/v2\/types\/product"}],"wp:featuredmedia":[{"embeddable":true,"href":"https:\/\/piradosbrand.com\/fi\/wp-json\/wp\/v2\/media\/137263"}],"wp:attachment":[{"href":"https:\/\/piradosbrand.com\/fi\/wp-json\/wp\/v2\/media?parent=137324"}],"wp:term":[{"taxonomy":"product_brand","embeddable":true,"href":"https:\/\/piradosbrand.com\/fi\/wp-json\/wp\/v2\/product_brand?post=137324"},{"taxonomy":"product_cat","embeddable":true,"href":"https:\/\/piradosbrand.com\/fi\/wp-json\/wp\/v2\/product_cat?post=137324"},{"taxonomy":"product_tag","embeddable":true,"href":"https:\/\/piradosbrand.com\/fi\/wp-json\/wp\/v2\/product_tag?post=137324"}],"curies":[{"name":"wp","href":"https:\/\/api.w.org\/{rel}","templated":true}]}}