{"id":137378,"date":"2026-03-08T10:25:03","date_gmt":"2026-03-08T08:25:03","guid":{"rendered":"https:\/\/piradosbrand.com\/product\/heart-queen-crop-top\/"},"modified":"2026-03-08T10:25:03","modified_gmt":"2026-03-08T08:25:03","slug":"heart-queen-crop-top","status":"publish","type":"product","link":"https:\/\/piradosbrand.com\/fi\/tuote\/heart-queen-crop-top\/","title":{"rendered":"\u201cHEART QUEEN\u201d CROP TOP"},"content":{"rendered":"<p data-start=\"333\" data-end=\"568\">Heart Queen crop top k\u00e4\u00e4nt\u00e4\u00e4 katseet sinuun. Nelj\u00e4\u00e4n suuntaan joustava kangas pit\u00e4\u00e4 topin mukavana koko p\u00e4iv\u00e4n. Sopii kadulle, salille tai minne ikin\u00e4 menetkin. Sopii t\u00e4ydellisesti kaikkien Heart Queen -malliston tuotteiden kanssa.<\/p>\n<p data-start=\"570\" data-end=\"698\"><strong data-start=\"570\" data-end=\"579\">Huom:<\/strong> V\u00e4lt\u00e4 kosketusta karkeisiin pintoihin, sill\u00e4 ne voivat vet\u00e4\u00e4 esiin kankaan valkoisia kuituja ja vahingoittaa vaatetta.<\/p>\n<p data-section-id=\"hslpf2\" data-start=\"705\" data-end=\"720\"><strong>OMINAISUUDET<\/strong><\/p>\n<p data-start=\"722\" data-end=\"939\">\u2022 Body-hugging crop top -malli<br data-start=\"752\" data-end=\"755\" \/>\u2022 Sile ja mukava mikrokuitukangas<br data-start=\"788\" data-end=\"791\" \/>\u2022 Nelj\u00e4\u00e4n suuntaan joustava materiaali<br data-start=\"829\" data-end=\"832\" \/>\u2022 Rohkea Pirados <strong data-start=\"849\" data-end=\"864\">Heart Queen<\/strong> -design<br data-start=\"872\" data-end=\"875\" \/>\u2022 Sopii t\u00e4ydellisesti kaikkien <strong data-start=\"906\" data-end=\"921\">Heart Queen<\/strong> tuotteiden kanssa<\/p>\n<p data-section-id=\"a62yee\" data-start=\"946\" data-end=\"959\"><strong>MATERIAALI<\/strong><\/p>\n<p data-start=\"961\" data-end=\"1027\">\u2022 82 % polyesteri<br data-start=\"978\" data-end=\"981\" \/>\u2022 18 % elastaani<br data-start=\"997\" data-end=\"1000\" \/>\u2022 Kankaan paino: 230 g\/m\u00b2<\/p>\n<p data-start=\"1029\" data-end=\"1085\">\u2022 Tarkasti leikattu ja k\u00e4sin ommeltu painatuksen j\u00e4lkeen<\/p>\n","protected":false},"excerpt":{"rendered":"<p>Valmistamme yhteens\u00e4 vain <strong data-start=\"2128\" data-end=\"2146\">300 kappaletta<\/strong>. Lis\u00e4tuotantoa ei tule. Kun tuote on loppu, se on loppu. Jokainen tuote valmistetaan tilauksesta. <strong>Valmistus- ja toimitusaika enint\u00e4\u00e4n 14 p\u00e4iv\u00e4\u00e4.<\/strong><\/p>\n","protected":false},"featured_media":137281,"template":"","meta":[],"product_brand":[],"product_cat":[217,216,223,288],"product_tag":[],"class_list":{"0":"post-137378","1":"product","2":"type-product","3":"status-publish","4":"has-post-thumbnail","6":"product_cat-kaikki-tuotteet","7":"product_cat-naiset","8":"product_cat-t-paidat-topit","9":"product_cat-uudet-tuotteet","11":"first","12":"instock","13":"taxable","14":"shipping-taxable","15":"purchasable","16":"product-type-variable"},"_links":{"self":[{"href":"https:\/\/piradosbrand.com\/fi\/wp-json\/wp\/v2\/product\/137378","targetHints":{"allow":["GET"]}}],"collection":[{"href":"https:\/\/piradosbrand.com\/fi\/wp-json\/wp\/v2\/product"}],"about":[{"href":"https:\/\/piradosbrand.com\/fi\/wp-json\/wp\/v2\/types\/product"}],"wp:featuredmedia":[{"embeddable":true,"href":"https:\/\/piradosbrand.com\/fi\/wp-json\/wp\/v2\/media\/137281"}],"wp:attachment":[{"href":"https:\/\/piradosbrand.com\/fi\/wp-json\/wp\/v2\/media?parent=137378"}],"wp:term":[{"taxonomy":"product_brand","embeddable":true,"href":"https:\/\/piradosbrand.com\/fi\/wp-json\/wp\/v2\/product_brand?post=137378"},{"taxonomy":"product_cat","embeddable":true,"href":"https:\/\/piradosbrand.com\/fi\/wp-json\/wp\/v2\/product_cat?post=137378"},{"taxonomy":"product_tag","embeddable":true,"href":"https:\/\/piradosbrand.com\/fi\/wp-json\/wp\/v2\/product_tag?post=137378"}],"curies":[{"name":"wp","href":"https:\/\/api.w.org\/{rel}","templated":true}]}}