{"id":137397,"date":"2026-03-08T10:31:03","date_gmt":"2026-03-08T08:31:03","guid":{"rendered":"https:\/\/piradosbrand.com\/product\/heart-queen-cropped-windbreaker\/"},"modified":"2026-03-08T10:31:03","modified_gmt":"2026-03-08T08:31:03","slug":"heart-queen-cropped-windbreaker","status":"publish","type":"product","link":"https:\/\/piradosbrand.com\/fi\/tuote\/heart-queen-cropped-windbreaker\/","title":{"rendered":"&#8221;HEART QUEEN&#8221; CROPPED WINDBREAKER"},"content":{"rendered":"<p data-start=\"170\" data-end=\"555\">Heart Queen cropped windbreaker yhdist\u00e4\u00e4 sporttisen lyhyen mallin ja ikonisen Pirados Heart Queen -designin. Kevyt vett\u00e4 hylkiv\u00e4 kangas ja hengitt\u00e4v\u00e4 mesh-vuori tekev\u00e4t takista mukavan k\u00e4ytt\u00e4\u00e4, ja s\u00e4\u00e4dett\u00e4v\u00e4 huppu sek\u00e4 vy\u00f6t\u00e4r\u00f6 auttavat s\u00e4\u00e4t\u00e4m\u00e4\u00e4n istuvuutta. Sopii kadulle, matkalle tai jokap\u00e4iv\u00e4iseen k\u00e4ytt\u00f6\u00f6n. Sopii t\u00e4ydellisesti kaikkien <strong data-start=\"510\" data-end=\"536\">Heart Queen -malliston<\/strong> tuotteiden kanssa.<\/p>\n<hr data-start=\"557\" data-end=\"560\" \/>\n<p data-start=\"562\" data-end=\"578\"><strong data-start=\"562\" data-end=\"578\">OMINAISUUDET<\/strong><\/p>\n<p data-start=\"580\" data-end=\"893\">\u2022 Cropped windbreaker -malli<br data-start=\"608\" data-end=\"611\" \/>\u2022 Kevyt vett\u00e4 hylkiv\u00e4 kangas<br data-start=\"639\" data-end=\"642\" \/>\u2022 Hengitt\u00e4v\u00e4 mesh-vuori<br data-start=\"665\" data-end=\"668\" \/>\u2022 S\u00e4\u00e4dett\u00e4v\u00e4t kiristysny\u00f6rit hupussa ja vy\u00f6t\u00e4r\u00f6ll\u00e4<br data-start=\"718\" data-end=\"721\" \/>\u2022 Joustavat hihansuut<br data-start=\"742\" data-end=\"745\" \/>\u2022 Puolivetoketju edess\u00e4<br data-start=\"768\" data-end=\"771\" \/>\u2022 Sivutaskut<br data-start=\"783\" data-end=\"786\" \/>\u2022 Rohkea Pirados <strong data-start=\"803\" data-end=\"818\">Heart Queen<\/strong> -design<br data-start=\"826\" data-end=\"829\" \/>\u2022 Sopii t\u00e4ydellisesti kaikkien <strong data-start=\"860\" data-end=\"875\">Heart Queen<\/strong> tuotteiden kanssa<\/p>\n<hr data-start=\"895\" data-end=\"898\" \/>\n<p data-start=\"900\" data-end=\"914\"><strong data-start=\"900\" data-end=\"914\">MATERIAALI<\/strong><\/p>\n<p data-start=\"916\" data-end=\"989\">\u2022 100 % polyesteri<br data-start=\"934\" data-end=\"937\" \/>\u2022 Hengitt\u00e4v\u00e4 mesh-vuori (v\u00e4hent\u00e4\u00e4 staattista s\u00e4hk\u00f6\u00e4)<\/p>\n","protected":false},"excerpt":{"rendered":"<p>Valmistamme yhteens\u00e4 vain\u00a0<strong data-start=\"2128\" data-end=\"2146\">300 kappaletta<\/strong>. Lis\u00e4tuotantoa ei tule. Kun tuote on loppu, se on loppu. Jokainen tuote valmistetaan tilauksesta.\u00a0<strong>Valmistus- ja toimitusaika enint\u00e4\u00e4n 28 p\u00e4iv\u00e4\u00e4.<\/strong><\/p>\n","protected":false},"featured_media":137286,"template":"","meta":[],"product_brand":[],"product_cat":[220,217,216,288],"product_tag":[],"class_list":{"0":"post-137397","1":"product","2":"type-product","3":"status-publish","4":"has-post-thumbnail","6":"product_cat-hupparit-collegepaidat","7":"product_cat-kaikki-tuotteet","8":"product_cat-naiset","9":"product_cat-uudet-tuotteet","11":"first","12":"instock","13":"taxable","14":"shipping-taxable","15":"purchasable","16":"product-type-variable"},"_links":{"self":[{"href":"https:\/\/piradosbrand.com\/fi\/wp-json\/wp\/v2\/product\/137397","targetHints":{"allow":["GET"]}}],"collection":[{"href":"https:\/\/piradosbrand.com\/fi\/wp-json\/wp\/v2\/product"}],"about":[{"href":"https:\/\/piradosbrand.com\/fi\/wp-json\/wp\/v2\/types\/product"}],"wp:featuredmedia":[{"embeddable":true,"href":"https:\/\/piradosbrand.com\/fi\/wp-json\/wp\/v2\/media\/137286"}],"wp:attachment":[{"href":"https:\/\/piradosbrand.com\/fi\/wp-json\/wp\/v2\/media?parent=137397"}],"wp:term":[{"taxonomy":"product_brand","embeddable":true,"href":"https:\/\/piradosbrand.com\/fi\/wp-json\/wp\/v2\/product_brand?post=137397"},{"taxonomy":"product_cat","embeddable":true,"href":"https:\/\/piradosbrand.com\/fi\/wp-json\/wp\/v2\/product_cat?post=137397"},{"taxonomy":"product_tag","embeddable":true,"href":"https:\/\/piradosbrand.com\/fi\/wp-json\/wp\/v2\/product_tag?post=137397"}],"curies":[{"name":"wp","href":"https:\/\/api.w.org\/{rel}","templated":true}]}}