{"id":137417,"date":"2026-03-08T10:46:31","date_gmt":"2026-03-08T08:46:31","guid":{"rendered":"https:\/\/piradosbrand.com\/product\/heart-queen-jooga-leggingsit\/"},"modified":"2026-03-08T10:46:31","modified_gmt":"2026-03-08T08:46:31","slug":"heart-queen-jooga-leggingsit","status":"publish","type":"product","link":"https:\/\/piradosbrand.com\/fi\/tuote\/heart-queen-jooga-leggingsit\/","title":{"rendered":"\u201cHEART QUEEN\u201d JOOGA LEGGINGSIT"},"content":{"rendered":"<p data-start=\"176\" data-end=\"553\">Heart Queen joogaleggingsit ovat joustavat ja mukavat leggingsit Pirados Heart Queen -designilla. Sile mikrokuitukangas ja nelj\u00e4\u00e4n suuntaan joustava materiaali liikkuvat kehon mukana ja tekev\u00e4t leggingsit mukaviksi koko p\u00e4iv\u00e4ksi. Korkeampi vy\u00f6t\u00e4r\u00f6 pit\u00e4\u00e4 leggingsit hyvin paikoillaan. Sopivat treeniin, arkeen tai yhdistett\u00e4v\u00e4ksi muiden Heart Queen -malliston tuotteiden kanssa.<\/p>\n<p data-start=\"555\" data-end=\"683\"><strong data-start=\"555\" data-end=\"564\">Huom:<\/strong> V\u00e4lt\u00e4 kosketusta karkeisiin pintoihin, sill\u00e4 ne voivat vet\u00e4\u00e4 esiin kankaan valkoisia kuituja ja vahingoittaa vaatetta.<\/p>\n<hr data-start=\"685\" data-end=\"688\" \/>\n<h2 data-section-id=\"hslpf2\" data-start=\"690\" data-end=\"705\">OMINAISUUDET<\/h2>\n<p data-start=\"707\" data-end=\"960\">\u2022 Joustavat ja mukavat leggingsit<br data-start=\"740\" data-end=\"743\" \/>\u2022 Sile mikrokuitukangas<br data-start=\"766\" data-end=\"769\" \/>\u2022 Nelj\u00e4\u00e4n suuntaan joustava materiaali liikkumisen mukavuuteen<br data-start=\"831\" data-end=\"834\" \/>\u2022 Korkea vy\u00f6t\u00e4r\u00f6 paremman tuen takaamiseksi<br data-start=\"877\" data-end=\"880\" \/>\u2022 Pirados Heart Queen -design<br data-start=\"909\" data-end=\"912\" \/>\u2022 Sopivat kaikkien Heart Queen tuotteiden kanssa<\/p>\n<hr data-start=\"962\" data-end=\"965\" \/>\n<h2 data-section-id=\"a62yee\" data-start=\"967\" data-end=\"980\">MATERIAALI<\/h2>\n<p data-start=\"982\" data-end=\"1101\">\u2022 82 % polyesteri<br data-start=\"999\" data-end=\"1002\" \/>\u2022 18 % spandex<br data-start=\"1016\" data-end=\"1019\" \/>\u2022 Sile mikrokuitukangas<br data-start=\"1042\" data-end=\"1045\" \/>\u2022 Tarkasti leikattu ja k\u00e4sin ommeltu painatuksen j\u00e4lkeen<\/p>\n","protected":false},"excerpt":{"rendered":"<p>Valmistamme yhteens\u00e4 vain <strong data-start=\"1134\" data-end=\"1152\">300 kappaletta<\/strong>. Lis\u00e4tuotantoa ei tule. Kun tuote on loppu, se on loppu. Jokainen tuote valmistetaan tilauksesta. Valmistus- ja toimitusaika <strong data-start=\"1278\" data-end=\"1300\">enint\u00e4\u00e4n 14 p\u00e4iv\u00e4\u00e4<\/strong>.<\/p>\n","protected":false},"featured_media":137294,"template":"","meta":[],"product_brand":[],"product_cat":[217,216,224,288],"product_tag":[],"class_list":{"0":"post-137417","1":"product","2":"type-product","3":"status-publish","4":"has-post-thumbnail","6":"product_cat-kaikki-tuotteet","7":"product_cat-naiset","8":"product_cat-shortsit","9":"product_cat-uudet-tuotteet","11":"first","12":"instock","13":"taxable","14":"shipping-taxable","15":"purchasable","16":"product-type-variable"},"_links":{"self":[{"href":"https:\/\/piradosbrand.com\/fi\/wp-json\/wp\/v2\/product\/137417","targetHints":{"allow":["GET"]}}],"collection":[{"href":"https:\/\/piradosbrand.com\/fi\/wp-json\/wp\/v2\/product"}],"about":[{"href":"https:\/\/piradosbrand.com\/fi\/wp-json\/wp\/v2\/types\/product"}],"wp:featuredmedia":[{"embeddable":true,"href":"https:\/\/piradosbrand.com\/fi\/wp-json\/wp\/v2\/media\/137294"}],"wp:attachment":[{"href":"https:\/\/piradosbrand.com\/fi\/wp-json\/wp\/v2\/media?parent=137417"}],"wp:term":[{"taxonomy":"product_brand","embeddable":true,"href":"https:\/\/piradosbrand.com\/fi\/wp-json\/wp\/v2\/product_brand?post=137417"},{"taxonomy":"product_cat","embeddable":true,"href":"https:\/\/piradosbrand.com\/fi\/wp-json\/wp\/v2\/product_cat?post=137417"},{"taxonomy":"product_tag","embeddable":true,"href":"https:\/\/piradosbrand.com\/fi\/wp-json\/wp\/v2\/product_tag?post=137417"}],"curies":[{"name":"wp","href":"https:\/\/api.w.org\/{rel}","templated":true}]}}