{"id":137441,"date":"2026-03-08T10:52:48","date_gmt":"2026-03-08T08:52:48","guid":{"rendered":"https:\/\/piradosbrand.com\/product\/heart-queen-flare-leggingsit\/"},"modified":"2026-03-08T10:52:48","modified_gmt":"2026-03-08T08:52:48","slug":"heart-queen-flare-leggingsit","status":"publish","type":"product","link":"https:\/\/piradosbrand.com\/fi\/tuote\/heart-queen-flare-leggingsit\/","title":{"rendered":"\u201cHEART QUEEN\u201d FLARE LEGGINGSIT"},"content":{"rendered":"<p data-start=\"1295\" data-end=\"1601\">Heart Queen flare leggingsit yhdist\u00e4v\u00e4t mukavuuden ja streetwear-tyylin. Korkeampi vy\u00f6t\u00e4r\u00f6 ja joustava kangas pit\u00e4v\u00e4t leggingsit mukavasti paikoillaan. Levenev\u00e4 lahjemalli antaa leggingsille n\u00e4ytt\u00e4v\u00e4n ilmeen. Sopivat treeniin, arkeen tai yhdistett\u00e4v\u00e4ksi muiden <strong data-start=\"1556\" data-end=\"1582\">Heart Queen -malliston<\/strong> tuotteiden kanssa.<\/p>\n<p data-start=\"1603\" data-end=\"1731\"><strong data-start=\"1603\" data-end=\"1612\">Huom:<\/strong> V\u00e4lt\u00e4 kosketusta karkeisiin pintoihin, sill\u00e4 ne voivat vet\u00e4\u00e4 esiin kankaan valkoisia kuituja ja vahingoittaa vaatetta.<\/p>\n<p data-section-id=\"hslpf2\" data-start=\"1738\" data-end=\"1753\"><strong>OMINAISUUDET<\/strong><\/p>\n<p data-start=\"1755\" data-end=\"2050\">\u2022 Korkeavy\u00f6t\u00e4r\u00f6iset leggingsit<br data-start=\"1785\" data-end=\"1788\" \/>\u2022 Levenev\u00e4 lahjemalli<br data-start=\"1809\" data-end=\"1812\" \/>\u2022 Pehme\u00e4 ja laadukas kangas kevyell\u00e4 kompressiolla<br data-start=\"1862\" data-end=\"1865\" \/>\u2022 Nelj\u00e4\u00e4n suuntaan joustava materiaali<br data-start=\"1903\" data-end=\"1906\" \/>\u2022 Kosteutta siirt\u00e4v\u00e4 kangas<br data-start=\"1933\" data-end=\"1936\" \/>\u2022 UPF 50+ UV-suoja<br data-start=\"1954\" data-end=\"1957\" \/>\u2022 Kaksinkertainen vy\u00f6t\u00e4r\u00f6 sis\u00e4taskulla<br data-start=\"1995\" data-end=\"1998\" \/>\u2022 Sopivat kaikkien <strong data-start=\"2017\" data-end=\"2032\">Heart Queen<\/strong> tuotteiden kanssa<\/p>\n<p data-section-id=\"2i7jyz\" data-start=\"2057\" data-end=\"2069\"><strong>VALMISTUS<\/strong><\/p>\n<p data-start=\"2071\" data-end=\"2149\">\u2022 74 % kierr\u00e4tetty polyesteri<br data-start=\"2100\" data-end=\"2103\" \/>\u2022 26 % elastaani<br data-start=\"2119\" data-end=\"2122\" \/>\u2022 Kankaan paino: 250 g\/m\u00b2<\/p>\n<p data-start=\"2151\" data-end=\"2185\">\u2022 OEKO-TEX 100 -sertifioitu kangas<\/p>\n","protected":false},"excerpt":{"rendered":"<p data-start=\"2192\" data-end=\"2385\">Valmistamme yhteens\u00e4 vain <strong data-start=\"2218\" data-end=\"2236\">300 kappaletta<\/strong>. Lis\u00e4tuotantoa ei tule. Kun tuote on loppu, se on loppu. Jokainen tuote valmistetaan tilauksesta. Valmistus- ja toimitusaika <strong data-start=\"2362\" data-end=\"2384\">enint\u00e4\u00e4n 14 p\u00e4iv\u00e4\u00e4<\/strong>.<\/p>\n","protected":false},"featured_media":137302,"template":"","meta":[],"product_brand":[],"product_cat":[217,216,224,288],"product_tag":[],"class_list":{"0":"post-137441","1":"product","2":"type-product","3":"status-publish","4":"has-post-thumbnail","6":"product_cat-kaikki-tuotteet","7":"product_cat-naiset","8":"product_cat-shortsit","9":"product_cat-uudet-tuotteet","11":"first","12":"instock","13":"taxable","14":"shipping-taxable","15":"purchasable","16":"product-type-variable"},"_links":{"self":[{"href":"https:\/\/piradosbrand.com\/fi\/wp-json\/wp\/v2\/product\/137441","targetHints":{"allow":["GET"]}}],"collection":[{"href":"https:\/\/piradosbrand.com\/fi\/wp-json\/wp\/v2\/product"}],"about":[{"href":"https:\/\/piradosbrand.com\/fi\/wp-json\/wp\/v2\/types\/product"}],"wp:featuredmedia":[{"embeddable":true,"href":"https:\/\/piradosbrand.com\/fi\/wp-json\/wp\/v2\/media\/137302"}],"wp:attachment":[{"href":"https:\/\/piradosbrand.com\/fi\/wp-json\/wp\/v2\/media?parent=137441"}],"wp:term":[{"taxonomy":"product_brand","embeddable":true,"href":"https:\/\/piradosbrand.com\/fi\/wp-json\/wp\/v2\/product_brand?post=137441"},{"taxonomy":"product_cat","embeddable":true,"href":"https:\/\/piradosbrand.com\/fi\/wp-json\/wp\/v2\/product_cat?post=137441"},{"taxonomy":"product_tag","embeddable":true,"href":"https:\/\/piradosbrand.com\/fi\/wp-json\/wp\/v2\/product_tag?post=137441"}],"curies":[{"name":"wp","href":"https:\/\/api.w.org\/{rel}","templated":true}]}}