{"id":137472,"date":"2026-03-08T10:57:25","date_gmt":"2026-03-08T08:57:25","guid":{"rendered":"https:\/\/piradosbrand.com\/product\/heart-queen-urheiluliivit\/"},"modified":"2026-03-08T10:57:25","modified_gmt":"2026-03-08T08:57:25","slug":"heart-queen-urheiluliivit","status":"publish","type":"product","link":"https:\/\/piradosbrand.com\/fi\/tuote\/heart-queen-urheiluliivit\/","title":{"rendered":"\u201cHEART QUEEN\u201d URHEILULIIVIT"},"content":{"rendered":"<p data-start=\"1283\" data-end=\"1583\">Heart Queen urheiluliivit ovat mukavat ja tukevat treeniliivit Pirados Heart Queen -designilla. Kosteutta siirt\u00e4v\u00e4 kangas pit\u00e4\u00e4 olon kuivana ja nelj\u00e4\u00e4n suuntaan joustava materiaali liikkuu kehon mukana. Sopivat treeniin, arkeen tai yhdistett\u00e4v\u00e4ksi muiden <strong data-start=\"1538\" data-end=\"1564\">Heart Queen -malliston<\/strong> tuotteiden kanssa.<\/p>\n<p data-start=\"1585\" data-end=\"1713\"><strong data-start=\"1585\" data-end=\"1594\">Huom:<\/strong> V\u00e4lt\u00e4 kosketusta karkeisiin pintoihin, sill\u00e4 ne voivat vet\u00e4\u00e4 esiin kankaan valkoisia kuituja ja vahingoittaa vaatetta.<\/p>\n<p data-start=\"1585\" data-end=\"1713\">\n<strong>OMINAISUUDET<\/strong><\/p>\n<p data-start=\"1738\" data-end=\"2050\">\u2022 Tukeva urheiluliivimalli<br data-start=\"1764\" data-end=\"1767\" \/>\u2022 Kosteutta siirt\u00e4v\u00e4 kangas<br data-start=\"1794\" data-end=\"1797\" \/>\u2022 Nelj\u00e4\u00e4n suuntaan joustava materiaali<br data-start=\"1835\" data-end=\"1838\" \/>\u2022 Py\u00f6re\u00e4 p\u00e4\u00e4ntie ja racerback-selk\u00e4<br data-start=\"1873\" data-end=\"1876\" \/>\u2022 Kaksinkertainen etuosa lis\u00e4tukea varten<br data-start=\"1917\" data-end=\"1920\" \/>\u2022 Leve\u00e4 elastinen nauha rinnan alla<br data-start=\"1955\" data-end=\"1958\" \/>\u2022 Litte\u00e4t saumat v\u00e4hent\u00e4v\u00e4t hankausta<br data-start=\"1995\" data-end=\"1998\" \/>\u2022 Sopivat kaikkien <strong data-start=\"2017\" data-end=\"2032\">Heart Queen<\/strong> tuotteiden kanssa<\/p>\n<p data-section-id=\"uswhx\" data-start=\"2057\" data-end=\"2071\"><strong>MATERIAALI<\/strong><\/p>\n<p data-start=\"2073\" data-end=\"2137\">\u2022 82 % polyesteri<br data-start=\"2090\" data-end=\"2093\" \/>\u2022 18 % elastaani<br data-start=\"2109\" data-end=\"2112\" \/>\u2022 Kankaan paino: 230 g\/m\u00b2<\/p>\n","protected":false},"excerpt":{"rendered":"<p>Valmistamme yhteens\u00e4 vain <strong data-start=\"2170\" data-end=\"2188\">300 kappaletta<\/strong>. Lis\u00e4tuotantoa ei tule. Kun tuote on loppu, se on loppu. Jokainen tuote valmistetaan tilauksesta. Valmistus- ja toimitusaika <strong data-start=\"2314\" data-end=\"2336\">enint\u00e4\u00e4n 14 p\u00e4iv\u00e4\u00e4<\/strong>.<\/p>\n","protected":false},"featured_media":137316,"template":"","meta":[],"product_brand":[],"product_cat":[217,216,223,288],"product_tag":[],"class_list":{"0":"post-137472","1":"product","2":"type-product","3":"status-publish","4":"has-post-thumbnail","6":"product_cat-kaikki-tuotteet","7":"product_cat-naiset","8":"product_cat-t-paidat-topit","9":"product_cat-uudet-tuotteet","11":"first","12":"instock","13":"taxable","14":"shipping-taxable","15":"purchasable","16":"product-type-variable"},"_links":{"self":[{"href":"https:\/\/piradosbrand.com\/fi\/wp-json\/wp\/v2\/product\/137472","targetHints":{"allow":["GET"]}}],"collection":[{"href":"https:\/\/piradosbrand.com\/fi\/wp-json\/wp\/v2\/product"}],"about":[{"href":"https:\/\/piradosbrand.com\/fi\/wp-json\/wp\/v2\/types\/product"}],"wp:featuredmedia":[{"embeddable":true,"href":"https:\/\/piradosbrand.com\/fi\/wp-json\/wp\/v2\/media\/137316"}],"wp:attachment":[{"href":"https:\/\/piradosbrand.com\/fi\/wp-json\/wp\/v2\/media?parent=137472"}],"wp:term":[{"taxonomy":"product_brand","embeddable":true,"href":"https:\/\/piradosbrand.com\/fi\/wp-json\/wp\/v2\/product_brand?post=137472"},{"taxonomy":"product_cat","embeddable":true,"href":"https:\/\/piradosbrand.com\/fi\/wp-json\/wp\/v2\/product_cat?post=137472"},{"taxonomy":"product_tag","embeddable":true,"href":"https:\/\/piradosbrand.com\/fi\/wp-json\/wp\/v2\/product_tag?post=137472"}],"curies":[{"name":"wp","href":"https:\/\/api.w.org\/{rel}","templated":true}]}}