{"id":137523,"date":"2026-03-08T11:03:00","date_gmt":"2026-03-08T09:03:00","guid":{"rendered":"https:\/\/piradosbrand.com\/product\/heart-queen-naisten-slip-on-kengat\/"},"modified":"2026-03-09T07:36:54","modified_gmt":"2026-03-09T05:36:54","slug":"heart-queen-naisten-slip-on-kengat","status":"publish","type":"product","link":"https:\/\/piradosbrand.com\/fi\/tuote\/heart-queen-naisten-slip-on-kengat\/","title":{"rendered":"\u201cHEART QUEEN\u201d NAISTEN SLIP-ON KENG\u00c4T"},"content":{"rendered":"<p data-start=\"1255\" data-end=\"1609\">Heart Queen naisten slip-on keng\u00e4t ovat mukavat ja helposti jalkaan puettavat keng\u00e4t Pirados Heart Queen -designilla. Kevyt canvas-p\u00e4\u00e4llinen, hengitt\u00e4v\u00e4 vuori ja joustava kumipohja tekev\u00e4t kengist\u00e4 mukavat koko p\u00e4iv\u00e4ksi. Sopivat kadulle, kaupunkiin tai jokap\u00e4iv\u00e4iseen k\u00e4ytt\u00f6\u00f6n. Sopivat t\u00e4ydellisesti kaikkien <strong data-start=\"1564\" data-end=\"1590\">Heart Queen -malliston<\/strong> tuotteiden kanssa.<\/p>\n<p data-start=\"1611\" data-end=\"1658\">Pue jalkaan. Astu ulos. Liiku omalla tavallasi.<\/p>\n<p data-section-id=\"1xt7rm5\" data-start=\"1665\" data-end=\"1681\"><strong>OMINAISUUDET<\/strong><\/p>\n<p data-start=\"1683\" data-end=\"2049\">\u2022 Kevyt canvas-p\u00e4\u00e4llinen<br data-start=\"1707\" data-end=\"1710\" \/>\u2022 Joustava EVA-kumipohja<br data-start=\"1734\" data-end=\"1737\" \/>\u2022 Hengitt\u00e4v\u00e4 vuori ja pehme\u00e4 irrotettava sis\u00e4pohja<br data-start=\"1787\" data-end=\"1790\" \/>\u2022 Joustavat sivupaneelit helppoon jalkaan pukemiseen<br data-start=\"1842\" data-end=\"1845\" \/>\u2022 Pehmustettu kaulus ja kieli mukavuutta varten<br data-start=\"1892\" data-end=\"1895\" \/>\u2022 Pirados-br\u00e4nd\u00e4ys laatikossa, sis\u00e4pohjassa ja kieless\u00e4<br data-start=\"1950\" data-end=\"1953\" \/>\u2022 Painettu, leikattu ja k\u00e4sin valmistettu<br data-start=\"1994\" data-end=\"1997\" \/>\u2022 Sopivat kaikkien <strong data-start=\"2016\" data-end=\"2031\">Heart Queen<\/strong> tuotteiden kanssa<\/p>\n<p data-section-id=\"uswhx\" data-start=\"2056\" data-end=\"2070\"><strong>MATERIAALI<\/strong><\/p>\n<p data-start=\"2072\" data-end=\"2125\">\u2022 100 % polyesteri canvas-p\u00e4\u00e4llinen<br data-start=\"2107\" data-end=\"2110\" \/>\u2022 EVA-kumipohja<\/p>\n","protected":false},"excerpt":{"rendered":"<p data-start=\"2132\" data-end=\"2319\">Valmistamme yhteens\u00e4 vain <strong data-start=\"2158\" data-end=\"2171\">300 paria<\/strong>. Lis\u00e4tuotantoa ei tule. Kun tuote on loppu, se on loppu. Jokainen pari valmistetaan tilauksesta. Valmistus- ja toimitusaika <strong data-start=\"2296\" data-end=\"2318\">enint\u00e4\u00e4n 28 p\u00e4iv\u00e4\u00e4<\/strong>.<\/p>\n","protected":false},"featured_media":137497,"template":"","meta":[],"product_brand":[],"product_cat":[1132,217,216,288],"product_tag":[],"class_list":{"0":"post-137523","1":"product","2":"type-product","3":"status-publish","4":"has-post-thumbnail","6":"product_cat-jalkineet-fi","7":"product_cat-kaikki-tuotteet","8":"product_cat-naiset","9":"product_cat-uudet-tuotteet","11":"first","12":"instock","13":"taxable","14":"shipping-taxable","15":"purchasable","16":"product-type-variable"},"_links":{"self":[{"href":"https:\/\/piradosbrand.com\/fi\/wp-json\/wp\/v2\/product\/137523","targetHints":{"allow":["GET"]}}],"collection":[{"href":"https:\/\/piradosbrand.com\/fi\/wp-json\/wp\/v2\/product"}],"about":[{"href":"https:\/\/piradosbrand.com\/fi\/wp-json\/wp\/v2\/types\/product"}],"wp:featuredmedia":[{"embeddable":true,"href":"https:\/\/piradosbrand.com\/fi\/wp-json\/wp\/v2\/media\/137497"}],"wp:attachment":[{"href":"https:\/\/piradosbrand.com\/fi\/wp-json\/wp\/v2\/media?parent=137523"}],"wp:term":[{"taxonomy":"product_brand","embeddable":true,"href":"https:\/\/piradosbrand.com\/fi\/wp-json\/wp\/v2\/product_brand?post=137523"},{"taxonomy":"product_cat","embeddable":true,"href":"https:\/\/piradosbrand.com\/fi\/wp-json\/wp\/v2\/product_cat?post=137523"},{"taxonomy":"product_tag","embeddable":true,"href":"https:\/\/piradosbrand.com\/fi\/wp-json\/wp\/v2\/product_tag?post=137523"}],"curies":[{"name":"wp","href":"https:\/\/api.w.org\/{rel}","templated":true}]}}