{"id":139428,"date":"2026-03-14T15:55:21","date_gmt":"2026-03-14T13:55:21","guid":{"rendered":"https:\/\/piradosbrand.com\/product\/original-lightweight-tee-musta-painatus-4-varia\/"},"modified":"2026-03-17T07:52:19","modified_gmt":"2026-03-17T05:52:19","slug":"original-lightweight-tee-musta-painatus-4-varia","status":"publish","type":"product","link":"https:\/\/piradosbrand.com\/fi\/tuote\/original-lightweight-tee-musta-painatus-4-varia\/","title":{"rendered":"&#8221;Original&#8221; Lightweight Tee \u2013 Musta painatus (4 v\u00e4ri\u00e4)"},"content":{"rendered":"<p data-start=\"65\" data-end=\"331\">Mukava arkipaita, joka sopii l\u00e4hes mihin tahansa asuun. Kevyt, hengitt\u00e4v\u00e4 ja helppo pit\u00e4\u00e4 p\u00e4\u00e4ll\u00e4 koko p\u00e4iv\u00e4n. Saatavilla useissa v\u00e4reiss\u00e4, joten voit valita juuri omaan tyyliisi sopivan. Yksinkertainen, selke\u00e4 ja tehty jokap\u00e4iv\u00e4iseen k\u00e4ytt\u00f6\u00f6n. Aika k\u00e4\u00e4nt\u00e4\u00e4 katseita.<\/p>\n<p data-start=\"333\" data-end=\"343\"><strong data-start=\"333\" data-end=\"343\">Tiedot<\/strong><\/p>\n<p data-start=\"345\" data-end=\"563\">\u2022 100 % kammattua ja rengaskehr\u00e4tty\u00e4 puuvillaa (Heather-v\u00e4reiss\u00e4 mukana polyesteri\u00e4)<br data-start=\"429\" data-end=\"432\" \/>\u2022 Kevyt kangas \u2013 4.2 oz\/yd\u00b2 (142 g\/m\u00b2)<br data-start=\"470\" data-end=\"473\" \/>\u2022 Esikutistettu kangas<br data-start=\"495\" data-end=\"498\" \/>\u2022 Sivusaumallinen rakenne<br data-start=\"523\" data-end=\"526\" \/>\u2022 Olkasauma vahvistettu teippauksella<\/p>\n<p data-start=\"565\" data-end=\"577\"><strong data-start=\"565\" data-end=\"577\">Alkuper\u00e4<\/strong><\/p>\n<p data-start=\"579\" data-end=\"693\">Tyhj\u00e4 vaate valmistettu Nicaraguassa.<br data-start=\"616\" data-end=\"619\" \/>Suunniteltu Virossa &#8211; Pirados.<br data-start=\"649\" data-end=\"652\" \/>Digitaalinen painatus Euroopan unionissa.<\/p>\n","protected":false},"excerpt":{"rendered":"<p data-start=\"695\" data-end=\"723\"><strong data-start=\"695\" data-end=\"723\">Valmistetaan tilauksesta<\/strong><\/p>\n<p data-start=\"725\" data-end=\"815\" data-is-last-node=\"\" data-is-only-node=\"\">Valmistamme t\u00e4m\u00e4n tuotteen tilauksen j\u00e4lkeen.<br data-start=\"770\" data-end=\"773\" \/>Valmistus ja toimitus: enint\u00e4\u00e4n 14 p\u00e4iv\u00e4\u00e4.<\/p>\n","protected":false},"featured_media":139350,"template":"","meta":[],"product_brand":[],"product_cat":[217,222,216,223,225,288],"product_tag":[],"class_list":{"0":"post-139428","1":"product","2":"type-product","3":"status-publish","4":"has-post-thumbnail","6":"product_cat-kaikki-tuotteet","7":"product_cat-miehet","8":"product_cat-naiset","9":"product_cat-t-paidat-topit","10":"product_cat-t-paidat-polo-hihattomat","11":"product_cat-uudet-tuotteet","13":"first","14":"instock","15":"taxable","16":"shipping-taxable","17":"purchasable","18":"product-type-variable"},"_links":{"self":[{"href":"https:\/\/piradosbrand.com\/fi\/wp-json\/wp\/v2\/product\/139428","targetHints":{"allow":["GET"]}}],"collection":[{"href":"https:\/\/piradosbrand.com\/fi\/wp-json\/wp\/v2\/product"}],"about":[{"href":"https:\/\/piradosbrand.com\/fi\/wp-json\/wp\/v2\/types\/product"}],"wp:featuredmedia":[{"embeddable":true,"href":"https:\/\/piradosbrand.com\/fi\/wp-json\/wp\/v2\/media\/139350"}],"wp:attachment":[{"href":"https:\/\/piradosbrand.com\/fi\/wp-json\/wp\/v2\/media?parent=139428"}],"wp:term":[{"taxonomy":"product_brand","embeddable":true,"href":"https:\/\/piradosbrand.com\/fi\/wp-json\/wp\/v2\/product_brand?post=139428"},{"taxonomy":"product_cat","embeddable":true,"href":"https:\/\/piradosbrand.com\/fi\/wp-json\/wp\/v2\/product_cat?post=139428"},{"taxonomy":"product_tag","embeddable":true,"href":"https:\/\/piradosbrand.com\/fi\/wp-json\/wp\/v2\/product_tag?post=139428"}],"curies":[{"name":"wp","href":"https:\/\/api.w.org\/{rel}","templated":true}]}}