{"id":139462,"date":"2026-03-15T11:37:23","date_gmt":"2026-03-15T09:37:23","guid":{"rendered":"https:\/\/piradosbrand.com\/product\/og-mediumweight-tee-valkoinen-design-14-varia\/"},"modified":"2026-03-17T07:51:28","modified_gmt":"2026-03-17T05:51:28","slug":"og-mediumweight-tee-valkoinen-design-14-varia","status":"publish","type":"product","link":"https:\/\/piradosbrand.com\/fi\/tuote\/og-mediumweight-tee-valkoinen-design-14-varia\/","title":{"rendered":"&#8221;OG&#8221; Mediumweight Tee \u2013 Valkoinen design (14 v\u00e4ri\u00e4)"},"content":{"rendered":"<p data-start=\"84\" data-end=\"294\">Keskipaksu t-paita, valmistettu 100 % luomupuuvillasta (ring-spun). 180 g\/m\u00b2 kangas antaa paidalle j\u00e4m\u00e4k\u00e4n tuntuman, mutta pysyy silti hengitt\u00e4v\u00e4n\u00e4 ja mukavana jokap\u00e4iv\u00e4isess\u00e4 k\u00e4yt\u00f6ss\u00e4. Saatavilla 14 v\u00e4riss\u00e4.<\/p>\n<h3 data-section-id=\"qfkg1t\" data-start=\"296\" data-end=\"306\">TIEDOT<\/h3>\n<p data-start=\"308\" data-end=\"589\">\u2022 100 % luomupuuvillaa (ring-spun)<br data-start=\"342\" data-end=\"345\" \/>\u2022 Kankaan paino: 180 g\/m\u00b2 (5.3 oz\/yd\u00b2)<br data-start=\"383\" data-end=\"386\" \/>\u2022 Single jersey -kangas<br data-start=\"409\" data-end=\"412\" \/>\u2022 Medium fit -istuvuus<br data-start=\"434\" data-end=\"437\" \/>\u2022 Set-in -hihat<br data-start=\"452\" data-end=\"455\" \/>\u2022 1\u00d71 ribbikaulus<br data-start=\"472\" data-end=\"475\" \/>\u2022 Leve\u00e4t kaksinkertaiset tikkaukset hihoissa ja helmassa<br data-start=\"531\" data-end=\"534\" \/>\u2022 Sama kangas kaulanauhana takakauluksen sis\u00e4puolella<\/p>\n<h3 data-section-id=\"bnclg2\" data-start=\"591\" data-end=\"608\">SERTIFIKAATIT<\/h3>\n<p data-start=\"610\" data-end=\"734\">\u2022 GOTS-sertifioitu luomupuuvilla<br data-start=\"642\" data-end=\"645\" \/>\u2022 OCS-sertifioitu<br data-start=\"662\" data-end=\"665\" \/>\u2022 OEKO-TEX Standard 100 -sertifioitu kangas<br data-start=\"708\" data-end=\"711\" \/>\u2022 PETA-Approved Vegan<\/p>\n<h3 data-section-id=\"lfsv9y\" data-start=\"736\" data-end=\"748\">ALKUPER\u00c4<\/h3>\n<p data-start=\"750\" data-end=\"866\">Tyhj\u00e4 vaate valmistettu Bangladeshissa<br data-start=\"788\" data-end=\"791\" \/>Suunniteltu Piradosin toimesta<br data-start=\"821\" data-end=\"824\" \/>Digitaalinen painatus Euroopan unionissa<\/p>\n","protected":false},"excerpt":{"rendered":"<h3 data-section-id=\"1e1wqrj\" data-start=\"868\" data-end=\"896\">VALMISTETAAN TILAUKSESTA<\/h3>\n<p data-start=\"898\" data-end=\"985\">T\u00e4m\u00e4 tuote valmistetaan tilauksen j\u00e4lkeen. Valmistus ja toimitus: enint\u00e4\u00e4n 14 p\u00e4iv\u00e4\u00e4.<\/p>\n","protected":false},"featured_media":139354,"template":"","meta":[],"product_brand":[],"product_cat":[217,222,216,223,225,288],"product_tag":[],"class_list":{"0":"post-139462","1":"product","2":"type-product","3":"status-publish","4":"has-post-thumbnail","6":"product_cat-kaikki-tuotteet","7":"product_cat-miehet","8":"product_cat-naiset","9":"product_cat-t-paidat-topit","10":"product_cat-t-paidat-polo-hihattomat","11":"product_cat-uudet-tuotteet","13":"first","14":"instock","15":"taxable","16":"shipping-taxable","17":"purchasable","18":"product-type-variable"},"_links":{"self":[{"href":"https:\/\/piradosbrand.com\/fi\/wp-json\/wp\/v2\/product\/139462","targetHints":{"allow":["GET"]}}],"collection":[{"href":"https:\/\/piradosbrand.com\/fi\/wp-json\/wp\/v2\/product"}],"about":[{"href":"https:\/\/piradosbrand.com\/fi\/wp-json\/wp\/v2\/types\/product"}],"wp:featuredmedia":[{"embeddable":true,"href":"https:\/\/piradosbrand.com\/fi\/wp-json\/wp\/v2\/media\/139354"}],"wp:attachment":[{"href":"https:\/\/piradosbrand.com\/fi\/wp-json\/wp\/v2\/media?parent=139462"}],"wp:term":[{"taxonomy":"product_brand","embeddable":true,"href":"https:\/\/piradosbrand.com\/fi\/wp-json\/wp\/v2\/product_brand?post=139462"},{"taxonomy":"product_cat","embeddable":true,"href":"https:\/\/piradosbrand.com\/fi\/wp-json\/wp\/v2\/product_cat?post=139462"},{"taxonomy":"product_tag","embeddable":true,"href":"https:\/\/piradosbrand.com\/fi\/wp-json\/wp\/v2\/product_tag?post=139462"}],"curies":[{"name":"wp","href":"https:\/\/api.w.org\/{rel}","templated":true}]}}