{"id":139885,"date":"2026-04-08T12:01:57","date_gmt":"2026-04-08T09:01:57","guid":{"rendered":"https:\/\/piradosbrand.com\/product\/pirados-fighting-jersey-4-varia\/"},"modified":"2026-04-08T12:01:57","modified_gmt":"2026-04-08T09:01:57","slug":"pirados-fighting-jersey-4-varia","status":"publish","type":"product","link":"https:\/\/piradosbrand.com\/fi\/tuote\/pirados-fighting-jersey-4-varia\/","title":{"rendered":"&#8221;Pirados Fighting&#8221; Jersey (4 v\u00e4ri\u00e4)"},"content":{"rendered":"<p data-start=\"56\" data-end=\"96\">Kevyt, hengitt\u00e4v\u00e4 ja tehty liikkumiseen.<\/p>\n<p data-start=\"98\" data-end=\"295\">T\u00e4m\u00e4 unisex-urheilupaita on valmistettu 100 % polyesteriverkkokankaasta, joka pit\u00e4\u00e4 olosi viile\u00e4n\u00e4 ja mukavana treeneiss\u00e4 sek\u00e4 arjessa. Kangas hengitt\u00e4\u00e4 hyvin, mutta on samalla kest\u00e4v\u00e4 ja joustava.<\/p>\n<p data-start=\"297\" data-end=\"491\">V\u00e4lj\u00e4 istuvuus ja pidennetty pituus tarjoavat paremman peitt\u00e4vyyden ja luonnollisen istuvuuden. Raglan-hihat mahdollistavat vapaan liikkumisen, ja vahvistettu kaulus s\u00e4ilytt\u00e4\u00e4 muotonsa k\u00e4yt\u00f6ss\u00e4.<\/p>\n<hr data-start=\"493\" data-end=\"496\" \/>\n<h2 data-section-id=\"1fu7iaq\" data-start=\"498\" data-end=\"511\"><span role=\"text\"><strong data-start=\"501\" data-end=\"511\">TIEDOT<\/strong><\/span><\/h2>\n<ul data-start=\"513\" data-end=\"779\">\n<li data-section-id=\"w2euyr\" data-start=\"513\" data-end=\"551\">100 % hengitt\u00e4v\u00e4 polyesteri (mesh)<\/li>\n<li data-section-id=\"clfglk\" data-start=\"552\" data-end=\"579\">Kankaan paino: 140 g\/m\u00b2<\/li>\n<li data-section-id=\"nsuruu\" data-start=\"580\" data-end=\"598\">V\u00e4lj\u00e4 istuvuus<\/li>\n<li data-section-id=\"3l578y\" data-start=\"599\" data-end=\"620\">Pidennetty pituus<\/li>\n<li data-section-id=\"1uqcorf\" data-start=\"621\" data-end=\"644\">Lyhyet raglan-hihat<\/li>\n<li data-section-id=\"oly2mk\" data-start=\"645\" data-end=\"675\">Joustava ja kest\u00e4v\u00e4 kangas<\/li>\n<li data-section-id=\"b1ngjm\" data-start=\"676\" data-end=\"696\">Sivusaumarakenne<\/li>\n<li data-section-id=\"1st2bqi\" data-start=\"697\" data-end=\"719\">Vahvistettu kaulus<\/li>\n<li data-section-id=\"h9w27c\" data-start=\"720\" data-end=\"748\">Klassinen py\u00f6re\u00e4 p\u00e4\u00e4ntie<\/li>\n<li data-section-id=\"1dnet8a\" data-start=\"749\" data-end=\"779\">Tuote valmistettu Kiinassa<\/li>\n<\/ul>\n<hr data-start=\"781\" data-end=\"784\" \/>\n<h2 data-section-id=\"1pi1ojf\" data-start=\"786\" data-end=\"801\"><span role=\"text\"><strong data-start=\"789\" data-end=\"801\">ISTUVUUS<\/strong><\/span><\/h2>\n<ul data-start=\"803\" data-end=\"880\">\n<li data-section-id=\"158x2rn\" data-start=\"803\" data-end=\"847\">Miehille: normaali koko (v\u00e4lj\u00e4 istuvuus)<\/li>\n<li data-section-id=\"1p5hybb\" data-start=\"848\" data-end=\"880\">Naisille: oversized-istuvuus<\/li>\n<\/ul>\n","protected":false},"excerpt":{"rendered":"<h2 data-section-id=\"j4w4b4\" data-start=\"887\" data-end=\"913\"><span role=\"text\"><strong data-start=\"890\" data-end=\"913\">RAJOITETTU TUOTANTO<\/strong><\/span><\/h2>\n<p data-start=\"915\" data-end=\"1025\">Vain 300 kappaletta valmistetaan. Ei uudelleent\u00e4ydennyksi\u00e4. Ei toista droppia. Kun se on loppu, se on loppu.<\/p>\n<p data-start=\"1027\" data-end=\"1234\">Jokainen tuote valmistetaan tilauksesta. Valmistamme vain sen, mink\u00e4 myymme \u2013 ei varastotuotantoa eik\u00e4 ylituotantoa.<br data-start=\"1143\" data-end=\"1146\" \/>Valmistusaika: jopa 14 p\u00e4iv\u00e4\u00e4. Valmistettu vastuullisesti. Valmistettu tarkoituksella.<\/p>\n","protected":false},"featured_media":139857,"template":"","meta":[],"product_brand":[],"product_cat":[1723,217,480,222,216,288],"product_tag":[],"class_list":{"0":"post-139885","1":"product","2":"type-product","3":"status-publish","4":"has-post-thumbnail","6":"product_cat-fight-gear","7":"product_cat-kaikki-tuotteet","8":"product_cat-kamppailu-varusteet","9":"product_cat-miehet","10":"product_cat-naiset","11":"product_cat-uudet-tuotteet","13":"first","14":"instock","15":"taxable","16":"shipping-taxable","17":"purchasable","18":"product-type-variable"},"_links":{"self":[{"href":"https:\/\/piradosbrand.com\/fi\/wp-json\/wp\/v2\/product\/139885","targetHints":{"allow":["GET"]}}],"collection":[{"href":"https:\/\/piradosbrand.com\/fi\/wp-json\/wp\/v2\/product"}],"about":[{"href":"https:\/\/piradosbrand.com\/fi\/wp-json\/wp\/v2\/types\/product"}],"wp:featuredmedia":[{"embeddable":true,"href":"https:\/\/piradosbrand.com\/fi\/wp-json\/wp\/v2\/media\/139857"}],"wp:attachment":[{"href":"https:\/\/piradosbrand.com\/fi\/wp-json\/wp\/v2\/media?parent=139885"}],"wp:term":[{"taxonomy":"product_brand","embeddable":true,"href":"https:\/\/piradosbrand.com\/fi\/wp-json\/wp\/v2\/product_brand?post=139885"},{"taxonomy":"product_cat","embeddable":true,"href":"https:\/\/piradosbrand.com\/fi\/wp-json\/wp\/v2\/product_cat?post=139885"},{"taxonomy":"product_tag","embeddable":true,"href":"https:\/\/piradosbrand.com\/fi\/wp-json\/wp\/v2\/product_tag?post=139885"}],"curies":[{"name":"wp","href":"https:\/\/api.w.org\/{rel}","templated":true}]}}