{"id":140261,"date":"2026-04-08T13:48:12","date_gmt":"2026-04-08T10:48:12","guid":{"rendered":"https:\/\/piradosbrand.com\/product\/script-boxy-t-paita-musta-brodeeraus-2-varivaihtoehtoa\/"},"modified":"2026-04-08T13:48:12","modified_gmt":"2026-04-08T10:48:12","slug":"script-boxy-t-paita-musta-brodeeraus-2-varivaihtoehtoa","status":"publish","type":"product","link":"https:\/\/piradosbrand.com\/fi\/tuote\/script-boxy-t-paita-musta-brodeeraus-2-varivaihtoehtoa\/","title":{"rendered":"\u201cSCRIPT\u201d Boxy T-paita \u2013 musta brodeeraus (2 v\u00e4rivaihtoehtoa)"},"content":{"rendered":"<p data-start=\"928\" data-end=\"957\"><strong data-start=\"928\" data-end=\"957\">PIRADOS OVERSIZED T-PAITA<\/strong><\/p>\n<p data-start=\"959\" data-end=\"1005\">Puhdas. Tukeva. Tehty jokap\u00e4iv\u00e4iseen k\u00e4ytt\u00f6\u00f6n.<\/p>\n<p data-start=\"1007\" data-end=\"1261\">T\u00e4m\u00e4 oversized T-paita on valmistettu 100 % orgaanisesta kammatusta ringspun-puuvillasta, joka tuntuu pehme\u00e4lt\u00e4 ja tarjoaa j\u00e4m\u00e4k\u00e4n, premium-rakenteen. Pudotetut hartiat ja leve\u00e4 kaulus luovat rennon siluetin, joka sopii luonnollisesti streetwear-tyyliin.<\/p>\n<p data-start=\"1263\" data-end=\"1329\">Kest\u00e4v\u00e4, hengitt\u00e4v\u00e4 ja suunniteltu s\u00e4ilytt\u00e4m\u00e4\u00e4n muotonsa k\u00e4yt\u00f6ss\u00e4.<\/p>\n<hr data-start=\"1331\" data-end=\"1334\" \/>\n<h2 data-section-id=\"17t25pe\" data-start=\"1336\" data-end=\"1345\">TIEDOT<\/h2>\n<ul data-start=\"1347\" data-end=\"1630\">\n<li data-section-id=\"qppfpv\" data-start=\"1347\" data-end=\"1394\">100 % orgaaninen kammattu ringspun-puuvilla<\/li>\n<li data-section-id=\"1jlyqzz\" data-start=\"1395\" data-end=\"1422\">Kankaan paino: 200 g\/m\u00b2<\/li>\n<li data-section-id=\"1n3pgc4\" data-start=\"1423\" data-end=\"1445\">Oversized-istuvuus<\/li>\n<li data-section-id=\"1h2jbjl\" data-start=\"1446\" data-end=\"1462\">Set-in-hihat<\/li>\n<li data-section-id=\"nv1pgx\" data-start=\"1463\" data-end=\"1484\">Pudotetut hartiat<\/li>\n<li data-section-id=\"rf96e6\" data-start=\"1485\" data-end=\"1505\">1 \u00d7 1 rib-kaulus<\/li>\n<li data-section-id=\"f1pjbt\" data-start=\"1506\" data-end=\"1552\">Sis\u00e4puolella niskateippi samasta kankaasta<\/li>\n<li data-section-id=\"9dkakn\" data-start=\"1553\" data-end=\"1599\">Sertifioitu orgaaninen kangas (GOTS &amp; OCS)<\/li>\n<li data-section-id=\"1cnnb9x\" data-start=\"1600\" data-end=\"1630\">Valmistettu Bangladeshissa<\/li>\n<\/ul>\n<hr data-start=\"1632\" data-end=\"1635\" \/>\n<h2 data-section-id=\"13w3ny3\" data-start=\"1637\" data-end=\"1648\">ISTUVUUS<\/h2>\n<ul data-start=\"1650\" data-end=\"1672\">\n<li data-section-id=\"1n3pgc4\" data-start=\"1650\" data-end=\"1672\">Oversized-istuvuus<\/li>\n<\/ul>\n<p data-start=\"1674\" data-end=\"1752\">Suosittelemme valitsemaan yhden koon pienemm\u00e4n normaalimpaa istuvuutta varten.<\/p>\n","protected":false},"excerpt":{"rendered":"<h2 data-section-id=\"j4w4b4\" data-start=\"887\" data-end=\"913\"><span role=\"text\"><strong data-start=\"890\" data-end=\"913\">RAJOITETTU TUOTANTO<\/strong><\/span><\/h2>\n<p data-start=\"915\" data-end=\"1025\">Vain 300 kappaletta valmistetaan. Ei uudelleent\u00e4ydennyksi\u00e4. Ei toista droppia. Kun se on loppu, se on loppu.<\/p>\n<p data-start=\"1027\" data-end=\"1234\">Jokainen tuote valmistetaan tilauksesta. Valmistamme vain sen, mink\u00e4 myymme \u2013 ei varastotuotantoa eik\u00e4 ylituotantoa.<br data-start=\"1143\" data-end=\"1146\" \/>Valmistusaika: jopa 14 p\u00e4iv\u00e4\u00e4. Valmistettu vastuullisesti. Valmistettu tarkoituksella.<\/p>\n","protected":false},"featured_media":140149,"template":"","meta":[],"product_brand":[],"product_cat":[217,222,216,223,225,288],"product_tag":[],"class_list":{"0":"post-140261","1":"product","2":"type-product","3":"status-publish","4":"has-post-thumbnail","6":"product_cat-kaikki-tuotteet","7":"product_cat-miehet","8":"product_cat-naiset","9":"product_cat-t-paidat-topit","10":"product_cat-t-paidat-polo-hihattomat","11":"product_cat-uudet-tuotteet","13":"first","14":"instock","15":"taxable","16":"shipping-taxable","17":"purchasable","18":"product-type-variable"},"_links":{"self":[{"href":"https:\/\/piradosbrand.com\/fi\/wp-json\/wp\/v2\/product\/140261","targetHints":{"allow":["GET"]}}],"collection":[{"href":"https:\/\/piradosbrand.com\/fi\/wp-json\/wp\/v2\/product"}],"about":[{"href":"https:\/\/piradosbrand.com\/fi\/wp-json\/wp\/v2\/types\/product"}],"wp:featuredmedia":[{"embeddable":true,"href":"https:\/\/piradosbrand.com\/fi\/wp-json\/wp\/v2\/media\/140149"}],"wp:attachment":[{"href":"https:\/\/piradosbrand.com\/fi\/wp-json\/wp\/v2\/media?parent=140261"}],"wp:term":[{"taxonomy":"product_brand","embeddable":true,"href":"https:\/\/piradosbrand.com\/fi\/wp-json\/wp\/v2\/product_brand?post=140261"},{"taxonomy":"product_cat","embeddable":true,"href":"https:\/\/piradosbrand.com\/fi\/wp-json\/wp\/v2\/product_cat?post=140261"},{"taxonomy":"product_tag","embeddable":true,"href":"https:\/\/piradosbrand.com\/fi\/wp-json\/wp\/v2\/product_tag?post=140261"}],"curies":[{"name":"wp","href":"https:\/\/api.w.org\/{rel}","templated":true}]}}