{"id":77775,"date":"2023-12-10T14:05:16","date_gmt":"2021-07-17T07:34:16","guid":{"rendered":"https:\/\/piradosbrand.com\/product\/ennakkomyynti-naisten-sport-hot-pants-pirados-tm-musta-valkoinen\/"},"modified":"2026-02-13T18:04:15","modified_gmt":"2026-02-13T16:04:15","slug":"ladies-hot-pants-pirados-tm-musta-valkoinen","status":"publish","type":"product","link":"https:\/\/piradosbrand.com\/fi\/tuote\/ladies-hot-pants-pirados-tm-musta-valkoinen\/","title":{"rendered":"Ladies Hot Pants &#8221;Pirados TM&#8221; Musta \/ Valkoinen"},"content":{"rendered":"","protected":false},"excerpt":{"rendered":"<p data-start=\"1516\" data-end=\"1607\">Selke\u00e4 leikkaus. Itsevarma istuvuus. Korostaa muotoa s\u00e4ilytt\u00e4en mukavuuden ja liikkuvuuden.<\/p>\n<p data-start=\"1609\" data-end=\"1784\">Valmistettu laadukkaasta French terry -kankaasta, johon on lis\u00e4tty elastaania paremman joustavuuden takaamiseksi. Sile\u00e4 ulkopinta, silmukkarakenne sis\u00e4puolella imee kosteutta.<\/p>\n<p data-start=\"1786\" data-end=\"1898\">Tuotteet ovat edustuskaupan varastossa ja valmiina toimitettavaksi.<br data-start=\"1853\" data-end=\"1856\" \/>L\u00e4het\u00e4mme tilaukset 2 arkip\u00e4iv\u00e4n kuluessa.<\/p>\n<p data-start=\"1900\" data-end=\"2041\">Valmistettu tarkalleen 300 kappaletta maailmanlaajuisesti.<br data-start=\"1958\" data-end=\"1961\" \/>Ei t\u00e4ydennyksi\u00e4. Ei uutta er\u00e4\u00e4.<br data-start=\"1992\" data-end=\"1995\" \/>Jos kokosi on loppu, se on lopullisesti loppu.<\/p>\n<p data-start=\"2043\" data-end=\"2123\">Musta: 95 % kammattu puuvilla \/ 5 % elastaani<br data-start=\"2088\" data-end=\"2091\" \/>Paino: 270 g\/m\u00b2<br data-start=\"2106\" data-end=\"2109\" \/>French terry<\/p>\n<p data-start=\"2125\" data-end=\"2147\" data-is-last-node=\"\" data-is-only-node=\"\">TARKISTA KOKOTAULUKKO.<\/p>\n<p><img loading=\"lazy\" decoding=\"async\" class=\"alignnone size-full wp-image-105304\" src=\"https:\/\/piradosbrand.com\/wp-content\/uploads\/2021\/07\/000791_Hot_Pants.png\" alt=\"\" width=\"908\" height=\"188\" srcset=\"https:\/\/piradosbrand.com\/wp-content\/uploads\/2021\/07\/000791_Hot_Pants.png 908w, https:\/\/piradosbrand.com\/wp-content\/uploads\/2021\/07\/000791_Hot_Pants-300x62.png 300w, https:\/\/piradosbrand.com\/wp-content\/uploads\/2021\/07\/000791_Hot_Pants-768x159.png 768w, https:\/\/piradosbrand.com\/wp-content\/uploads\/2021\/07\/000791_Hot_Pants-480x99.png 480w\" sizes=\"auto, (max-width: 908px) 100vw, 908px\" \/><\/p>\n","protected":false},"featured_media":134796,"template":"","meta":[],"product_brand":[],"product_cat":[247,217,216,224],"product_tag":[505,169,172,504],"class_list":{"0":"post-77775","1":"product","2":"type-product","3":"status-publish","4":"has-post-thumbnail","6":"product_cat-ale-fi","7":"product_cat-kaikki-tuotteet","8":"product_cat-naiset","9":"product_cat-shortsit","10":"product_tag-joggers-fi","11":"product_tag-long-pants-fi","12":"product_tag-shorts-fi","13":"product_tag-sweatpants-fi","15":"first","16":"instock","17":"taxable","18":"shipping-taxable","19":"purchasable","20":"product-type-variable"},"_links":{"self":[{"href":"https:\/\/piradosbrand.com\/fi\/wp-json\/wp\/v2\/product\/77775","targetHints":{"allow":["GET"]}}],"collection":[{"href":"https:\/\/piradosbrand.com\/fi\/wp-json\/wp\/v2\/product"}],"about":[{"href":"https:\/\/piradosbrand.com\/fi\/wp-json\/wp\/v2\/types\/product"}],"wp:featuredmedia":[{"embeddable":true,"href":"https:\/\/piradosbrand.com\/fi\/wp-json\/wp\/v2\/media\/134796"}],"wp:attachment":[{"href":"https:\/\/piradosbrand.com\/fi\/wp-json\/wp\/v2\/media?parent=77775"}],"wp:term":[{"taxonomy":"product_brand","embeddable":true,"href":"https:\/\/piradosbrand.com\/fi\/wp-json\/wp\/v2\/product_brand?post=77775"},{"taxonomy":"product_cat","embeddable":true,"href":"https:\/\/piradosbrand.com\/fi\/wp-json\/wp\/v2\/product_cat?post=77775"},{"taxonomy":"product_tag","embeddable":true,"href":"https:\/\/piradosbrand.com\/fi\/wp-json\/wp\/v2\/product_tag?post=77775"}],"curies":[{"name":"wp","href":"https:\/\/api.w.org\/{rel}","templated":true}]}}