{"id":77846,"date":"2025-05-15T09:01:14","date_gmt":"2021-07-15T07:11:14","guid":{"rendered":"https:\/\/piradosbrand.com\/product\/uusi-tyyli-t-paita-no-face-no-case-2-0-valkoinen\/"},"modified":"2026-03-07T06:31:39","modified_gmt":"2026-03-07T04:31:39","slug":"uusi-tyyli-t-paita-no-face-no-case-2-0-valkoinen","status":"publish","type":"product","link":"https:\/\/piradosbrand.com\/fi\/tuote\/uusi-tyyli-t-paita-no-face-no-case-2-0-valkoinen\/","title":{"rendered":"New Style T-PAITA &#8221;No Face No Case 2.0&#8221; Valkoinen"},"content":{"rendered":"","protected":false},"excerpt":{"rendered":"<p data-start=\"649\" data-end=\"819\">\u201cNo Face No Case 2.0\u201d on selke\u00e4linjainen statement-T-paita p\u00e4ivitt\u00e4iseen k\u00e4ytt\u00f6\u00f6n. Mukava, joustava ja muotonsa s\u00e4ilytt\u00e4v\u00e4 kangas sopii kadulle, salille tai vapaa-aikaan.<\/p>\n<p data-start=\"821\" data-end=\"864\">Yksinkertainen. Rohkea. Huomiota her\u00e4tt\u00e4v\u00e4.<\/p>\n<p data-start=\"866\" data-end=\"980\">Tuote on edustuskaupan varastossa ja valmis toimitettavaksi.<br data-start=\"926\" data-end=\"929\" \/>L\u00e4het\u00e4mme tilaukset enint\u00e4\u00e4n 2 arkip\u00e4iv\u00e4n kuluessa.<\/p>\n<p data-start=\"982\" data-end=\"1094\">Maailmanlaajuisesti valmistettu vain 1000 kappaletta.<br data-start=\"1035\" data-end=\"1038\" \/>Jos kokosi on loppu, tuote on lopullisesti loppuunmyyty.<\/p>\n<p data-start=\"1096\" data-end=\"1175\" data-is-last-node=\"\" data-is-only-node=\"\">Laatu: 92 % kammattu puuvilla \/ 8 % elastaani<br data-start=\"1141\" data-end=\"1144\" \/>Paino: 170 g\/m\u00b2<br data-start=\"1159\" data-end=\"1162\" \/>Single jersey<\/p>\n","protected":false},"featured_media":134767,"template":"","meta":[],"product_brand":[],"product_cat":[217,222,216,223,225,288],"product_tag":[1511,1508,1510,1509,1507,508,177,1512,507,1525],"class_list":{"0":"post-77846","1":"product","2":"type-product","3":"status-publish","4":"has-post-thumbnail","6":"product_cat-kaikki-tuotteet","7":"product_cat-miehet","8":"product_cat-naiset","9":"product_cat-t-paidat-topit","10":"product_cat-t-paidat-polo-hihattomat","11":"product_cat-uudet-tuotteet","12":"product_tag-hip-hop-tee-fi","13":"product_tag-logo-t-sark-fi","14":"product_tag-must-t-sark-fi","15":"product_tag-oversized-t-shirt-fi","16":"product_tag-streetwear-t-sark-fi","17":"product_tag-t-sark-fi","18":"product_tag-t-shirt-fi","19":"product_tag-tattoo-shirt-fi","20":"product_tag-tee-fi","21":"product_tag-urban-style-tee-fi","23":"first","24":"instock","25":"taxable","26":"shipping-taxable","27":"purchasable","28":"product-type-variable"},"_links":{"self":[{"href":"https:\/\/piradosbrand.com\/fi\/wp-json\/wp\/v2\/product\/77846","targetHints":{"allow":["GET"]}}],"collection":[{"href":"https:\/\/piradosbrand.com\/fi\/wp-json\/wp\/v2\/product"}],"about":[{"href":"https:\/\/piradosbrand.com\/fi\/wp-json\/wp\/v2\/types\/product"}],"wp:featuredmedia":[{"embeddable":true,"href":"https:\/\/piradosbrand.com\/fi\/wp-json\/wp\/v2\/media\/134767"}],"wp:attachment":[{"href":"https:\/\/piradosbrand.com\/fi\/wp-json\/wp\/v2\/media?parent=77846"}],"wp:term":[{"taxonomy":"product_brand","embeddable":true,"href":"https:\/\/piradosbrand.com\/fi\/wp-json\/wp\/v2\/product_brand?post=77846"},{"taxonomy":"product_cat","embeddable":true,"href":"https:\/\/piradosbrand.com\/fi\/wp-json\/wp\/v2\/product_cat?post=77846"},{"taxonomy":"product_tag","embeddable":true,"href":"https:\/\/piradosbrand.com\/fi\/wp-json\/wp\/v2\/product_tag?post=77846"}],"curies":[{"name":"wp","href":"https:\/\/api.w.org\/{rel}","templated":true}]}}