{"id":78356,"date":"2021-11-10T10:07:09","date_gmt":"2021-07-12T07:07:09","guid":{"rendered":"https:\/\/piradosbrand.com\/product\/miesten-urheilupaita-pirados-x-estonia-musta\/"},"modified":"2026-02-15T15:42:20","modified_gmt":"2026-02-15T13:42:20","slug":"pirados-x-estonia-slim-collegepaita-musta","status":"publish","type":"product","link":"https:\/\/piradosbrand.com\/fi\/tuote\/pirados-x-estonia-slim-collegepaita-musta\/","title":{"rendered":"&#8221;PIRADOS x ESTONIA&#8221; -SLIM COLLEGEPAITA, MUSTA"},"content":{"rendered":"<p data-start=\"19\" data-end=\"89\">Musta: 92% puuvilla \/ 8% elastaania<br data-start=\"54\" data-end=\"57\" \/>Paino: 320 g\/m\u00b2<br data-start=\"72\" data-end=\"75\" \/>French terry<\/p>\n<p data-start=\"91\" data-end=\"354\">French terry on laadukas puuvillakangas, jota k\u00e4ytet\u00e4\u00e4n urheiluvaatteissa. Kankaan nurjalla puolella olevat lenkit auttavat imem\u00e4\u00e4n kosteutta, kun taas ulkopinta on sile\u00e4 ja siisti. Elastaanin lis\u00e4\u00e4minen tekee kankaasta joustavamman ja parantaa liikkumisvapautta.<\/p>\n","protected":false},"excerpt":{"rendered":"<p>Tuote on varastossa lippulaivamyym\u00e4l\u00e4ss\u00e4mme ja valmis toimitettavaksi. <strong>Tilaukset l\u00e4hetet\u00e4\u00e4n enint\u00e4\u00e4n 2 arkip\u00e4iv\u00e4n kuluessa.<\/strong><\/p>\n","protected":false},"featured_media":73157,"template":"","meta":[],"product_brand":[],"product_cat":[220,221,217,222,216,288],"product_tag":[462,461,165,176],"class_list":{"0":"post-78356","1":"product","2":"type-product","3":"status-publish","4":"has-post-thumbnail","6":"product_cat-hupparit-collegepaidat","7":"product_cat-hupparit-collegepaidat-fi","8":"product_cat-kaikki-tuotteet","9":"product_cat-miehet","10":"product_cat-naiset","11":"product_cat-uudet-tuotteet","12":"product_tag-eesti-fi","13":"product_tag-estonia-fi","14":"product_tag-hoodie-fi","15":"product_tag-sweatshirt-fi","17":"first","18":"instock","19":"taxable","20":"shipping-taxable","21":"purchasable","22":"product-type-variable"},"_links":{"self":[{"href":"https:\/\/piradosbrand.com\/fi\/wp-json\/wp\/v2\/product\/78356","targetHints":{"allow":["GET"]}}],"collection":[{"href":"https:\/\/piradosbrand.com\/fi\/wp-json\/wp\/v2\/product"}],"about":[{"href":"https:\/\/piradosbrand.com\/fi\/wp-json\/wp\/v2\/types\/product"}],"wp:featuredmedia":[{"embeddable":true,"href":"https:\/\/piradosbrand.com\/fi\/wp-json\/wp\/v2\/media\/73157"}],"wp:attachment":[{"href":"https:\/\/piradosbrand.com\/fi\/wp-json\/wp\/v2\/media?parent=78356"}],"wp:term":[{"taxonomy":"product_brand","embeddable":true,"href":"https:\/\/piradosbrand.com\/fi\/wp-json\/wp\/v2\/product_brand?post=78356"},{"taxonomy":"product_cat","embeddable":true,"href":"https:\/\/piradosbrand.com\/fi\/wp-json\/wp\/v2\/product_cat?post=78356"},{"taxonomy":"product_tag","embeddable":true,"href":"https:\/\/piradosbrand.com\/fi\/wp-json\/wp\/v2\/product_tag?post=78356"}],"curies":[{"name":"wp","href":"https:\/\/api.w.org\/{rel}","templated":true}]}}