{"id":79064,"date":"2020-05-01T00:07:41","date_gmt":"2020-04-30T21:07:41","guid":{"rendered":"https:\/\/piradosbrand.com\/product\/naisten-t-paita-valja-sharp-loud-musta\/"},"modified":"2026-02-15T14:01:02","modified_gmt":"2026-02-15T12:01:02","slug":"sharp-loud-t-paita-musta","status":"publish","type":"product","link":"https:\/\/piradosbrand.com\/fi\/tuote\/sharp-loud-t-paita-musta\/","title":{"rendered":"&#8221;SHARP &#038; LOUD&#8221; -T-PAITA, MUSTA"},"content":{"rendered":"<p data-start=\"19\" data-end=\"40\"><strong data-start=\"19\" data-end=\"40\">Tietoa T-paidasta<\/strong><\/p>\n<p data-start=\"42\" data-end=\"178\">\u201cSHARP &amp; LOUD\u201d -T-paita on suunniteltu premium-tason jokap\u00e4iv\u00e4iseksi perustuotteeksi \u2013 selke\u00e4 ilme, j\u00e4m\u00e4kk\u00e4 tuntu ja pitk\u00e4ik\u00e4inen laatu.<\/p>\n<p data-start=\"180\" data-end=\"244\">Pehme\u00e4 ihoa vasten.<br data-start=\"199\" data-end=\"202\" \/>Tuntuva k\u00e4dess\u00e4.<br data-start=\"218\" data-end=\"221\" \/>Tehty kest\u00e4m\u00e4\u00e4n vuosia.<\/p>\n<p data-start=\"246\" data-end=\"300\">T\u00e4ydellinen kaupunkiin, kadulle, salille tai matkalle.<\/p>\n<p data-start=\"302\" data-end=\"326\"><strong data-start=\"302\" data-end=\"326\">Premium-ominaisuudet<\/strong><\/p>\n<p data-start=\"328\" data-end=\"637\">\u2022 190 g\/m\u00b2 raskas single jersey -kangas<br data-start=\"367\" data-end=\"370\" \/>\u2022 100 % kammattu ja entsyymipesty puuvilla<br data-start=\"412\" data-end=\"415\" \/>\u2022 Oeko-Tex -sertifioitu<br data-start=\"438\" data-end=\"441\" \/>\u2022 Vahva lycra-resorikaulus<br data-start=\"467\" data-end=\"470\" \/>\u2022 Niskanauha lis\u00e4\u00e4 kest\u00e4vyytt\u00e4<br data-start=\"500\" data-end=\"503\" \/>\u2022 Kaksoistikkaukset<br data-start=\"522\" data-end=\"525\" \/>\u2022 Sivusaumat paremman rakenteen takaamiseksi<br data-start=\"569\" data-end=\"572\" \/>\u2022 Premium streetwear -istuvuus<br data-start=\"602\" data-end=\"605\" \/>\u2022 Pitk\u00e4ik\u00e4inen laadukas kangas<\/p>\n<p data-start=\"639\" data-end=\"651\"><strong data-start=\"639\" data-end=\"651\">Istuvuus<\/strong><\/p>\n<p data-start=\"653\" data-end=\"735\">Regular \/ relaxed fit<br data-start=\"674\" data-end=\"677\" \/>Vastaa miesten normaalia kokoa<br data-start=\"707\" data-end=\"710\" \/>Oversized-ilme naisille<\/p>\n<p data-start=\"737\" data-end=\"779\">(Jos olet ep\u00e4varma, tarkista kokotaulukko)<\/p>\n<p data-start=\"781\" data-end=\"799\"><strong data-start=\"781\" data-end=\"799\">Rajoitettu er\u00e4<\/strong><\/p>\n<p data-start=\"801\" data-end=\"881\">Vain 1000 kappaletta maailmanlaajuisesti<br data-start=\"841\" data-end=\"844\" \/>Sen j\u00e4lkeen \u2192 suljettu lopullisesti<\/p>\n","protected":false},"excerpt":{"rendered":"<p data-start=\"19\" data-end=\"236\">\u201cSharp &amp; Loud\u201d on selke\u00e4linjainen statement-T-paita, suunniteltu jokap\u00e4iv\u00e4iseen k\u00e4ytt\u00f6\u00f6n. Mukava, joustava ja muotonsa s\u00e4ilytt\u00e4v\u00e4 kangas tekee siit\u00e4 t\u00e4ydellisen valinnan kadulle, salille tai rentoon arkipukeutumiseen.<\/p>\n<p data-start=\"238\" data-end=\"273\">Yksinkertainen. Rohkea. Huomattava.<\/p>\n<p data-start=\"275\" data-end=\"400\">Tuote on varastossa lippulaivamyym\u00e4l\u00e4ss\u00e4mme ja valmis toimitettavaksi.<br data-start=\"345\" data-end=\"348\" \/>Tilaukset l\u00e4hetet\u00e4\u00e4n enint\u00e4\u00e4n 2 arkip\u00e4iv\u00e4n kuluessa.<\/p>\n<p data-start=\"402\" data-end=\"500\">Vain 1000 kappaletta valmistettu maailmanlaajuisesti.<br data-start=\"455\" data-end=\"458\" \/>Jos kokosi on loppu, t\u00e4m\u00e4 tuote on mennyt.<\/p>\n<p><img loading=\"lazy\" decoding=\"async\" class=\"alignnone size-full wp-image-114210\" src=\"https:\/\/piradosbrand.com\/wp-content\/uploads\/2020\/05\/000102_Heavy_Luxe-2.png\" alt=\"\" width=\"1691\" height=\"191\" srcset=\"https:\/\/piradosbrand.com\/wp-content\/uploads\/2020\/05\/000102_Heavy_Luxe-2.png 1691w, https:\/\/piradosbrand.com\/wp-content\/uploads\/2020\/05\/000102_Heavy_Luxe-2-300x34.png 300w, https:\/\/piradosbrand.com\/wp-content\/uploads\/2020\/05\/000102_Heavy_Luxe-2-1024x116.png 1024w, https:\/\/piradosbrand.com\/wp-content\/uploads\/2020\/05\/000102_Heavy_Luxe-2-768x87.png 768w, https:\/\/piradosbrand.com\/wp-content\/uploads\/2020\/05\/000102_Heavy_Luxe-2-1536x173.png 1536w, https:\/\/piradosbrand.com\/wp-content\/uploads\/2020\/05\/000102_Heavy_Luxe-2-480x54.png 480w\" sizes=\"auto, (max-width: 1691px) 100vw, 1691px\" \/><\/p>\n","protected":false},"featured_media":134784,"template":"","meta":[],"product_brand":[],"product_cat":[217,222,216,223,225],"product_tag":[1511,298,1508,1510,1509,482,171,1507,508,177,1512,1525],"class_list":{"0":"post-79064","1":"product","2":"type-product","3":"status-publish","4":"has-post-thumbnail","6":"product_cat-kaikki-tuotteet","7":"product_cat-miehet","8":"product_cat-naiset","9":"product_cat-t-paidat-topit","10":"product_cat-t-paidat-polo-hihattomat","11":"product_tag-hip-hop-tee-fi","12":"product_tag-ladies-fi","13":"product_tag-logo-t-sark-fi","14":"product_tag-must-t-sark-fi","15":"product_tag-oversized-t-shirt-fi","16":"product_tag-pirados-fi","17":"product_tag-shirt-fi","18":"product_tag-streetwear-t-sark-fi","19":"product_tag-t-sark-fi","20":"product_tag-t-shirt-fi","21":"product_tag-tattoo-shirt-fi","22":"product_tag-urban-style-tee-fi","24":"first","25":"instock","26":"taxable","27":"shipping-taxable","28":"purchasable","29":"product-type-variable","30":"has-default-attributes"},"_links":{"self":[{"href":"https:\/\/piradosbrand.com\/fi\/wp-json\/wp\/v2\/product\/79064","targetHints":{"allow":["GET"]}}],"collection":[{"href":"https:\/\/piradosbrand.com\/fi\/wp-json\/wp\/v2\/product"}],"about":[{"href":"https:\/\/piradosbrand.com\/fi\/wp-json\/wp\/v2\/types\/product"}],"wp:featuredmedia":[{"embeddable":true,"href":"https:\/\/piradosbrand.com\/fi\/wp-json\/wp\/v2\/media\/134784"}],"wp:attachment":[{"href":"https:\/\/piradosbrand.com\/fi\/wp-json\/wp\/v2\/media?parent=79064"}],"wp:term":[{"taxonomy":"product_brand","embeddable":true,"href":"https:\/\/piradosbrand.com\/fi\/wp-json\/wp\/v2\/product_brand?post=79064"},{"taxonomy":"product_cat","embeddable":true,"href":"https:\/\/piradosbrand.com\/fi\/wp-json\/wp\/v2\/product_cat?post=79064"},{"taxonomy":"product_tag","embeddable":true,"href":"https:\/\/piradosbrand.com\/fi\/wp-json\/wp\/v2\/product_tag?post=79064"}],"curies":[{"name":"wp","href":"https:\/\/api.w.org\/{rel}","templated":true}]}}