{"id":79399,"date":"2025-11-19T07:57:59","date_gmt":"2019-09-29T07:10:59","guid":{"rendered":"https:\/\/piradosbrand.com\/product\/huppari-vetoketjullinen-pirados-loko-3-0-x-finland-musta\/"},"modified":"2026-02-13T17:07:46","modified_gmt":"2026-02-13T15:07:46","slug":"pirados-loko-3-0-x-finland-tayspitka-vetoketjuhuppari","status":"publish","type":"product","link":"https:\/\/piradosbrand.com\/fi\/tuote\/pirados-loko-3-0-x-finland-tayspitka-vetoketjuhuppari\/","title":{"rendered":"&#8221;PIRADOS LOKO 3.0 x FINLAND&#8221; -T\u00c4YSPITK\u00c4-VETOKETJUHUPPARI"},"content":{"rendered":"<div class=\"min-h-8 text-message relative flex w-full flex-col items-end gap-2 text-start break-words whitespace-normal [.text-message+&amp;]:mt-1\" dir=\"auto\" data-message-author-role=\"assistant\" data-message-id=\"3c605098-0744-4a35-b127-48a312b1d60f\" data-message-model-slug=\"gpt-5-2\">\n<div class=\"flex w-full flex-col gap-1 empty:hidden first:pt-[1px]\">\n<div class=\"markdown prose dark:prose-invert w-full wrap-break-word dark markdown-new-styling\">\n<h2 data-start=\"0\" data-end=\"23\">Premium-ominaisuudet<\/h2>\n<p data-start=\"25\" data-end=\"493\">\u2022 350 g\/m\u00b2 paksu heavyweight-kangas<br data-start=\"60\" data-end=\"63\" \/>\u2022 65 % kammattu puuvilla \/ 35 % polyesteri<br data-start=\"105\" data-end=\"108\" \/>\u2022 Pehme\u00e4 harjattu sis\u00e4pinta<br data-start=\"135\" data-end=\"138\" \/>\u2022 T\u00e4yspitk\u00e4 YKK-vetoketju edess\u00e4<br data-start=\"170\" data-end=\"173\" data-is-only-node=\"\" \/>\u2022 Kaksi etutaskua piilotetuilla YKK-vetoketjuilla (puhelin, rahat ja avaimet pysyv\u00e4t turvassa)<br data-start=\"267\" data-end=\"270\" \/>\u2022 Kaksinkertainen huppu leveill\u00e4, litteill\u00e4 ny\u00f6reill\u00e4<br data-start=\"323\" data-end=\"326\" \/>\u2022 Leve\u00e4t lycra-rib-resorit hihoissa<br data-start=\"361\" data-end=\"364\" \/>\u2022 Vahvistetut kaksoistikkaukset<br data-start=\"395\" data-end=\"398\" \/>\u2022 Sivusaumat paremman rakenteen ja istuvuuden takaamiseksi<br data-start=\"456\" data-end=\"459\" \/>\u2022 Kaikki designit on brodeerattu<\/p>\n<hr data-start=\"495\" data-end=\"498\" \/>\n<h2 data-start=\"500\" data-end=\"511\">Istuvuus<\/h2>\n<p data-start=\"513\" data-end=\"591\">Regular \/ relaxed fit<br data-start=\"534\" data-end=\"537\" \/>Miehille normaali mitoitus<br data-start=\"563\" data-end=\"566\" \/>Naisille oversized-look<\/p>\n<p data-start=\"593\" data-end=\"636\" data-is-last-node=\"\" data-is-only-node=\"\">(Jos olet ep\u00e4varma, tarkista kokotaulukko.)<\/p>\n<\/div>\n<\/div>\n<\/div>\n","protected":false},"excerpt":{"rendered":"<h2 data-start=\"0\" data-end=\"17\">Rajoitettu er\u00e4<\/h2>\n<p data-start=\"19\" data-end=\"94\">Vain 300 kappaletta maailmanlaajuisesti.<br data-start=\"59\" data-end=\"62\" \/>Ei t\u00e4ydennyksi\u00e4. Ei toista er\u00e4\u00e4.<\/p>\n<p data-start=\"96\" data-end=\"210\">Tuote on edustuskaupan varastossa ja valmis toimitettavaksi.<br data-start=\"156\" data-end=\"159\" \/>L\u00e4het\u00e4mme tilaukset enint\u00e4\u00e4n 2 arkip\u00e4iv\u00e4n kuluessa.<\/p>\n<p data-start=\"212\" data-end=\"265\">Jos kokosi on loppu, tuote on pysyv\u00e4sti loppuunmyyty.<\/p>\n<hr data-start=\"267\" data-end=\"270\" \/>\n<p data-start=\"272\" data-end=\"537\">T\u00e4yspitk\u00e4-vetoketjuhuppari &#8221;Pirados LOKO 3.0 x Finland&#8221; on laadukas heavyweight-tuote, valmistettu kest\u00e4v\u00e4st\u00e4 kankaasta, jonka sis\u00e4pinta on kevyesti harjattu lis\u00e4mukavuuden takaamiseksi. Suunniteltu kest\u00e4m\u00e4\u00e4n p\u00e4ivitt\u00e4ist\u00e4 k\u00e4ytt\u00f6\u00e4 s\u00e4ilytt\u00e4en rakenteen ja istuvuuden.<\/p>\n<p data-start=\"539\" data-end=\"597\">Pehme\u00e4 sis\u00e4lt\u00e4.<br data-start=\"554\" data-end=\"557\" \/>J\u00e4m\u00e4kk\u00e4 ulkoa.<br data-start=\"571\" data-end=\"574\" \/>Tehty kest\u00e4m\u00e4\u00e4n vuosia.<\/p>\n<p data-start=\"599\" data-end=\"678\" data-is-last-node=\"\" data-is-only-node=\"\">Suunniteltu p\u00e4ivitt\u00e4iseen k\u00e4ytt\u00f6\u00f6n \u2014 kaupunkiin, kadulle, salille tai matkalle.<\/p>\n","protected":false},"featured_media":49874,"template":"","meta":[],"product_brand":[],"product_cat":[221,220,217,222,216],"product_tag":[165,1532,1533,176],"class_list":{"0":"post-79399","1":"product","2":"type-product","3":"status-publish","4":"has-post-thumbnail","6":"product_cat-hupparit-collegepaidat-fi","7":"product_cat-hupparit-collegepaidat","8":"product_cat-kaikki-tuotteet","9":"product_cat-miehet","10":"product_cat-naiset","11":"product_tag-hoodie-fi","12":"product_tag-suomi-fi","13":"product_tag-suomi-fi-2","14":"product_tag-sweatshirt-fi","16":"first","17":"instock","18":"taxable","19":"shipping-taxable","20":"purchasable","21":"product-type-variable"},"_links":{"self":[{"href":"https:\/\/piradosbrand.com\/fi\/wp-json\/wp\/v2\/product\/79399","targetHints":{"allow":["GET"]}}],"collection":[{"href":"https:\/\/piradosbrand.com\/fi\/wp-json\/wp\/v2\/product"}],"about":[{"href":"https:\/\/piradosbrand.com\/fi\/wp-json\/wp\/v2\/types\/product"}],"wp:featuredmedia":[{"embeddable":true,"href":"https:\/\/piradosbrand.com\/fi\/wp-json\/wp\/v2\/media\/49874"}],"wp:attachment":[{"href":"https:\/\/piradosbrand.com\/fi\/wp-json\/wp\/v2\/media?parent=79399"}],"wp:term":[{"taxonomy":"product_brand","embeddable":true,"href":"https:\/\/piradosbrand.com\/fi\/wp-json\/wp\/v2\/product_brand?post=79399"},{"taxonomy":"product_cat","embeddable":true,"href":"https:\/\/piradosbrand.com\/fi\/wp-json\/wp\/v2\/product_cat?post=79399"},{"taxonomy":"product_tag","embeddable":true,"href":"https:\/\/piradosbrand.com\/fi\/wp-json\/wp\/v2\/product_tag?post=79399"}],"curies":[{"name":"wp","href":"https:\/\/api.w.org\/{rel}","templated":true}]}}