{"id":79429,"date":"2019-09-29T09:43:20","date_gmt":"2019-09-29T06:43:20","guid":{"rendered":"https:\/\/piradosbrand.com\/product\/huppari-pirados-tm-3-0-sininen\/"},"modified":"2026-02-20T12:18:58","modified_gmt":"2026-02-20T10:18:58","slug":"pirados-tm-3-0-huppari-kuninkaallinen-sininen","status":"publish","type":"product","link":"https:\/\/piradosbrand.com\/fi\/tuote\/pirados-tm-3-0-huppari-kuninkaallinen-sininen\/","title":{"rendered":"Pirados TM 3.0 -huppari, kuninkaallinen sininen"},"content":{"rendered":"","protected":false},"excerpt":{"rendered":"<p data-start=\"715\" data-end=\"1016\">Huppari \u201cPirados TM 3.0\u201d on bestseller \u2013 parhaista paras. Miellytt\u00e4v\u00e4n pehme\u00e4 ja kest\u00e4v\u00e4st\u00e4 puuvillasekoitteesta valmistettu huppari. Tuotteessa on suuri etutasku kahdella piilotetulla lukituksella, jotta rahat, puhelin ja avaimet pysyv\u00e4t turvassa. Kaksinkertaisessa hupussa on leve\u00e4t, litte\u00e4t ny\u00f6rit.<\/p>\n<p data-start=\"1018\" data-end=\"1118\">Maailmassa on vain 300 kappaletta.<br data-start=\"1052\" data-end=\"1055\" \/>Jos sopiva kokosi on loppu, tuote on lopullisesti loppuunmyyty.<\/p>\n<p data-start=\"1120\" data-end=\"1279\">Materiaali: 65 % puuvilla \/ 35 % polyesteri<br data-start=\"1163\" data-end=\"1166\" \/>Paino: 350 g\/m\u00b2<br data-start=\"1181\" data-end=\"1184\" \/>Kengurutaskussa piilotetut \u201dYKK\u201d-vetoketjut<br data-start=\"1227\" data-end=\"1230\" \/>Designit on brodeerattu<br data-start=\"1253\" data-end=\"1256\" \/>Kaksinkertainen huppu<\/p>\n<p data-start=\"1281\" data-end=\"1303\" data-is-last-node=\"\" data-is-only-node=\"\">TARKISTA KOKOTAULUKKO!<br \/>\n<img loading=\"lazy\" decoding=\"async\" class=\"alignnone size-full wp-image-105406\" src=\"https:\/\/piradosbrand.com\/wp-content\/uploads\/2022\/06\/000718_Hooded_Sweat.png\" alt=\"\" width=\"2146\" height=\"191\" srcset=\"https:\/\/piradosbrand.com\/wp-content\/uploads\/2022\/06\/000718_Hooded_Sweat.png 2146w, https:\/\/piradosbrand.com\/wp-content\/uploads\/2022\/06\/000718_Hooded_Sweat-300x27.png 300w, https:\/\/piradosbrand.com\/wp-content\/uploads\/2022\/06\/000718_Hooded_Sweat-1024x91.png 1024w, https:\/\/piradosbrand.com\/wp-content\/uploads\/2022\/06\/000718_Hooded_Sweat-768x68.png 768w, https:\/\/piradosbrand.com\/wp-content\/uploads\/2022\/06\/000718_Hooded_Sweat-1536x137.png 1536w, https:\/\/piradosbrand.com\/wp-content\/uploads\/2022\/06\/000718_Hooded_Sweat-2048x182.png 2048w, https:\/\/piradosbrand.com\/wp-content\/uploads\/2022\/06\/000718_Hooded_Sweat-480x43.png 480w\" sizes=\"auto, (max-width: 2146px) 100vw, 2146px\" \/><\/p>\n","protected":false},"featured_media":50965,"template":"","meta":[],"product_brand":[],"product_cat":[220,221,217,222,216],"product_tag":[165,176],"class_list":{"0":"post-79429","1":"product","2":"type-product","3":"status-publish","4":"has-post-thumbnail","6":"product_cat-hupparit-collegepaidat","7":"product_cat-hupparit-collegepaidat-fi","8":"product_cat-kaikki-tuotteet","9":"product_cat-miehet","10":"product_cat-naiset","11":"product_tag-hoodie-fi","12":"product_tag-sweatshirt-fi","14":"first","15":"instock","16":"taxable","17":"shipping-taxable","18":"purchasable","19":"product-type-variable"},"_links":{"self":[{"href":"https:\/\/piradosbrand.com\/fi\/wp-json\/wp\/v2\/product\/79429","targetHints":{"allow":["GET"]}}],"collection":[{"href":"https:\/\/piradosbrand.com\/fi\/wp-json\/wp\/v2\/product"}],"about":[{"href":"https:\/\/piradosbrand.com\/fi\/wp-json\/wp\/v2\/types\/product"}],"wp:featuredmedia":[{"embeddable":true,"href":"https:\/\/piradosbrand.com\/fi\/wp-json\/wp\/v2\/media\/50965"}],"wp:attachment":[{"href":"https:\/\/piradosbrand.com\/fi\/wp-json\/wp\/v2\/media?parent=79429"}],"wp:term":[{"taxonomy":"product_brand","embeddable":true,"href":"https:\/\/piradosbrand.com\/fi\/wp-json\/wp\/v2\/product_brand?post=79429"},{"taxonomy":"product_cat","embeddable":true,"href":"https:\/\/piradosbrand.com\/fi\/wp-json\/wp\/v2\/product_cat?post=79429"},{"taxonomy":"product_tag","embeddable":true,"href":"https:\/\/piradosbrand.com\/fi\/wp-json\/wp\/v2\/product_tag?post=79429"}],"curies":[{"name":"wp","href":"https:\/\/api.w.org\/{rel}","templated":true}]}}