{"id":79681,"date":"2020-05-01T00:02:11","date_gmt":"2020-04-30T21:02:11","guid":{"rendered":"https:\/\/piradosbrand.com\/product\/t-paita-block-script-musta\/"},"modified":"2026-02-15T15:03:11","modified_gmt":"2026-02-15T13:03:11","slug":"block-script-t-paita-musta","status":"publish","type":"product","link":"https:\/\/piradosbrand.com\/fi\/tuote\/block-script-t-paita-musta\/","title":{"rendered":"\u201cBLOCK SCRIPT\u201d -T-PAITA, MUSTA"},"content":{"rendered":"<p data-start=\"23\" data-end=\"162\">\u201cBLOCK SCRIPT\u201d T-paita on suunniteltu premium-tason jokap\u00e4iv\u00e4iseksi perustuotteeksi \u2013 selke\u00e4 ilme, j\u00e4m\u00e4kk\u00e4 tuntu ja pitk\u00e4ik\u00e4inen laatu.<\/p>\n<p data-start=\"164\" data-end=\"228\">Pehme\u00e4 ihoa vasten.<br data-start=\"183\" data-end=\"186\" \/>Tuntuva k\u00e4dess\u00e4.<br data-start=\"202\" data-end=\"205\" \/>Tehty kest\u00e4m\u00e4\u00e4n vuosia.<\/p>\n<p data-start=\"230\" data-end=\"284\">T\u00e4ydellinen kaupunkiin, kadulle, salille tai matkalle.<\/p>\n<p data-start=\"286\" data-end=\"310\"><strong data-start=\"286\" data-end=\"310\">Premium-ominaisuudet<\/strong><\/p>\n<p data-start=\"312\" data-end=\"621\">\u2022 190 g\/m\u00b2 raskas single jersey -kangas<br data-start=\"351\" data-end=\"354\" \/>\u2022 100 % kammattu ja entsyymipesty puuvilla<br data-start=\"396\" data-end=\"399\" \/>\u2022 Oeko-Tex -sertifioitu<br data-start=\"422\" data-end=\"425\" \/>\u2022 Vahva lycra-resorikaulus<br data-start=\"451\" data-end=\"454\" \/>\u2022 Niskanauha lis\u00e4\u00e4 kest\u00e4vyytt\u00e4<br data-start=\"484\" data-end=\"487\" \/>\u2022 Kaksoistikkaukset<br data-start=\"506\" data-end=\"509\" \/>\u2022 Sivusaumat paremman rakenteen takaamiseksi<br data-start=\"553\" data-end=\"556\" \/>\u2022 Premium streetwear -istuvuus<br data-start=\"586\" data-end=\"589\" \/>\u2022 Pitk\u00e4ik\u00e4inen laadukas kangas<\/p>\n<p data-start=\"623\" data-end=\"635\"><strong data-start=\"623\" data-end=\"635\">Istuvuus<\/strong><\/p>\n<p data-start=\"637\" data-end=\"719\">Regular \/ relaxed fit<br data-start=\"658\" data-end=\"661\" \/>Vastaa miesten normaalia kokoa<br data-start=\"691\" data-end=\"694\" \/>Oversized-ilme naisille<\/p>\n<p data-start=\"721\" data-end=\"763\">(Jos olet ep\u00e4varma, tarkista kokotaulukko)<\/p>\n<p data-start=\"765\" data-end=\"783\"><strong data-start=\"765\" data-end=\"783\">Rajoitettu er\u00e4<\/strong><\/p>\n<p data-start=\"785\" data-end=\"863\" data-is-last-node=\"\" data-is-only-node=\"\">Vain 1000 kappaletta maailmanlaajuisesti<br data-start=\"825\" data-end=\"828\" \/>Sen j\u00e4lkeen \u2192 suljettu lopullisesti<\/p>\n","protected":false},"excerpt":{"rendered":"<p data-start=\"0\" data-end=\"227\"><strong data-start=\"0\" data-end=\"24\">\u201cBLOCK SCRIPT\u201d<\/strong>\u00a0on selke\u00e4linjainen statement-T-paita, suunniteltu jokap\u00e4iv\u00e4iseen k\u00e4ytt\u00f6\u00f6n. Mukava, joustava ja muotonsa s\u00e4ilytt\u00e4v\u00e4 kangas tekee siit\u00e4 t\u00e4ydellisen valinnan kadulle, salille tai rentoon arkipukeutumiseen.<\/p>\n<p data-start=\"229\" data-end=\"264\">Yksinkertainen. Rohkea. Huomattava.<\/p>\n<p data-start=\"266\" data-end=\"391\">Tuote on varastossa lippulaivamyym\u00e4l\u00e4ss\u00e4mme ja valmis toimitettavaksi.<br data-start=\"336\" data-end=\"339\" \/>Tilaukset l\u00e4hetet\u00e4\u00e4n enint\u00e4\u00e4n 2 arkip\u00e4iv\u00e4n kuluessa.<\/p>\n<p data-start=\"393\" data-end=\"491\" data-is-last-node=\"\" data-is-only-node=\"\">Vain 1000 kappaletta valmistettu maailmanlaajuisesti.<br data-start=\"446\" data-end=\"449\" \/>Jos kokosi on loppu, t\u00e4m\u00e4 tuote on mennyt.<\/p>\n<p><img decoding=\"async\" src=\"https:\/\/piradosbrand.com\/wp-content\/uploads\/2024\/02\/000102_Heavy_Luxe.png\" \/><\/p>\n","protected":false},"featured_media":134749,"template":"","meta":[],"product_brand":[],"product_cat":[217,222,225],"product_tag":[470,1511,1508,1510,1509,171,1507,508,177,1512,1525],"class_list":{"0":"post-79681","1":"product","2":"type-product","3":"status-publish","4":"has-post-thumbnail","6":"product_cat-kaikki-tuotteet","7":"product_cat-miehet","8":"product_cat-t-paidat-polo-hihattomat","9":"product_tag-block-script-fi","10":"product_tag-hip-hop-tee-fi","11":"product_tag-logo-t-sark-fi","12":"product_tag-must-t-sark-fi","13":"product_tag-oversized-t-shirt-fi","14":"product_tag-shirt-fi","15":"product_tag-streetwear-t-sark-fi","16":"product_tag-t-sark-fi","17":"product_tag-t-shirt-fi","18":"product_tag-tattoo-shirt-fi","19":"product_tag-urban-style-tee-fi","21":"first","22":"instock","23":"taxable","24":"shipping-taxable","25":"purchasable","26":"product-type-variable"},"_links":{"self":[{"href":"https:\/\/piradosbrand.com\/fi\/wp-json\/wp\/v2\/product\/79681","targetHints":{"allow":["GET"]}}],"collection":[{"href":"https:\/\/piradosbrand.com\/fi\/wp-json\/wp\/v2\/product"}],"about":[{"href":"https:\/\/piradosbrand.com\/fi\/wp-json\/wp\/v2\/types\/product"}],"wp:featuredmedia":[{"embeddable":true,"href":"https:\/\/piradosbrand.com\/fi\/wp-json\/wp\/v2\/media\/134749"}],"wp:attachment":[{"href":"https:\/\/piradosbrand.com\/fi\/wp-json\/wp\/v2\/media?parent=79681"}],"wp:term":[{"taxonomy":"product_brand","embeddable":true,"href":"https:\/\/piradosbrand.com\/fi\/wp-json\/wp\/v2\/product_brand?post=79681"},{"taxonomy":"product_cat","embeddable":true,"href":"https:\/\/piradosbrand.com\/fi\/wp-json\/wp\/v2\/product_cat?post=79681"},{"taxonomy":"product_tag","embeddable":true,"href":"https:\/\/piradosbrand.com\/fi\/wp-json\/wp\/v2\/product_tag?post=79681"}],"curies":[{"name":"wp","href":"https:\/\/api.w.org\/{rel}","templated":true}]}}